{"id":4757,"date":"2020-02-26T13:31:23","date_gmt":"2020-02-26T12:31:23","guid":{"rendered":"https:\/\/www.crome.fr\/osteo-bebe-montpellier\/?page_id=4757"},"modified":"2024-02-01T16:21:42","modified_gmt":"2024-02-01T14:21:42","slug":"monparcours","status":"publish","type":"page","link":"https:\/\/www.crome.fr\/osteo-bebe-montpellier\/monparcours\/","title":{"rendered":"Mon parcours"},"content":{"rendered":"<p>[vc_row][vc_column][vc_column_text]<\/p>\r\n\r\n<h2 class=\"wp-block-heading\">Ost\u00e9opathie Montpellier : b\u00e9b\u00e9, enfant, femme enceinte, PMA<\/h2>\r\n<p>[\/vc_column_text][\/vc_column][\/vc_row][vc_row][vc_column][rev_slider_vc alias=\u00a0\u00bboriginal-home\u00a0\u00bb][vc_empty_space][\/vc_column][\/vc_row][vc_row content_width=\u00a0\u00bbgrid\u00a0\u00bb css=\u00a0\u00bb.vc_custom_1581537559181{padding-top: 100px !important;padding-bottom: 100px !important;background-color: #ececec !important;}\u00a0\u00bb][vc_column css=\u00a0\u00bb.vc_custom_1472151566550{margin-bottom: 20px !important;}\u00a0\u00bb]<div class=\"mkdf-section-title-holder\">\n\t<h2 class=\"mkdf-section-title\" style=\"text-align: center\">\n\tMon parcours<\/h2>\n<\/div>[\/vc_column][\/vc_row][vc_row][vc_column][vc_empty_space][vc_single_image image=\u00a0\u00bb4845&Prime; img_size=\u00a0\u00bb200&#215;200&Prime; alignment=\u00a0\u00bbcenter\u00a0\u00bb style=\u00a0\u00bbvc_box_circle_2&Prime;][vc_column_text]<\/p>\r\n<h3 style=\"text-align: center;\">Nathalie GASO<\/h3>\r\n<p style=\"text-align: center;\"><a href=\"mailto:nathalie.gaso@live.fr\">nathalie.gaso@live.fr<\/a><\/p>\r\n<h5 style=\"text-align: center;\"><span style=\"color: #808080;\">P\u00e9diatrie &amp; PMA<\/span><\/h5>\r\n<p>[\/vc_column_text][vc_column_text css=\u00a0\u00bb.vc_custom_1587974378980{margin-top: 20px !important;}\u00a0\u00bb]<\/p>\r\n<ul>\r\n<li style=\"text-align: center;\">Ost\u00e9opathe DO, cursus 6 ans.<\/li>\r\n<li style=\"text-align: center;\">Formation post-gradu\u00e9e en ost\u00e9opathie p\u00e9diatrique et p\u00e9rinatalit\u00e9 \u00e0 Eurost\u00e9o, Aix en Provence.<\/li>\r\n<li style=\"text-align: center;\">Formation post-gradu\u00e9e de 3 ans en Ost\u00e9opathie -P\u00e9diatrique et P\u00e9rinatalit\u00e9 (OPP Formation), Paris.<\/li>\r\n<li style=\"text-align: center;\">Sp\u00e9cialis\u00e9e dans la plagioc\u00e9phalie positionnelle, les troubles de la succion-dd\u00e9glutition, la biom\u00e9canique et le d\u00e9veloppement neuro-moteur de l&rsquo;enfant.<\/li>\r\n<li style=\"text-align: center;\">Membre de la SEROPP (Soci\u00e9t\u00e9 Europ\u00e9enne de Recherche en Ost\u00e9opathie P\u00e9rinatale et P\u00e9diatrique).<\/li>\r\n<\/ul>\r\n<h5 style=\"text-align: center;\">\u00a0<\/h5>\r\n<p>[\/vc_column_text][vc_empty_space][vc_column_text]<\/p>\r\n<p style=\"text-align: center;\"><a href=\"bebe-nourrisson\">B\u00e9b\u00e9 &amp; Nourrisson<\/a> <a href=\"enfant-adolescent\">Enfant &amp; Adolescent<\/a> <a href=\"femme-enceinte\">PMA &amp; Femme Enceinte <\/a><a href=\"apres-accouchement\">Apr\u00e8s accouchement<\/a> <a href=\"tarifs-remboursements-mutuelles\">Tarifs &amp; remboursements mutuelles<\/a><\/p>\r\n<p>[\/vc_column_text][vc_column_text] [\/vc_column_text][vc_empty_space][\/vc_column][\/vc_row][vc_row][vc_column][vc_column_text] [\/vc_column_text][\/vc_column][\/vc_row][vc_row][vc_column][vc_column_text] [\/vc_column_text][\/vc_column][\/vc_row][vc_row][vc_column][vc_column_text] [\/vc_column_text][\/vc_column][\/vc_row][vc_row][vc_column][vc_column_text]<\/p>\r\n<p>[\/vc_column_text][\/vc_column][\/vc_row][vc_row content_width=\u00a0\u00bbgrid\u00a0\u00bb css=\u00a0\u00bb.vc_custom_1475330022667{padding-top: 100px !important;padding-bottom: 100px !important;background-color: #ececec !important;}\u00a0\u00bb][vc_column offset=\u00a0\u00bbvc_col-lg-12&Prime;]<div class=\"mkdf-section-title-holder\">\n\t<h2 class=\"mkdf-section-title\" style=\"text-align: center\">\n\tZones d&#039;interventions<\/h2>\n<\/div>[vc_column_text]<\/p>\r\n<p style=\"text-align: center;\"><strong>\u00a0Montpellier (34)<\/strong><\/p>\r\n<p style=\"text-align: center;\">Le cabinet Ost\u00e9o Montpellier P\u00e9dia &amp; PMA, est situ\u00e9 \u00e0 Assas\u00a0 (34820), il est limitrophe de Jacou, Prades le Lez et Castries, Teyran, Saint-G\u00e9ly-du-Fesc, Saint-Cl\u00e9ment-la-Rivir\u00e8re, Vendragues, Castelneau-Le-Lez, aux portes de Montpellier.<\/p>\r\n<p>[\/vc_column_text][\/vc_column][\/vc_row]<\/p>","protected":false},"excerpt":{"rendered":"<p>[vc_row][vc_column][vc_column_text] Ost\u00e9opathie Montpellier : b\u00e9b\u00e9, enfant, femme enceinte, PMA [\/vc_column_text][\/vc_column][\/vc_row][vc_row][vc_column][rev_slider_vc alias=\u00a0\u00bboriginal-home\u00a0\u00bb][vc_empty_space][\/vc_column][\/vc_row][vc_row content_width=\u00a0\u00bbgrid\u00a0\u00bb css=\u00a0\u00bb.vc_custom_1581537559181{padding-top: 100px !important;padding-bottom: 100px !important;background-color: #ececec !important;}\u00a0\u00bb][vc_column css=\u00a0\u00bb.vc_custom_1472151566550{margin-bottom: 20px !important;}\u00a0\u00bb][\/vc_column][\/vc_row][vc_row][vc_column][vc_empty_space][vc_single_image image=\u00a0\u00bb4845&Prime; img_size=\u00a0\u00bb200&#215;200&Prime; alignment=\u00a0\u00bbcenter\u00a0\u00bb style=\u00a0\u00bbvc_box_circle_2&Prime;][vc_column_text] Nathalie GASO nathalie.gaso@live.fr P\u00e9diatrie &amp; PMA&#8230;<\/p>\n","protected":false},"author":8,"featured_media":0,"parent":0,"menu_order":0,"comment_status":"closed","ping_status":"closed","template":"","meta":{"_bbp_topic_count":0,"_bbp_reply_count":0,"_bbp_total_topic_count":0,"_bbp_total_reply_count":0,"_bbp_voice_count":0,"_bbp_anonymous_reply_count":0,"_bbp_topic_count_hidden":0,"_bbp_reply_count_hidden":0,"_bbp_forum_subforum_count":0,"om_disable_all_campaigns":false,"_mi_skip_tracking":false,"_monsterinsights_sitenote_active":false,"_monsterinsights_sitenote_note":"","_monsterinsights_sitenote_category":0,"footnotes":""},"class_list":["post-4757","page","type-page","status-publish","hentry"],"yoast_head":"<!-- This site is optimized with the Yoast SEO plugin v26.9 - https:\/\/yoast.com\/product\/yoast-seo-wordpress\/ -->\n<title>crOme - Osteo b\u00e9b\u00e9 - Montpellier - 34 - Nathalie Gaso<\/title>\n<meta name=\"description\" content=\"Ost\u00e9opathe sp\u00e9cialis\u00e9e en p\u00e9diatrie et p\u00e9rinatalit\u00e9. Situ\u00e9e \u00e0 Assas, limitrophe \u00e0 Montpellier.\" \/>\n<meta name=\"robots\" content=\"index, follow, max-snippet:-1, max-image-preview:large, max-video-preview:-1\" \/>\n<link rel=\"canonical\" href=\"https:\/\/www.crome.fr\/osteo-bebe-montpellier\/monparcours\/\" \/>\n<meta property=\"og:locale\" content=\"fr_FR\" \/>\n<meta property=\"og:type\" content=\"article\" \/>\n<meta property=\"og:title\" content=\"crOme - Osteo b\u00e9b\u00e9 - Montpellier - 34 - Nathalie Gaso\" \/>\n<meta property=\"og:description\" content=\"Ost\u00e9opathe sp\u00e9cialis\u00e9e en p\u00e9diatrie et p\u00e9rinatalit\u00e9. Situ\u00e9e \u00e0 Assas, limitrophe \u00e0 Montpellier.\" \/>\n<meta property=\"og:url\" content=\"https:\/\/www.crome.fr\/osteo-bebe-montpellier\/monparcours\/\" \/>\n<meta property=\"og:site_name\" content=\"crOme | Ost\u00e9o b\u00e9b\u00e9 | PMA | Montpellier | 34 |\" \/>\n<meta property=\"article:publisher\" content=\"https:\/\/www.facebook.com\/crome.fr\" \/>\n<meta property=\"article:modified_time\" content=\"2024-02-01T14:21:42+00:00\" \/>\n<meta name=\"twitter:card\" content=\"summary_large_image\" \/>\n<meta name=\"twitter:label1\" content=\"Dur\u00e9e de lecture estim\u00e9e\" \/>\n\t<meta name=\"twitter:data1\" content=\"2 minutes\" \/>\n<script type=\"application\/ld+json\" class=\"yoast-schema-graph\">{\"@context\":\"https:\/\/schema.org\",\"@graph\":[{\"@type\":\"WebPage\",\"@id\":\"https:\/\/www.crome.fr\/osteo-bebe-montpellier\/monparcours\/\",\"url\":\"https:\/\/www.crome.fr\/osteo-bebe-montpellier\/monparcours\/\",\"name\":\"crOme - Osteo b\u00e9b\u00e9 - Montpellier - 34 - Nathalie Gaso\",\"isPartOf\":{\"@id\":\"https:\/\/www.crome.fr\/osteo-bebe-montpellier\/#website\"},\"datePublished\":\"2020-02-26T12:31:23+00:00\",\"dateModified\":\"2024-02-01T14:21:42+00:00\",\"description\":\"Ost\u00e9opathe sp\u00e9cialis\u00e9e en p\u00e9diatrie et p\u00e9rinatalit\u00e9. Situ\u00e9e \u00e0 Assas, limitrophe \u00e0 Montpellier.\",\"breadcrumb\":{\"@id\":\"https:\/\/www.crome.fr\/osteo-bebe-montpellier\/monparcours\/#breadcrumb\"},\"inLanguage\":\"fr-FR\",\"potentialAction\":[{\"@type\":\"ReadAction\",\"target\":[\"https:\/\/www.crome.fr\/osteo-bebe-montpellier\/monparcours\/\"]}]},{\"@type\":\"BreadcrumbList\",\"@id\":\"https:\/\/www.crome.fr\/osteo-bebe-montpellier\/monparcours\/#breadcrumb\",\"itemListElement\":[{\"@type\":\"ListItem\",\"position\":1,\"name\":\"Accueil\",\"item\":\"https:\/\/www.crome.fr\/osteo-bebe-montpellier\/\"},{\"@type\":\"ListItem\",\"position\":2,\"name\":\"Mon parcours\"}]},{\"@type\":\"WebSite\",\"@id\":\"https:\/\/www.crome.fr\/osteo-bebe-montpellier\/#website\",\"url\":\"https:\/\/www.crome.fr\/osteo-bebe-montpellier\/\",\"name\":\"crOme | Ost\u00e9o b\u00e9b\u00e9 | PMA | Montpellier | 34 |\",\"description\":\"OSTEO B\u00e9b\u00e9, Enfant, Adolescent situ\u00e9e \u00e0 Montpellier (Assas 34820), Nathalie Gaso, Ost\u00e9opathe sp\u00e9cialis\u00e9e en P\u00e9diatrie et PMA.\",\"potentialAction\":[{\"@type\":\"SearchAction\",\"target\":{\"@type\":\"EntryPoint\",\"urlTemplate\":\"https:\/\/www.crome.fr\/osteo-bebe-montpellier\/?s={search_term_string}\"},\"query-input\":{\"@type\":\"PropertyValueSpecification\",\"valueRequired\":true,\"valueName\":\"search_term_string\"}}],\"inLanguage\":\"fr-FR\"}]}<\/script>\n<!-- \/ Yoast SEO plugin. -->","yoast_head_json":{"title":"crOme - Osteo b\u00e9b\u00e9 - Montpellier - 34 - Nathalie Gaso","description":"Ost\u00e9opathe sp\u00e9cialis\u00e9e en p\u00e9diatrie et p\u00e9rinatalit\u00e9. Situ\u00e9e \u00e0 Assas, limitrophe \u00e0 Montpellier.","robots":{"index":"index","follow":"follow","max-snippet":"max-snippet:-1","max-image-preview":"max-image-preview:large","max-video-preview":"max-video-preview:-1"},"canonical":"https:\/\/www.crome.fr\/osteo-bebe-montpellier\/monparcours\/","og_locale":"fr_FR","og_type":"article","og_title":"crOme - Osteo b\u00e9b\u00e9 - Montpellier - 34 - Nathalie Gaso","og_description":"Ost\u00e9opathe sp\u00e9cialis\u00e9e en p\u00e9diatrie et p\u00e9rinatalit\u00e9. Situ\u00e9e \u00e0 Assas, limitrophe \u00e0 Montpellier.","og_url":"https:\/\/www.crome.fr\/osteo-bebe-montpellier\/monparcours\/","og_site_name":"crOme | Ost\u00e9o b\u00e9b\u00e9 | PMA | Montpellier | 34 |","article_publisher":"https:\/\/www.facebook.com\/crome.fr","article_modified_time":"2024-02-01T14:21:42+00:00","twitter_card":"summary_large_image","twitter_misc":{"Dur\u00e9e de lecture estim\u00e9e":"2 minutes"},"schema":{"@context":"https:\/\/schema.org","@graph":[{"@type":"WebPage","@id":"https:\/\/www.crome.fr\/osteo-bebe-montpellier\/monparcours\/","url":"https:\/\/www.crome.fr\/osteo-bebe-montpellier\/monparcours\/","name":"crOme - Osteo b\u00e9b\u00e9 - Montpellier - 34 - Nathalie Gaso","isPartOf":{"@id":"https:\/\/www.crome.fr\/osteo-bebe-montpellier\/#website"},"datePublished":"2020-02-26T12:31:23+00:00","dateModified":"2024-02-01T14:21:42+00:00","description":"Ost\u00e9opathe sp\u00e9cialis\u00e9e en p\u00e9diatrie et p\u00e9rinatalit\u00e9. Situ\u00e9e \u00e0 Assas, limitrophe \u00e0 Montpellier.","breadcrumb":{"@id":"https:\/\/www.crome.fr\/osteo-bebe-montpellier\/monparcours\/#breadcrumb"},"inLanguage":"fr-FR","potentialAction":[{"@type":"ReadAction","target":["https:\/\/www.crome.fr\/osteo-bebe-montpellier\/monparcours\/"]}]},{"@type":"BreadcrumbList","@id":"https:\/\/www.crome.fr\/osteo-bebe-montpellier\/monparcours\/#breadcrumb","itemListElement":[{"@type":"ListItem","position":1,"name":"Accueil","item":"https:\/\/www.crome.fr\/osteo-bebe-montpellier\/"},{"@type":"ListItem","position":2,"name":"Mon parcours"}]},{"@type":"WebSite","@id":"https:\/\/www.crome.fr\/osteo-bebe-montpellier\/#website","url":"https:\/\/www.crome.fr\/osteo-bebe-montpellier\/","name":"crOme | Ost\u00e9o b\u00e9b\u00e9 | PMA | Montpellier | 34 |","description":"OSTEO B\u00e9b\u00e9, Enfant, Adolescent situ\u00e9e \u00e0 Montpellier (Assas 34820), Nathalie Gaso, Ost\u00e9opathe sp\u00e9cialis\u00e9e en P\u00e9diatrie et PMA.","potentialAction":[{"@type":"SearchAction","target":{"@type":"EntryPoint","urlTemplate":"https:\/\/www.crome.fr\/osteo-bebe-montpellier\/?s={search_term_string}"},"query-input":{"@type":"PropertyValueSpecification","valueRequired":true,"valueName":"search_term_string"}}],"inLanguage":"fr-FR"}]}},"_links":{"self":[{"href":"https:\/\/www.crome.fr\/osteo-bebe-montpellier\/wp-json\/wp\/v2\/pages\/4757","targetHints":{"allow":["GET"]}}],"collection":[{"href":"https:\/\/www.crome.fr\/osteo-bebe-montpellier\/wp-json\/wp\/v2\/pages"}],"about":[{"href":"https:\/\/www.crome.fr\/osteo-bebe-montpellier\/wp-json\/wp\/v2\/types\/page"}],"author":[{"embeddable":true,"href":"https:\/\/www.crome.fr\/osteo-bebe-montpellier\/wp-json\/wp\/v2\/users\/8"}],"replies":[{"embeddable":true,"href":"https:\/\/www.crome.fr\/osteo-bebe-montpellier\/wp-json\/wp\/v2\/comments?post=4757"}],"version-history":[{"count":24,"href":"https:\/\/www.crome.fr\/osteo-bebe-montpellier\/wp-json\/wp\/v2\/pages\/4757\/revisions"}],"predecessor-version":[{"id":4846,"href":"https:\/\/www.crome.fr\/osteo-bebe-montpellier\/wp-json\/wp\/v2\/pages\/4757\/revisions\/4846"}],"wp:attachment":[{"href":"https:\/\/www.crome.fr\/osteo-bebe-montpellier\/wp-json\/wp\/v2\/media?parent=4757"}],"curies":[{"name":"wp","href":"https:\/\/api.w.org\/{rel}","templated":true}]}}