{"id":4402,"date":"2017-01-19T18:06:00","date_gmt":"2017-01-19T18:06:00","guid":{"rendered":"http:\/\/cromebeta.a2hosted.com\/?page_id=4402"},"modified":"2021-01-07T10:21:52","modified_gmt":"2021-01-07T08:21:52","slug":"fertilite-pma","status":"publish","type":"page","link":"https:\/\/www.crome.fr\/osteo-bebe-montpellier\/fertilite-pma\/","title":{"rendered":"Fertilit\u00e9 et Ost\u00e9o"},"content":{"rendered":"<p>[vc_row content_width=\u00a0\u00bbgrid\u00a0\u00bb css=\u00a0\u00bb.vc_custom_1484849552794{padding-top: 100px !important;padding-bottom: 100px !important;}\u00a0\u00bb][vc_column width=\u00a0\u00bb1\/2&Prime; offset=\u00a0\u00bbvc_col-lg-6&Prime;][vc_column_text]<\/p>\n<h4>Les troubles de la fertilit\u00e9 sont de plus en plus fr\u00e9quents :<\/h4>\n<p>Chaque ann\u00e9e, plus de 30 000 couples se rendent dans des centres de Procr\u00e9ation M\u00e9dicalement Assist\u00e9e (PMA) dans l&rsquo;espoir d&rsquo;augmenter leurs chances d&rsquo;avoir un enfant, et seulement 20% d&rsquo;entre eux y parviennent. L&rsquo;ost\u00e9opathie permet\u00a0 d&rsquo;augmenter tr\u00e8s significativement les chances de r\u00e9ussite ; le traitement ost\u00e9opathique afin d&rsquo;am\u00e9liorer votre fertilit\u00e9 est naturel et indolore.<\/p>\n<p>L&rsquo;ost\u00e9opathie ne pr\u00e9tend pas r\u00e9soudre l&rsquo;ensemble des cas d&rsquo;infertilit\u00e9 mais participer \u00e0 optimiser la qualit\u00e9 d&rsquo;ovulation, l&rsquo;\u00e9paississement de l&rsquo;endom\u00e8tre, diminuer le nombre de fausses couches et am\u00e9liorer la spermatogen\u00e8se chez l&rsquo;homme.<\/p>\n<p><strong>Il faut bien dissocier le terme de st\u00e9rilit\u00e9 de celui d\u2019infertilit\u00e9. Dans le premier cas il s\u2019agit d\u2019une impossibilit\u00e9 totale, et g\u00e9n\u00e9ralement m\u00e9dicale, de pouvoir procr\u00e9er. Le second traduit des difficult\u00e9s \u00e0 concevoir. C\u2019est bien dans ce dernier cas que l\u2019ost\u00e9opathie peut entrer en jeu et \u00eatre b\u00e9n\u00e9fique.<\/strong><\/p>\n<p>Nombreux sont les couples en difficult\u00e9 pour donner la vie, il faut en moyenne 6 mois \u00e0 un an d\u2019essais pour y parvenir lorsque tout se passe bien.<\/p>\n<p>L\u2019ost\u00e9opathie peut \u00eatre d\u2019un grand secours m\u00eame en cas de pathologie associ\u00e9es : endom\u00e9tiose, ovaires poly-kystiques &#8230;.[\/vc_column_text][vc_empty_space][vc_text_separator title=\u00a0\u00bbA propos\u00a0\u00bb][vc_column_text]<\/p>\n<h2 class=\"ellip\">| <span class=\"Title-content\">Fertilit\u00e9\u00a0: et si vous consultiez un ost\u00e9opathe\u00a0?<\/span><\/h2>\n<p><a href=\"https:\/\/www.magicmaman.com\/,osteopathe-fertilite,3245433.asp\">https:\/\/www.magicmaman.com\/,osteopathe-fertilite,3245433.asp<\/a>[\/vc_column_text][vc_column_text]<\/p>\n<h2 class=\"ellip\">| Sant\u00e9 Magazine<\/h2>\n<p><a href=\"https:\/\/www.santemagazine.fr\/medecines-alternatives\/therapies-manuelles\/osteopathie\/fertilite-avez-vous-pense-a-losteopathie-171654\">https:\/\/www.santemagazine.fr\/medecines-alternatives\/therapies-manuelles\/osteopathie\/fertilite-avez-vous-pense-a-losteopathie-171654<\/a>[\/vc_column_text][\/vc_column][vc_column width=\u00a0\u00bb1\/2&Prime;][vc_single_image image=\u00a0\u00bb3595&Prime; img_size=\u00a0\u00bbfull\u00a0\u00bb alignment=\u00a0\u00bbcenter\u00a0\u00bb css_animation=\u00a0\u00bbleft-to-right\u00a0\u00bb css=\u00a0\u00bb.vc_custom_1570093320821{border-radius: 5px !important;}\u00a0\u00bb][vc_empty_space][vc_column_text]<\/p>\n<h2>Quelles sont les causes des troubles de la\u00a0 fertilit\u00e9 chez la femme ?<\/h2>\n<p>Chez la femme en bonne sant\u00e9, la f\u00e9condation et la nidation sont efficaces s\u2019il n\u2019existe pas de tensions pouvant perturber le fonctionnement de la zone gyn\u00e9cologique : ut\u00e9rus, ovaires, trompes et l\u2019ensemble des tissus autour (ligaments, syst\u00e8me digestif, bassin osseux, etc.)<\/p>\n<p>Ces tensions sont \u00e0 l\u2019origine d\u2019un manque de mobilit\u00e9 des structures et des tissus. Elles peuvent \u00eatre dues \u00e0 une chute importante m\u00eame ancienne, \u00e0 un accident de la route, \u00e0 un choc traumatique \u00e9motionnel, \u00e0 des infections chroniques de la sph\u00e8re pelvienne, \u00e0 des cicatrices chirurgicales, etc.<\/p>\n<p>Le cycle de la femme est un \u00e9quilibre fragile gouvern\u00e9 par des m\u00e9canismes d\u00e9pendant \u00e0 la fois du syst\u00e8me nerveux, du syst\u00e8me hormonal et du psychisme. Il existe des causes centrales (Hypophyse et Hypothalamus qui se trouvent dans la bo\u00eete cr\u00e2nienne) et des causes p\u00e9riph\u00e9riques (ut\u00e9rus, ovaires, trompe, ligaments, etc.) \u00e0 l\u2019infertilit\u00e9. Dans les deux cas <strong>elles ont tr\u00e8s souvent une origine m\u00e9canique<\/strong>.<\/p>\n<p>C\u2019est justement lorsque l\u2019infertilit\u00e9 a une (ou plusieurs) cause(s) m\u00e9canique(s) aussi appel\u00e9es <strong>infertilit\u00e9s fonctionnelles,<\/strong>\u00a0que la prise en charge ost\u00e9opathique a un vrai int\u00e9r\u00eat.[\/vc_column_text][\/vc_column][\/vc_row][vc_row content_width=\u00a0\u00bbgrid\u00a0\u00bb css=\u00a0\u00bb.vc_custom_1484849552794{padding-top: 100px !important;padding-bottom: 100px !important;}\u00a0\u00bb][vc_column width=\u00a0\u00bb1\/2&Prime; offset=\u00a0\u00bbvc_col-lg-6&Prime;][vc_column_text]<\/p>\n<h2>L&rsquo;ost\u00e9opathie comme traitement naturel des troubles de la fertilit\u00e9.<\/h2>\n<p>Dans les principes d\u2019AT Still, fondateur de l\u2019ost\u00e9opathie, \u00ab la loi de l\u2019art\u00e8re est reine\u00bb. Ce qui signifie que toute restriction de mobilit\u00e9 limite la circulation des liquides (sang, lymphe, etc.) entrainant alors un d\u00e9s\u00e9quilibre local ou g\u00e9n\u00e9ral.<\/p>\n<p>L\u2019ost\u00e9opathie s\u2019attache donc \u00e0 redonner une bonne vascularisation \u00e0 l\u2019ensemble des fonctions gyn\u00e9cologiques ainsi qu\u2019au syst\u00e8me nerveux central, d\u2019o\u00f9 l\u2019importance d\u2019un bon \u00e9quilibre cr\u00e2ne-sacrum.<\/p>\n<p>Votre ost\u00e9opathe lib\u00e9rera si besoin les \u00ab plexus solaire \u00bb (sous le sternum) et \u00ab plexus hypogastrique \u00bb (entre ut\u00e9rus et sacrum) qui g\u00e8rent le bon fonctionnement de l\u2019art\u00e8re ovarienne.[\/vc_column_text][\/vc_column][vc_column width=\u00a0\u00bb1\/2&Prime;][vc_column_text]<\/p>\n<h3>Objectifs de la s\u00e9ance :<\/h3>\n<ul>\n<li>Redonner le juste \u00e9quilibre entre les <strong>ligaments ovariens et ut\u00e9rins<\/strong>;<\/li>\n<li><strong>Limiter la compression visc\u00e9rale <\/strong>s\u2019il existe une \u00ab descente \u00bb des organes digestifs par exemple, et<strong> lib\u00e9rer le diaphragme<\/strong> (muscle respiratoire entre l\u2019abdomen et le thorax);<\/li>\n<li><strong>Lib\u00e9rer les ovaires <\/strong>par rapport aux structures adjacentes : sigmo\u00efde et c\u00e6cum essentiellement;<\/li>\n<li><strong>Redonner de la mobilit\u00e9 \u00e0 l\u2019ut\u00e9rus<\/strong>, surtout s\u2019il existe des adh\u00e9rences ou de cicatrices p\u00e9riton\u00e9ales. Et lui apporter une bonne vascularisation art\u00e9rielle et veineuse afin d&rsquo;augmenter la qualit\u00e9 de l&rsquo;endom\u00e8tre,<\/li>\n<li><strong>Rendre le bassin osseux (os iliaques, sacrum) mobile<\/strong> pour am\u00e9liorer les fonctions neurologique, vasculaire et hormonale;<\/li>\n<li><strong>Redonner de la mobilit\u00e9 aux trompes<\/strong> pour permettre une migration ad\u00e9quate de l\u2019\u0153uf et des spermatozo\u00efdes;<\/li>\n<li><strong>V\u00e9rifier la mobilit\u00e9 thyro\u00efdienne,<\/strong> car la thyro\u00efde joue un r\u00f4le dans l\u2019\u00e9quilibre hormonal li\u00e9 \u00e0 la fertilit\u00e9.<\/li>\n<li>Am\u00e9liorer la spermatogen\u00e8se en travail le canal inguinal et le cordon testiculaire.<\/li>\n<\/ul>\n<p>[\/vc_column_text][\/vc_column][\/vc_row][vc_row][\/vc_row]<\/p>\n","protected":false},"excerpt":{"rendered":"<p>[vc_row content_width=\u00a0\u00bbgrid\u00a0\u00bb css=\u00a0\u00bb.vc_custom_1484849552794{padding-top: 100px !important;padding-bottom: 100px !important;}\u00a0\u00bb][vc_column width=\u00a0\u00bb1\/2&Prime; offset=\u00a0\u00bbvc_col-lg-6&Prime;][vc_column_text] Les troubles de la fertilit\u00e9 sont de plus en plus fr\u00e9quents : Chaque ann\u00e9e, plus de 30 000 couples se rendent dans des&#8230;<\/p>\n","protected":false},"author":1,"featured_media":0,"parent":0,"menu_order":0,"comment_status":"closed","ping_status":"closed","template":"full-width.php","meta":{"_bbp_topic_count":0,"_bbp_reply_count":0,"_bbp_total_topic_count":0,"_bbp_total_reply_count":0,"_bbp_voice_count":0,"_bbp_anonymous_reply_count":0,"_bbp_topic_count_hidden":0,"_bbp_reply_count_hidden":0,"_bbp_forum_subforum_count":0,"om_disable_all_campaigns":false,"_mi_skip_tracking":false,"_monsterinsights_sitenote_active":false,"_monsterinsights_sitenote_note":"","_monsterinsights_sitenote_category":0,"footnotes":""},"class_list":["post-4402","page","type-page","status-publish","hentry"],"yoast_head":"<!-- This site is optimized with the Yoast SEO plugin v26.9 - https:\/\/yoast.com\/product\/yoast-seo-wordpress\/ -->\n<title>Fertilit\u00e9 et Ost\u00e9o - crOme | Ost\u00e9o b\u00e9b\u00e9 | PMA | Montpellier | 34 |<\/title>\n<meta name=\"description\" content=\"Pilates femme enceinte- rose pilates- 94-Maisons Alfort-95-Montmorency. crOme : Ost\u00e9o b\u00e9b\u00e9, femme enceinte, apr\u00e8s accouchement\/ R\u00e9\u00e9ducation du p\u00e9rin\u00e9\/ Pilates femme enceinte\/ Abdos Post-partum\/ ost\u00e9o Plagioc\u00e9phalie- t\u00eate plate - 94- Maisons Alfort - 95 - Montmorency\" \/>\n<meta name=\"robots\" content=\"index, follow, max-snippet:-1, max-image-preview:large, max-video-preview:-1\" \/>\n<link rel=\"canonical\" href=\"https:\/\/www.crome.fr\/osteo-bebe-montpellier\/fertilite-pma\/\" \/>\n<meta property=\"og:locale\" content=\"fr_FR\" \/>\n<meta property=\"og:type\" content=\"article\" \/>\n<meta property=\"og:title\" content=\"Fertilit\u00e9 et Ost\u00e9o - crOme | Ost\u00e9o b\u00e9b\u00e9 | PMA | Montpellier | 34 |\" \/>\n<meta property=\"og:description\" content=\"Pilates femme enceinte- rose pilates- 94-Maisons Alfort-95-Montmorency. crOme : Ost\u00e9o b\u00e9b\u00e9, femme enceinte, apr\u00e8s accouchement\/ R\u00e9\u00e9ducation du p\u00e9rin\u00e9\/ Pilates femme enceinte\/ Abdos Post-partum\/ ost\u00e9o Plagioc\u00e9phalie- t\u00eate plate - 94- Maisons Alfort - 95 - Montmorency\" \/>\n<meta property=\"og:url\" content=\"https:\/\/www.crome.fr\/osteo-bebe-montpellier\/fertilite-pma\/\" \/>\n<meta property=\"og:site_name\" content=\"crOme | Ost\u00e9o b\u00e9b\u00e9 | PMA | Montpellier | 34 |\" \/>\n<meta property=\"article:publisher\" content=\"https:\/\/www.facebook.com\/crome.fr\" \/>\n<meta property=\"article:modified_time\" content=\"2021-01-07T08:21:52+00:00\" \/>\n<meta name=\"twitter:card\" content=\"summary_large_image\" \/>\n<meta name=\"twitter:label1\" content=\"Dur\u00e9e de lecture estim\u00e9e\" \/>\n\t<meta name=\"twitter:data1\" content=\"4 minutes\" \/>\n<script type=\"application\/ld+json\" class=\"yoast-schema-graph\">{\"@context\":\"https:\/\/schema.org\",\"@graph\":[{\"@type\":\"WebPage\",\"@id\":\"https:\/\/www.crome.fr\/osteo-bebe-montpellier\/fertilite-pma\/\",\"url\":\"https:\/\/www.crome.fr\/osteo-bebe-montpellier\/fertilite-pma\/\",\"name\":\"Fertilit\u00e9 et Ost\u00e9o - crOme | Ost\u00e9o b\u00e9b\u00e9 | PMA | Montpellier | 34 |\",\"isPartOf\":{\"@id\":\"https:\/\/www.crome.fr\/osteo-bebe-montpellier\/#website\"},\"datePublished\":\"2017-01-19T18:06:00+00:00\",\"dateModified\":\"2021-01-07T08:21:52+00:00\",\"description\":\"Pilates femme enceinte- rose pilates- 94-Maisons Alfort-95-Montmorency. crOme : Ost\u00e9o b\u00e9b\u00e9, femme enceinte, apr\u00e8s accouchement\/ R\u00e9\u00e9ducation du p\u00e9rin\u00e9\/ Pilates femme enceinte\/ Abdos Post-partum\/ ost\u00e9o Plagioc\u00e9phalie- t\u00eate plate - 94- Maisons Alfort - 95 - Montmorency\",\"breadcrumb\":{\"@id\":\"https:\/\/www.crome.fr\/osteo-bebe-montpellier\/fertilite-pma\/#breadcrumb\"},\"inLanguage\":\"fr-FR\",\"potentialAction\":[{\"@type\":\"ReadAction\",\"target\":[\"https:\/\/www.crome.fr\/osteo-bebe-montpellier\/fertilite-pma\/\"]}]},{\"@type\":\"BreadcrumbList\",\"@id\":\"https:\/\/www.crome.fr\/osteo-bebe-montpellier\/fertilite-pma\/#breadcrumb\",\"itemListElement\":[{\"@type\":\"ListItem\",\"position\":1,\"name\":\"Accueil\",\"item\":\"https:\/\/www.crome.fr\/osteo-bebe-montpellier\/\"},{\"@type\":\"ListItem\",\"position\":2,\"name\":\"Fertilit\u00e9 et Ost\u00e9o\"}]},{\"@type\":\"WebSite\",\"@id\":\"https:\/\/www.crome.fr\/osteo-bebe-montpellier\/#website\",\"url\":\"https:\/\/www.crome.fr\/osteo-bebe-montpellier\/\",\"name\":\"crOme | Ost\u00e9o b\u00e9b\u00e9 | PMA | Montpellier | 34 |\",\"description\":\"OSTEO B\u00e9b\u00e9, Enfant, Adolescent situ\u00e9e \u00e0 Montpellier (Assas 34820), Nathalie Gaso, Ost\u00e9opathe sp\u00e9cialis\u00e9e en P\u00e9diatrie et PMA.\",\"potentialAction\":[{\"@type\":\"SearchAction\",\"target\":{\"@type\":\"EntryPoint\",\"urlTemplate\":\"https:\/\/www.crome.fr\/osteo-bebe-montpellier\/?s={search_term_string}\"},\"query-input\":{\"@type\":\"PropertyValueSpecification\",\"valueRequired\":true,\"valueName\":\"search_term_string\"}}],\"inLanguage\":\"fr-FR\"}]}<\/script>\n<!-- \/ Yoast SEO plugin. -->","yoast_head_json":{"title":"Fertilit\u00e9 et Ost\u00e9o - crOme | Ost\u00e9o b\u00e9b\u00e9 | PMA | Montpellier | 34 |","description":"Pilates femme enceinte- rose pilates- 94-Maisons Alfort-95-Montmorency. crOme : Ost\u00e9o b\u00e9b\u00e9, femme enceinte, apr\u00e8s accouchement\/ R\u00e9\u00e9ducation du p\u00e9rin\u00e9\/ Pilates femme enceinte\/ Abdos Post-partum\/ ost\u00e9o Plagioc\u00e9phalie- t\u00eate plate - 94- Maisons Alfort - 95 - Montmorency","robots":{"index":"index","follow":"follow","max-snippet":"max-snippet:-1","max-image-preview":"max-image-preview:large","max-video-preview":"max-video-preview:-1"},"canonical":"https:\/\/www.crome.fr\/osteo-bebe-montpellier\/fertilite-pma\/","og_locale":"fr_FR","og_type":"article","og_title":"Fertilit\u00e9 et Ost\u00e9o - crOme | Ost\u00e9o b\u00e9b\u00e9 | PMA | Montpellier | 34 |","og_description":"Pilates femme enceinte- rose pilates- 94-Maisons Alfort-95-Montmorency. crOme : Ost\u00e9o b\u00e9b\u00e9, femme enceinte, apr\u00e8s accouchement\/ R\u00e9\u00e9ducation du p\u00e9rin\u00e9\/ Pilates femme enceinte\/ Abdos Post-partum\/ ost\u00e9o Plagioc\u00e9phalie- t\u00eate plate - 94- Maisons Alfort - 95 - Montmorency","og_url":"https:\/\/www.crome.fr\/osteo-bebe-montpellier\/fertilite-pma\/","og_site_name":"crOme | Ost\u00e9o b\u00e9b\u00e9 | PMA | Montpellier | 34 |","article_publisher":"https:\/\/www.facebook.com\/crome.fr","article_modified_time":"2021-01-07T08:21:52+00:00","twitter_card":"summary_large_image","twitter_misc":{"Dur\u00e9e de lecture estim\u00e9e":"4 minutes"},"schema":{"@context":"https:\/\/schema.org","@graph":[{"@type":"WebPage","@id":"https:\/\/www.crome.fr\/osteo-bebe-montpellier\/fertilite-pma\/","url":"https:\/\/www.crome.fr\/osteo-bebe-montpellier\/fertilite-pma\/","name":"Fertilit\u00e9 et Ost\u00e9o - crOme | Ost\u00e9o b\u00e9b\u00e9 | PMA | Montpellier | 34 |","isPartOf":{"@id":"https:\/\/www.crome.fr\/osteo-bebe-montpellier\/#website"},"datePublished":"2017-01-19T18:06:00+00:00","dateModified":"2021-01-07T08:21:52+00:00","description":"Pilates femme enceinte- rose pilates- 94-Maisons Alfort-95-Montmorency. crOme : Ost\u00e9o b\u00e9b\u00e9, femme enceinte, apr\u00e8s accouchement\/ R\u00e9\u00e9ducation du p\u00e9rin\u00e9\/ Pilates femme enceinte\/ Abdos Post-partum\/ ost\u00e9o Plagioc\u00e9phalie- t\u00eate plate - 94- Maisons Alfort - 95 - Montmorency","breadcrumb":{"@id":"https:\/\/www.crome.fr\/osteo-bebe-montpellier\/fertilite-pma\/#breadcrumb"},"inLanguage":"fr-FR","potentialAction":[{"@type":"ReadAction","target":["https:\/\/www.crome.fr\/osteo-bebe-montpellier\/fertilite-pma\/"]}]},{"@type":"BreadcrumbList","@id":"https:\/\/www.crome.fr\/osteo-bebe-montpellier\/fertilite-pma\/#breadcrumb","itemListElement":[{"@type":"ListItem","position":1,"name":"Accueil","item":"https:\/\/www.crome.fr\/osteo-bebe-montpellier\/"},{"@type":"ListItem","position":2,"name":"Fertilit\u00e9 et Ost\u00e9o"}]},{"@type":"WebSite","@id":"https:\/\/www.crome.fr\/osteo-bebe-montpellier\/#website","url":"https:\/\/www.crome.fr\/osteo-bebe-montpellier\/","name":"crOme | Ost\u00e9o b\u00e9b\u00e9 | PMA | Montpellier | 34 |","description":"OSTEO B\u00e9b\u00e9, Enfant, Adolescent situ\u00e9e \u00e0 Montpellier (Assas 34820), Nathalie Gaso, Ost\u00e9opathe sp\u00e9cialis\u00e9e en P\u00e9diatrie et PMA.","potentialAction":[{"@type":"SearchAction","target":{"@type":"EntryPoint","urlTemplate":"https:\/\/www.crome.fr\/osteo-bebe-montpellier\/?s={search_term_string}"},"query-input":{"@type":"PropertyValueSpecification","valueRequired":true,"valueName":"search_term_string"}}],"inLanguage":"fr-FR"}]}},"_links":{"self":[{"href":"https:\/\/www.crome.fr\/osteo-bebe-montpellier\/wp-json\/wp\/v2\/pages\/4402","targetHints":{"allow":["GET"]}}],"collection":[{"href":"https:\/\/www.crome.fr\/osteo-bebe-montpellier\/wp-json\/wp\/v2\/pages"}],"about":[{"href":"https:\/\/www.crome.fr\/osteo-bebe-montpellier\/wp-json\/wp\/v2\/types\/page"}],"author":[{"embeddable":true,"href":"https:\/\/www.crome.fr\/osteo-bebe-montpellier\/wp-json\/wp\/v2\/users\/1"}],"replies":[{"embeddable":true,"href":"https:\/\/www.crome.fr\/osteo-bebe-montpellier\/wp-json\/wp\/v2\/comments?post=4402"}],"version-history":[{"count":24,"href":"https:\/\/www.crome.fr\/osteo-bebe-montpellier\/wp-json\/wp\/v2\/pages\/4402\/revisions"}],"predecessor-version":[{"id":4858,"href":"https:\/\/www.crome.fr\/osteo-bebe-montpellier\/wp-json\/wp\/v2\/pages\/4402\/revisions\/4858"}],"wp:attachment":[{"href":"https:\/\/www.crome.fr\/osteo-bebe-montpellier\/wp-json\/wp\/v2\/media?parent=4402"}],"curies":[{"name":"wp","href":"https:\/\/api.w.org\/{rel}","templated":true}]}}