{"id":3763,"date":"2016-07-19T19:03:00","date_gmt":"2016-07-19T19:03:00","guid":{"rendered":"http:\/\/cromebeta.a2hosted.com\/?page_id=3763"},"modified":"2019-10-03T13:18:05","modified_gmt":"2019-10-03T13:18:05","slug":"massage","status":"publish","type":"page","link":"https:\/\/www.crome.fr\/osteo-bebe-montpellier\/massage\/","title":{"rendered":"Plagioc\u00e9phalie"},"content":{"rendered":"<p>[vc_row content_width=\u00a0\u00bbgrid\u00a0\u00bb css=\u00a0\u00bb.vc_custom_1468349376846{margin-top: 30px !important;}\u00a0\u00bb][vc_column offset=\u00a0\u00bbvc_col-lg-6 vc_col-md-12&Prime;]<div class=\"mkdf-section-title-holder\">\n\t<h2 class=\"mkdf-section-title mkdf-section-title-medium\" style=\"color: #1ea4bf;text-align: left\">\n\tPlagioc\u00e9phalie \/ Brachyc\u00e9phalie<\/h2>\n<\/div>[vc_single_image image=\u00a0\u00bb4666&Prime; img_size=\u00a0\u00bbfull\u00a0\u00bb css_animation=\u00a0\u00bbleft-to-right\u00a0\u00bb css=\u00a0\u00bb.vc_custom_1570108242439{margin-top: 15px !important;}\u00a0\u00bb][vc_column_text]Votre b\u00e9b\u00e9 a <strong>l\u2019arri\u00e8re de la t\u00eate plate<\/strong> ?<br \/>\nIl s\u2019agit (attention mot-m\u00e9dical-qui-fait-peur) d\u2019une <strong>plagioc\u00e9phalie<\/strong> ou bien d\u2019une <strong>brachyc\u00e9phalie<\/strong>. Bien souvent, votre ost\u00e9opathe peut apporter des \u00e9l\u00e9ments de r\u00e9ponse \u00e0 vos questions sur <strong>les raisons de cet aplatissement <\/strong>et sur <strong>les solutions possibles<\/strong>.<\/p>\n<h2>T\u00eate plate, mais encore ?<\/h2>\n<p>Ce sont des <strong>d\u00e9formations cr\u00e2niennes<\/strong> apparaissant pendant la grossesse ou dans les premiers mois de la vie.<\/p>\n<p>La <a href=\"http:\/\/association-plagiocephalie-info-et-soutien.fr\/deformations-positionnelles\/plagiocephalie\/\" target=\"_blank\" rel=\"noopener noreferrer\"><strong>plagioc\u00e9phalie<\/strong><\/a> se caract\u00e9rise par un <strong>aplatissement asym\u00e9trique de l\u2019arri\u00e8re de la t\u00eate<\/strong>. Il peut s\u2019accompagner d\u2019une bosse de \u00ab compensation \u00bb sur le front, ce qui transforme la t\u00eate initialement ronde comme un ballon de foot de votre b\u00e9b\u00e9, en un ballon de rugby.<br \/>\nUne plagioc\u00e9phalie peut \u00eatre de 2 types :<\/p>\n<ul>\n<li>Cong\u00e9nitale : due \u00e0 une fermeture pr\u00e9matur\u00e9e d\u2019une ou plusieurs sutures cr\u00e2niennes, appel\u00e9e <a href=\"https:\/\/www.allodocteurs.fr\/grossesse-enfant\/enfant\/craniostenose-operer-pour-liberer-le-cerveau-du-bebe_1188.html\" target=\"_blank\" rel=\"noopener noreferrer\">craniost\u00e9nose<\/a> ou craniosynostose. Dans ce cas, la chirurgie est la seule solution. 1 naissance sur 2000 est concern\u00e9e en France.<\/li>\n<li>Positionnelle : c\u2019est-\u00e0-dire due \u00e0 une contrainte m\u00e9canique externe. Ici l\u2019ost\u00e9opathie a un important r\u00f4le \u00e0 jouer.<\/li>\n<\/ul>\n<p>On peut \u00e9galement observer un <strong>aplatissement de tout l\u2019arri\u00e8re du cr\u00e2ne<\/strong>, on parlera alors de <a href=\"http:\/\/association-plagiocephalie-info-et-soutien.fr\/deformations-positionnelles\/brachycephalie\/\" target=\"_blank\" rel=\"noopener noreferrer\"><strong>brachyc\u00e9phalie<\/strong><\/a>.[\/vc_column_text][\/vc_column][vc_column offset=\u00a0\u00bbvc_col-lg-6 vc_col-md-12&Prime;]<div class=\"mkdf-section-title-holder\">\n\t<h2 class=\"mkdf-section-title mkdf-section-title-medium\" style=\"color: #1ea4bf;text-align: left\">\n\tPourquoi mon b\u00e9b\u00e9 a la t\u00eate plate ?<\/h2>\n<\/div>[vc_column_text]Les <strong>os du cr\u00e2ne d\u2019un nouveau-n\u00e9 sont \u00ab mous \u00bb et non solidifi\u00e9s<\/strong>, et heureusement ! Sinon, comment aurait-il r\u00e9ussi \u00e0 passer dans le bassin de maman et comment les yeux, la langue, le cerveau et tout le tintouin feraient pour se d\u00e9velopper ?<\/p>\n<p>Mais quel est le rapport avec la t\u00eate plate de mon b\u00e9b\u00e9 ? On y arrive.<br \/>\nLes contraintes s\u2019exer\u00e7ant pendant la grossesse et l\u2019accouchement, dont on a parl\u00e9 plus haut, peuvent \u00eatre \u00e0 l\u2019origine d\u2019importantes tensions <strong>menant b\u00e9b\u00e9 \u00e0 pr\u00e9f\u00e9rer tourner la t\u00eate d\u2019un c\u00f4t\u00e9 plut\u00f4t que de l\u2019autre<\/strong> ou m\u00eame \u00e0 un <strong>torticolis fonctionnel<\/strong>. B\u00e9b\u00e9 va donc se restreindre \u00e0 adopter une posture de confort.<br \/>\nOr, comme il l\u2019est \u00e0 juste titre recommand\u00e9, <strong>b\u00e9b\u00e9 doit dormir sur le dos<\/strong> pour \u00eatre en toute s\u00e9curit\u00e9. Sachant qu\u2019un nouveau-n\u00e9 passe environ 20 heures \u00e0 dormir, on imagine ais\u00e9ment les contraintes qu\u2019une t\u00eate tourn\u00e9e toujours du m\u00eame c\u00f4t\u00e9 peut avoir comme cons\u00e9quences sur un cr\u00e2ne \u00ab mou \u00bb \u2026 Et la voil\u00e0 la jolie t\u00eate plate ![\/vc_column_text][vc_empty_space height=\u00a0\u00bb150px\u00a0\u00bb][vc_single_image image=\u00a0\u00bb4667&Prime; img_size=\u00a0\u00bbfull\u00a0\u00bb alignment=\u00a0\u00bbcenter\u00a0\u00bb css_animation=\u00a0\u00bbright-to-left\u00a0\u00bb css=\u00a0\u00bb.vc_custom_1570108679362{margin-top: 15px !important;}\u00a0\u00bb][\/vc_column][\/vc_row][vc_row content_width=\u00a0\u00bbgrid\u00a0\u00bb css=\u00a0\u00bb.vc_custom_1468955110262{margin-top: 30px !important;}\u00a0\u00bb][vc_column offset=\u00a0\u00bbvc_col-lg-6 vc_col-md-12&Prime;]<div class=\"mkdf-section-title-holder\">\n\t<h2 class=\"mkdf-section-title mkdf-section-title-medium\" style=\"color: #1ea4bf;text-align: left\">\n\tComment traiter une plagioc\u00e9phalie positionnelle ou une brachyc\u00e9phalie ?<\/h2>\n<\/div>[vc_column_text]En traitant <strong>le torticolis fonctionnel ou toutes les tensions<\/strong> favorisant la rotation de t\u00eate d\u2019un c\u00f4t\u00e9 plut\u00f4t que de l\u2019autre, tout simplement.<br \/>\nPar le biais de son bilan, l\u2019ost\u00e9opathe va identifier la\/les raisons pour lesquelles b\u00e9b\u00e9 n\u2019arrive pas \u00e0 tourner correctement la t\u00eate. Sont souvent en cause une \u00e9paule ou un h\u00e9mi-thorax \u00ab tendu \u00bb, mais elles peuvent \u00eatre diverses et vari\u00e9es.<\/p>\n<p>Le traitement n\u2019aura pas toujours de r\u00e9sultats imm\u00e9diatement visibles. La prise en charge ost\u00e9opathique <strong>va retirer les tensions afin de restaurer une mobilit\u00e9 tissulaire de qualit\u00e9,<\/strong> permettant \u00e0 b\u00e9b\u00e9 d\u2019effectuer librement les mouvements qu\u2019il souhaite, et aux os du cr\u00e2ne de suivre la croissance des diff\u00e9rents organes qui y sont pr\u00e9sents. Ainsi, la t\u00eate de votre b\u00e9b\u00e9 <strong>retrouvera sa forme petit \u00e0 petit<\/strong>.[\/vc_column_text][\/vc_column][vc_column offset=\u00a0\u00bbvc_col-lg-6 vc_col-md-12&Prime;]<div class=\"mkdf-section-title-holder\">\n\t<h2 class=\"mkdf-section-title mkdf-section-title-medium\" style=\"color: #1ea4bf;text-align: left\">\n\tConseils \u00e0 suivre en cas de plagioc\u00e9phalie\/brachyc\u00e9phalie<\/h2>\n<\/div>[vc_column_text]<u>Conseils :<\/u><\/p>\n<ul>\n<li>un <strong>suivi ost\u00e9opathique pendant la grossesse<\/strong> et <a href=\"https:\/\/www.oosteo.com\/blog\/2016\/04\/losteopathie-pour-nourrissons\/\" target=\"_blank\" rel=\"noopener noreferrer\">juste apr\u00e8s la naissance<\/a> ;<\/li>\n<li>alterner, tous les jours, le sens de b\u00e9b\u00e9 dans son lit (t\u00eate\/pieds) car il aura tendance \u00e0 tourner la t\u00eate vers vous ;<\/li>\n<li>lui pr\u00e9senter des jouets tant\u00f4t \u00e0 droite, tant\u00f4t \u00e0 gauche ;<\/li>\n<li>mettre une petite serviette ou un petit coussin sous la t\u00eate du c\u00f4t\u00e9 plat quand il est sur une surface plane, vous pouvez \u00e9galement utiliser un coussin de lat\u00e9ralisation ;<\/li>\n<li><strong>favoriser le portage<\/strong> plut\u00f4t que le transat\/si\u00e8ge auto\/parc ;<\/li>\n<li>favoriser le jeu <strong>sur le ventre<\/strong> ;<\/li>\n<li>s\u2019il est nourri au biberon, pensez \u00e0 changer le bras avec lequel vous le portez.<\/li>\n<\/ul>\n<p>[\/vc_column_text][\/vc_column][\/vc_row][vc_row content_width=\u00a0\u00bbgrid\u00a0\u00bb css=\u00a0\u00bb.vc_custom_1468955110262{margin-top: 30px !important;}\u00a0\u00bb][vc_column width=\u00a0\u00bb1\/2&Prime; offset=\u00a0\u00bbvc_col-lg-6 vc_col-md-12&Prime;][vc_single_image image=\u00a0\u00bb4668&Prime; img_size=\u00a0\u00bbfull\u00a0\u00bb alignment=\u00a0\u00bbcenter\u00a0\u00bb css_animation=\u00a0\u00bbappear\u00a0\u00bb css=\u00a0\u00bb.vc_custom_1570108443929{margin-top: 15px !important;}\u00a0\u00bb][\/vc_column][vc_column width=\u00a0\u00bb1\/2&Prime;][vc_single_image image=\u00a0\u00bb4672&Prime; img_size=\u00a0\u00bbfull\u00a0\u00bb alignment=\u00a0\u00bbcenter\u00a0\u00bb css_animation=\u00a0\u00bbappear\u00a0\u00bb css=\u00a0\u00bb.vc_custom_1570108611426{margin-top: 15px !important;}\u00a0\u00bb][\/vc_column][\/vc_row][vc_row][vc_column][vc_text_separator title=\u00a0\u00bbNos tarifs\u00a0\u00bb][vc_column_text]<\/p>\n<p style=\"text-align: center;\">Tarif s\u00e9ance : 65\u20ac<\/p>\n<p>[\/vc_column_text][\/vc_column][\/vc_row]<\/p>\n","protected":false},"excerpt":{"rendered":"<p>[vc_row content_width=\u00a0\u00bbgrid\u00a0\u00bb css=\u00a0\u00bb.vc_custom_1468349376846{margin-top: 30px !important;}\u00a0\u00bb][vc_column offset=\u00a0\u00bbvc_col-lg-6 vc_col-md-12&Prime;][vc_single_image image=\u00a0\u00bb4666&Prime; img_size=\u00a0\u00bbfull\u00a0\u00bb css_animation=\u00a0\u00bbleft-to-right\u00a0\u00bb css=\u00a0\u00bb.vc_custom_1570108242439{margin-top: 15px !important;}\u00a0\u00bb][vc_column_text]Votre b\u00e9b\u00e9 a l\u2019arri\u00e8re de la t\u00eate plate ? Il s\u2019agit (attention mot-m\u00e9dical-qui-fait-peur) d\u2019une plagioc\u00e9phalie ou bien d\u2019une brachyc\u00e9phalie. Bien&#8230;<\/p>\n","protected":false},"author":1,"featured_media":0,"parent":0,"menu_order":0,"comment_status":"closed","ping_status":"closed","template":"full-width.php","meta":{"_bbp_topic_count":0,"_bbp_reply_count":0,"_bbp_total_topic_count":0,"_bbp_total_reply_count":0,"_bbp_voice_count":0,"_bbp_anonymous_reply_count":0,"_bbp_topic_count_hidden":0,"_bbp_reply_count_hidden":0,"_bbp_forum_subforum_count":0,"om_disable_all_campaigns":false,"_mi_skip_tracking":false,"_monsterinsights_sitenote_active":false,"_monsterinsights_sitenote_note":"","_monsterinsights_sitenote_category":0,"footnotes":""},"class_list":["post-3763","page","type-page","status-publish","hentry"],"yoast_head":"<!-- This site is optimized with the Yoast SEO plugin v26.9 - https:\/\/yoast.com\/product\/yoast-seo-wordpress\/ -->\n<title>Plagioc\u00e9phalie - crOme | Ost\u00e9o b\u00e9b\u00e9 | PMA | Montpellier | 34 |<\/title>\n<meta name=\"description\" content=\"Massage prenatal Maisons alfort - Femme enceinte 94 - Val de Marne. crOme : Ost\u00e9o b\u00e9b\u00e9, femme enceinte, apr\u00e8s accouchement\/ R\u00e9\u00e9ducation du p\u00e9rin\u00e9\/ Pilates femme enceinte\/ Abdos Post-partum\/ ost\u00e9o Plagioc\u00e9phalie- t\u00eate plate - 94- Maisons Alfort - 95 - Montmorency\" \/>\n<meta name=\"robots\" content=\"index, follow, max-snippet:-1, max-image-preview:large, max-video-preview:-1\" \/>\n<link rel=\"canonical\" href=\"https:\/\/www.crome.fr\/osteo-bebe-montpellier\/massage\/\" \/>\n<meta property=\"og:locale\" content=\"fr_FR\" \/>\n<meta property=\"og:type\" content=\"article\" \/>\n<meta property=\"og:title\" content=\"Plagioc\u00e9phalie - crOme | Ost\u00e9o b\u00e9b\u00e9 | PMA | Montpellier | 34 |\" \/>\n<meta property=\"og:description\" content=\"Massage prenatal Maisons alfort - Femme enceinte 94 - Val de Marne. crOme : Ost\u00e9o b\u00e9b\u00e9, femme enceinte, apr\u00e8s accouchement\/ R\u00e9\u00e9ducation du p\u00e9rin\u00e9\/ Pilates femme enceinte\/ Abdos Post-partum\/ ost\u00e9o Plagioc\u00e9phalie- t\u00eate plate - 94- Maisons Alfort - 95 - Montmorency\" \/>\n<meta property=\"og:url\" content=\"https:\/\/www.crome.fr\/osteo-bebe-montpellier\/massage\/\" \/>\n<meta property=\"og:site_name\" content=\"crOme | Ost\u00e9o b\u00e9b\u00e9 | PMA | Montpellier | 34 |\" \/>\n<meta property=\"article:publisher\" content=\"https:\/\/www.facebook.com\/crome.fr\" \/>\n<meta property=\"article:modified_time\" content=\"2019-10-03T13:18:05+00:00\" \/>\n<meta name=\"twitter:card\" content=\"summary_large_image\" \/>\n<meta name=\"twitter:label1\" content=\"Dur\u00e9e de lecture estim\u00e9e\" \/>\n\t<meta name=\"twitter:data1\" content=\"5 minutes\" \/>\n<script type=\"application\/ld+json\" class=\"yoast-schema-graph\">{\"@context\":\"https:\/\/schema.org\",\"@graph\":[{\"@type\":\"WebPage\",\"@id\":\"https:\/\/www.crome.fr\/osteo-bebe-montpellier\/massage\/\",\"url\":\"https:\/\/www.crome.fr\/osteo-bebe-montpellier\/massage\/\",\"name\":\"Plagioc\u00e9phalie - crOme | Ost\u00e9o b\u00e9b\u00e9 | PMA | Montpellier | 34 |\",\"isPartOf\":{\"@id\":\"https:\/\/www.crome.fr\/osteo-bebe-montpellier\/#website\"},\"datePublished\":\"2016-07-19T19:03:00+00:00\",\"dateModified\":\"2019-10-03T13:18:05+00:00\",\"description\":\"Massage prenatal Maisons alfort - Femme enceinte 94 - Val de Marne. crOme : Ost\u00e9o b\u00e9b\u00e9, femme enceinte, apr\u00e8s accouchement\/ R\u00e9\u00e9ducation du p\u00e9rin\u00e9\/ Pilates femme enceinte\/ Abdos Post-partum\/ ost\u00e9o Plagioc\u00e9phalie- t\u00eate plate - 94- Maisons Alfort - 95 - Montmorency\",\"breadcrumb\":{\"@id\":\"https:\/\/www.crome.fr\/osteo-bebe-montpellier\/massage\/#breadcrumb\"},\"inLanguage\":\"fr-FR\",\"potentialAction\":[{\"@type\":\"ReadAction\",\"target\":[\"https:\/\/www.crome.fr\/osteo-bebe-montpellier\/massage\/\"]}]},{\"@type\":\"BreadcrumbList\",\"@id\":\"https:\/\/www.crome.fr\/osteo-bebe-montpellier\/massage\/#breadcrumb\",\"itemListElement\":[{\"@type\":\"ListItem\",\"position\":1,\"name\":\"Accueil\",\"item\":\"https:\/\/www.crome.fr\/osteo-bebe-montpellier\/\"},{\"@type\":\"ListItem\",\"position\":2,\"name\":\"Plagioc\u00e9phalie\"}]},{\"@type\":\"WebSite\",\"@id\":\"https:\/\/www.crome.fr\/osteo-bebe-montpellier\/#website\",\"url\":\"https:\/\/www.crome.fr\/osteo-bebe-montpellier\/\",\"name\":\"crOme | Ost\u00e9o b\u00e9b\u00e9 | PMA | Montpellier | 34 |\",\"description\":\"OSTEO B\u00e9b\u00e9, Enfant, Adolescent situ\u00e9e \u00e0 Montpellier (Assas 34820), Nathalie Gaso, Ost\u00e9opathe sp\u00e9cialis\u00e9e en P\u00e9diatrie et PMA.\",\"potentialAction\":[{\"@type\":\"SearchAction\",\"target\":{\"@type\":\"EntryPoint\",\"urlTemplate\":\"https:\/\/www.crome.fr\/osteo-bebe-montpellier\/?s={search_term_string}\"},\"query-input\":{\"@type\":\"PropertyValueSpecification\",\"valueRequired\":true,\"valueName\":\"search_term_string\"}}],\"inLanguage\":\"fr-FR\"}]}<\/script>\n<!-- \/ Yoast SEO plugin. -->","yoast_head_json":{"title":"Plagioc\u00e9phalie - crOme | Ost\u00e9o b\u00e9b\u00e9 | PMA | Montpellier | 34 |","description":"Massage prenatal Maisons alfort - Femme enceinte 94 - Val de Marne. crOme : Ost\u00e9o b\u00e9b\u00e9, femme enceinte, apr\u00e8s accouchement\/ R\u00e9\u00e9ducation du p\u00e9rin\u00e9\/ Pilates femme enceinte\/ Abdos Post-partum\/ ost\u00e9o Plagioc\u00e9phalie- t\u00eate plate - 94- Maisons Alfort - 95 - Montmorency","robots":{"index":"index","follow":"follow","max-snippet":"max-snippet:-1","max-image-preview":"max-image-preview:large","max-video-preview":"max-video-preview:-1"},"canonical":"https:\/\/www.crome.fr\/osteo-bebe-montpellier\/massage\/","og_locale":"fr_FR","og_type":"article","og_title":"Plagioc\u00e9phalie - crOme | Ost\u00e9o b\u00e9b\u00e9 | PMA | Montpellier | 34 |","og_description":"Massage prenatal Maisons alfort - Femme enceinte 94 - Val de Marne. crOme : Ost\u00e9o b\u00e9b\u00e9, femme enceinte, apr\u00e8s accouchement\/ R\u00e9\u00e9ducation du p\u00e9rin\u00e9\/ Pilates femme enceinte\/ Abdos Post-partum\/ ost\u00e9o Plagioc\u00e9phalie- t\u00eate plate - 94- Maisons Alfort - 95 - Montmorency","og_url":"https:\/\/www.crome.fr\/osteo-bebe-montpellier\/massage\/","og_site_name":"crOme | Ost\u00e9o b\u00e9b\u00e9 | PMA | Montpellier | 34 |","article_publisher":"https:\/\/www.facebook.com\/crome.fr","article_modified_time":"2019-10-03T13:18:05+00:00","twitter_card":"summary_large_image","twitter_misc":{"Dur\u00e9e de lecture estim\u00e9e":"5 minutes"},"schema":{"@context":"https:\/\/schema.org","@graph":[{"@type":"WebPage","@id":"https:\/\/www.crome.fr\/osteo-bebe-montpellier\/massage\/","url":"https:\/\/www.crome.fr\/osteo-bebe-montpellier\/massage\/","name":"Plagioc\u00e9phalie - crOme | Ost\u00e9o b\u00e9b\u00e9 | PMA | Montpellier | 34 |","isPartOf":{"@id":"https:\/\/www.crome.fr\/osteo-bebe-montpellier\/#website"},"datePublished":"2016-07-19T19:03:00+00:00","dateModified":"2019-10-03T13:18:05+00:00","description":"Massage prenatal Maisons alfort - Femme enceinte 94 - Val de Marne. crOme : Ost\u00e9o b\u00e9b\u00e9, femme enceinte, apr\u00e8s accouchement\/ R\u00e9\u00e9ducation du p\u00e9rin\u00e9\/ Pilates femme enceinte\/ Abdos Post-partum\/ ost\u00e9o Plagioc\u00e9phalie- t\u00eate plate - 94- Maisons Alfort - 95 - Montmorency","breadcrumb":{"@id":"https:\/\/www.crome.fr\/osteo-bebe-montpellier\/massage\/#breadcrumb"},"inLanguage":"fr-FR","potentialAction":[{"@type":"ReadAction","target":["https:\/\/www.crome.fr\/osteo-bebe-montpellier\/massage\/"]}]},{"@type":"BreadcrumbList","@id":"https:\/\/www.crome.fr\/osteo-bebe-montpellier\/massage\/#breadcrumb","itemListElement":[{"@type":"ListItem","position":1,"name":"Accueil","item":"https:\/\/www.crome.fr\/osteo-bebe-montpellier\/"},{"@type":"ListItem","position":2,"name":"Plagioc\u00e9phalie"}]},{"@type":"WebSite","@id":"https:\/\/www.crome.fr\/osteo-bebe-montpellier\/#website","url":"https:\/\/www.crome.fr\/osteo-bebe-montpellier\/","name":"crOme | Ost\u00e9o b\u00e9b\u00e9 | PMA | Montpellier | 34 |","description":"OSTEO B\u00e9b\u00e9, Enfant, Adolescent situ\u00e9e \u00e0 Montpellier (Assas 34820), Nathalie Gaso, Ost\u00e9opathe sp\u00e9cialis\u00e9e en P\u00e9diatrie et PMA.","potentialAction":[{"@type":"SearchAction","target":{"@type":"EntryPoint","urlTemplate":"https:\/\/www.crome.fr\/osteo-bebe-montpellier\/?s={search_term_string}"},"query-input":{"@type":"PropertyValueSpecification","valueRequired":true,"valueName":"search_term_string"}}],"inLanguage":"fr-FR"}]}},"_links":{"self":[{"href":"https:\/\/www.crome.fr\/osteo-bebe-montpellier\/wp-json\/wp\/v2\/pages\/3763","targetHints":{"allow":["GET"]}}],"collection":[{"href":"https:\/\/www.crome.fr\/osteo-bebe-montpellier\/wp-json\/wp\/v2\/pages"}],"about":[{"href":"https:\/\/www.crome.fr\/osteo-bebe-montpellier\/wp-json\/wp\/v2\/types\/page"}],"author":[{"embeddable":true,"href":"https:\/\/www.crome.fr\/osteo-bebe-montpellier\/wp-json\/wp\/v2\/users\/1"}],"replies":[{"embeddable":true,"href":"https:\/\/www.crome.fr\/osteo-bebe-montpellier\/wp-json\/wp\/v2\/comments?post=3763"}],"version-history":[{"count":17,"href":"https:\/\/www.crome.fr\/osteo-bebe-montpellier\/wp-json\/wp\/v2\/pages\/3763\/revisions"}],"predecessor-version":[{"id":4674,"href":"https:\/\/www.crome.fr\/osteo-bebe-montpellier\/wp-json\/wp\/v2\/pages\/3763\/revisions\/4674"}],"wp:attachment":[{"href":"https:\/\/www.crome.fr\/osteo-bebe-montpellier\/wp-json\/wp\/v2\/media?parent=3763"}],"curies":[{"name":"wp","href":"https:\/\/api.w.org\/{rel}","templated":true}]}}