{"id":3643,"date":"2016-07-19T16:05:01","date_gmt":"2016-07-19T16:05:01","guid":{"rendered":"http:\/\/cromebeta.a2hosted.com\/?page_id=3643"},"modified":"2026-04-02T08:05:45","modified_gmt":"2026-04-02T06:05:45","slug":"pilates-cours-collectifs-et-reformer","status":"publish","type":"page","link":"https:\/\/www.crome.fr\/osteo-bebe-montpellier\/pilates-cours-collectifs-et-reformer\/","title":{"rendered":"PMA &#038; Osteo"},"content":{"rendered":"<p>[vc_row content_width=\u00a0\u00bbgrid\u00a0\u00bb css=\u00a0\u00bb.vc_custom_1468349376846{margin-top: 30px !important;}\u00a0\u00bb][vc_column offset=\u00a0\u00bbvc_col-lg-offset-0 vc_col-lg-8 vc_col-md-12&Prime; css=\u00a0\u00bb.vc_custom_1468944354739{padding-right: 7% !important;}\u00a0\u00bb]<div class=\"mkdf-section-title-holder\">\n\t<h2 class=\"mkdf-section-title mkdf-section-title-medium\" style=\"text-align: left\">\n\tFIV ? Pensez ost\u00e9opathie pour mettre toutes les chances de votre c\u00f4t\u00e9.<\/h2>\n<\/div>[vc_column_text]Vous \u00eates actuellement en protocole FIV ? Ou vous envisagez de vous lancer dans\u00a0ce processus l\u00e0 ?<\/p>\n<p>L&rsquo;ost\u00e9opathie permet un accompagnement adapt\u00e9 \u00e0 la f\u00e9condation in Vitro. En\u00a0 optimisant les chances de <a href=\"https:\/\/www.reflexosteo.com\/pathologies\/troubles-fertilite-osteopathie-15\">tomber enceinte<\/a>. Voici pourquoi :<\/p>\n<h2>L\u2019infertilit\u00e9<\/h2>\n<p>L\u2019infertilit\u00e9, probl\u00e8me de plus en plus fr\u00e9quent, reste pourtant trop souvent tabou. Les causes de l\u2019infertilit\u00e9 sont multiples, ce qui rend son traitement complexe.<\/p>\n<p>Nos soci\u00e9t\u00e9s modernes et la contraception rendent les femmes plus libres de choisir le bon moment pour elles d\u2019avoir leur enfant, retardant l\u2019\u00e2ge moyen des femmes accouchant de leur premier enfant. Si la fertilit\u00e9 diminue avec l\u2019\u00e2ge, ce n\u2019est pas la seule raison.<\/p>\n<p>L\u2019<a href=\"https:\/\/www.reflexosteo.com\/pathologies\/endometriose-osteopathie-17\">endom\u00e9triose<\/a>, l\u2019atteinte des trompes de Fallope, les maladies chroniques (diab\u00e8tes, cancers, maladies thyro\u00efdiennes, asthme, d\u00e9pression), et la surconsommation m\u00e9dicamenteuse sont autant de facteurs d\u2019aggravation de cette infertilit\u00e9.<\/p>\n<p>De mani\u00e8re plus g\u00e9n\u00e9rale, le stress et notre environnement de plus en plus toxique perturbent notre bon m\u00e9tabolisme, notre fonctionnement g\u00e9n\u00e9ral, et donc aussi le bon fonctionnement du syst\u00e8me reproducteur (chez l\u2019homme comme chez la femme).<\/p>\n<h2>L\u2019ost\u00e9opathie pour traiter l\u2019infertilit\u00e9<\/h2>\n<p>Comme nous l\u2019\u00e9voquons dans notre article sur l\u2019inter\u00eat de l<a href=\"https:\/\/www.reflexosteo.com\/pathologies\/troubles-fertilite-osteopathie-15\">\u2018ost\u00e9opathie pour traiter l\u2019infertilit\u00e9<\/a>, l\u2019ost\u00e9opathie trouve toute sa place dans la prise en charge th\u00e9rapeutique de votre infertilit\u00e9.<\/p>\n<p>L\u2019ost\u00e9opathie est aujourd\u2019hui pl\u00e9biscit\u00e9e par un large public qui se rend bien compte des limites d\u2019une m\u00e9decine qui se r\u00e9fugie bien souvent sur une consommation m\u00e9dicamenteuse. L\u2019ost\u00e9opathie ne pr\u00e9tend pas non plus se substituer syst\u00e9matiquement \u00e0 la m\u00e9decine traditionnelle !<\/p>\n<p>Dans le cas d\u2019un protocole de F\u00e9condation in Vitro, l\u2019ost\u00e9opathie permet par exemple d\u2019optimiser le chances de r\u00e9ussite de la f\u00e9condation. Mettez donc toutes les chances de votre c\u00f4t\u00e9 en consultant un ost\u00e9opathe sp\u00e9cialis\u00e9 dans les troubles de la fertilit\u00e9.<\/p>\n<h2>FIV et ost\u00e9opathie, le duo gagnant !<\/h2>\n<p><strong>Votre syst\u00e8me gyn\u00e9cologique (trompes, ut\u00e9rus, ovaires\u2026) peut fonctionner plus ou moins bien, sans forc\u00e9ment \u00eatre malade, ou pathologique.<\/strong><\/p>\n<p>Il peut juste dysfonctionner : hypofonctionnement. Et il existe de bien nombreuses raisons pour que votre syst\u00e8me gyn\u00e9cologique soit perturb\u00e9 !<\/p>\n<p>Les tensions visc\u00e9rales, cicatricielles, ligamentaires autour des organes reproducteurs peuvent par exemple emp\u00eacher un bon apport sanguin nutritif et de fait diminuer sa fonction.<\/p>\n<p>Les \u00e9v\u00e8nements traumatiques, physiques ou psychologiques peuvent influencer la fonction gyn\u00e9cologique.<\/p>\n<p>Le stress, votre alimentation, votre activit\u00e9 physique jouent bien s\u00fbr \u00e9galement un r\u00f4le important.<\/p>\n<p>Pour autant, vous n\u2019\u00eates pas malade au sens m\u00e9dical.<\/p>\n<p>L\u2019ost\u00e9opathe lui pourra cependant rep\u00e9rer les tensions gr\u00e2ce \u00e0 des tests palpatoires et permettre de retrouver une meilleur mobilit\u00e9 et vascularisation.<\/p>\n<p>[\/vc_column_text]<div class=\"mkdf-message   mkdf-with-icon\" >\n\t<div class=\"mkdf-message-inner\">\n\t\t\n<div class=\"mkdf-message-icon-holder\">\n\t<div class=\"mkdf-message-icon\" >\n\t\t<div class=\"mkdf-message-icon-inner\">\n\t\t\t<i class=\"mkdf-icon-font-awesome fa  \" ><\/i>\t\t\t\n\t\t<\/div> \n\t<\/div>\t \n<\/div>\n\n\t\t<a href=\"#\" class=\"mkdf-close\">\n\t\t\t<i class=\"q_font_elegant_icon icon_close\" ><\/i>\n\t\t<\/a>\n\t\t<div class=\"mkdf-message-text-holder\">\n\t\t\t<div class=\"mkdf-message-text\">\n\t\t\t\t<div class=\"mkdf-message-text-inner\">\n\t\t\t\t\t<strong>Au final, l\u2019objectif de l&rsquo;ost\u00e9opathe\u00a0est de permettre une meilleure fonction reproductrice induisant une nidation optimale dans l\u2019endom\u00e8tre, sur la paroi arri\u00e8re de votre ut\u00e9rus. Si l\u2019endom\u00e8tre est de qualit\u00e9, suffisamment \u00e9paissi, vascularis\u00e9, et de nouveaux capillaires vont appara\u00eetre au moment de la nidation. Le placenta va commencer \u00e0 se former.<\/strong>\t\t\t\t<\/div>\n\t\t\t<\/div>\n\t\t<\/div>\n\t<\/div>\n<\/div>\n[\/vc_column][vc_column offset=\u00a0\u00bbvc_col-lg-4 vc_col-md-12&Prime;][vc_empty_space height=\u00a0\u00bb170px\u00a0\u00bb]<div class=\"mkdf-animations-holder mkdf-element-from-right\" data-animation=\"mkdf-element-from-right\">\n\t<div style=\"transition-delay: 200ms;-webkit-animation-delay: 200ms;animation-delay: 200ms;animation-duration: 700ms;-webkit-animation-duration: 700ms;-moz-animation-duration: 700ms\">\n\t\t\t<\/div>\n\n<\/div>[vc_column_text]Deux solutions principales sont propos\u00e9es par les m\u00e9decins :<\/p>\n<ul>\n<li>Chirurgicale et m\u00e9dicamenteuse<\/li>\n<li>Des techniques de laboratoire : la FIV (f\u00e9condation in vitro) est bien s\u00fbr la plus connue. Elle tente de recr\u00e9er en laboratoire les \u00e9tapes de la f\u00e9condation naturelle, dans un milieu pourtant artificiel.<\/li>\n<\/ul>\n<p>[\/vc_column_text][vc_empty_space height=\u00a0\u00bb170px\u00a0\u00bb][\/vc_column][\/vc_row][vc_row content_width=\u00a0\u00bbgrid\u00a0\u00bb css=\u00a0\u00bb.vc_custom_1468349409319{margin-top: 30px !important;margin-bottom: 30px !important;}\u00a0\u00bb][\/vc_row]<\/p>\n","protected":false},"excerpt":{"rendered":"<p>[vc_row content_width=\u00a0\u00bbgrid\u00a0\u00bb css=\u00a0\u00bb.vc_custom_1468349376846{margin-top: 30px !important;}\u00a0\u00bb][vc_column offset=\u00a0\u00bbvc_col-lg-offset-0 vc_col-lg-8 vc_col-md-12&Prime; css=\u00a0\u00bb.vc_custom_1468944354739{padding-right: 7% !important;}\u00a0\u00bb][vc_column_text]Vous \u00eates actuellement en protocole FIV ? Ou vous envisagez de vous lancer dans\u00a0ce processus l\u00e0 ? L&rsquo;ost\u00e9opathie permet un accompagnement adapt\u00e9&#8230;<\/p>\n","protected":false},"author":1,"featured_media":0,"parent":0,"menu_order":0,"comment_status":"closed","ping_status":"closed","template":"full-width.php","meta":{"_bbp_topic_count":0,"_bbp_reply_count":0,"_bbp_total_topic_count":0,"_bbp_total_reply_count":0,"_bbp_voice_count":0,"_bbp_anonymous_reply_count":0,"_bbp_topic_count_hidden":0,"_bbp_reply_count_hidden":0,"_bbp_forum_subforum_count":0,"om_disable_all_campaigns":false,"_mi_skip_tracking":false,"_monsterinsights_sitenote_active":false,"_monsterinsights_sitenote_note":"","_monsterinsights_sitenote_category":0,"footnotes":""},"class_list":["post-3643","page","type-page","status-publish","hentry"],"yoast_head":"<!-- This site is optimized with the Yoast SEO plugin v26.9 - https:\/\/yoast.com\/product\/yoast-seo-wordpress\/ -->\n<title>PMA &amp; Osteo - crOme | Ost\u00e9o b\u00e9b\u00e9 | PMA | Montpellier | 34 |<\/title>\n<meta name=\"description\" content=\"Groupe de Pilates femme enceinte - rose pilates\" \/>\n<meta name=\"robots\" content=\"index, follow, max-snippet:-1, max-image-preview:large, max-video-preview:-1\" \/>\n<link rel=\"canonical\" href=\"https:\/\/www.crome.fr\/osteo-bebe-montpellier\/pilates-cours-collectifs-et-reformer\/\" \/>\n<meta property=\"og:locale\" content=\"fr_FR\" \/>\n<meta property=\"og:type\" content=\"article\" \/>\n<meta property=\"og:title\" content=\"PMA &amp; Osteo - crOme | Ost\u00e9o b\u00e9b\u00e9 | PMA | Montpellier | 34 |\" \/>\n<meta property=\"og:description\" content=\"Groupe de Pilates femme enceinte - rose pilates\" \/>\n<meta property=\"og:url\" content=\"https:\/\/www.crome.fr\/osteo-bebe-montpellier\/pilates-cours-collectifs-et-reformer\/\" \/>\n<meta property=\"og:site_name\" content=\"crOme | Ost\u00e9o b\u00e9b\u00e9 | PMA | Montpellier | 34 |\" \/>\n<meta property=\"article:publisher\" content=\"https:\/\/www.facebook.com\/crome.fr\" \/>\n<meta property=\"article:modified_time\" content=\"2026-04-02T06:05:45+00:00\" \/>\n<meta name=\"twitter:card\" content=\"summary_large_image\" \/>\n<meta name=\"twitter:label1\" content=\"Dur\u00e9e de lecture estim\u00e9e\" \/>\n\t<meta name=\"twitter:data1\" content=\"3 minutes\" \/>\n<script type=\"application\/ld+json\" class=\"yoast-schema-graph\">{\"@context\":\"https:\/\/schema.org\",\"@graph\":[{\"@type\":\"WebPage\",\"@id\":\"https:\/\/www.crome.fr\/osteo-bebe-montpellier\/pilates-cours-collectifs-et-reformer\/\",\"url\":\"https:\/\/www.crome.fr\/osteo-bebe-montpellier\/pilates-cours-collectifs-et-reformer\/\",\"name\":\"PMA & Osteo - crOme | Ost\u00e9o b\u00e9b\u00e9 | PMA | Montpellier | 34 |\",\"isPartOf\":{\"@id\":\"https:\/\/www.crome.fr\/osteo-bebe-montpellier\/#website\"},\"datePublished\":\"2016-07-19T16:05:01+00:00\",\"dateModified\":\"2026-04-02T06:05:45+00:00\",\"description\":\"Groupe de Pilates femme enceinte - rose pilates\",\"breadcrumb\":{\"@id\":\"https:\/\/www.crome.fr\/osteo-bebe-montpellier\/pilates-cours-collectifs-et-reformer\/#breadcrumb\"},\"inLanguage\":\"fr-FR\",\"potentialAction\":[{\"@type\":\"ReadAction\",\"target\":[\"https:\/\/www.crome.fr\/osteo-bebe-montpellier\/pilates-cours-collectifs-et-reformer\/\"]}]},{\"@type\":\"BreadcrumbList\",\"@id\":\"https:\/\/www.crome.fr\/osteo-bebe-montpellier\/pilates-cours-collectifs-et-reformer\/#breadcrumb\",\"itemListElement\":[{\"@type\":\"ListItem\",\"position\":1,\"name\":\"Accueil\",\"item\":\"https:\/\/www.crome.fr\/osteo-bebe-montpellier\/\"},{\"@type\":\"ListItem\",\"position\":2,\"name\":\"PMA &#038; Osteo\"}]},{\"@type\":\"WebSite\",\"@id\":\"https:\/\/www.crome.fr\/osteo-bebe-montpellier\/#website\",\"url\":\"https:\/\/www.crome.fr\/osteo-bebe-montpellier\/\",\"name\":\"crOme | Ost\u00e9o b\u00e9b\u00e9 | PMA | Montpellier | 34 |\",\"description\":\"OSTEO B\u00e9b\u00e9, Enfant, Adolescent situ\u00e9e \u00e0 Montpellier (Assas 34820), Nathalie Gaso, Ost\u00e9opathe sp\u00e9cialis\u00e9e en P\u00e9diatrie et PMA.\",\"potentialAction\":[{\"@type\":\"SearchAction\",\"target\":{\"@type\":\"EntryPoint\",\"urlTemplate\":\"https:\/\/www.crome.fr\/osteo-bebe-montpellier\/?s={search_term_string}\"},\"query-input\":{\"@type\":\"PropertyValueSpecification\",\"valueRequired\":true,\"valueName\":\"search_term_string\"}}],\"inLanguage\":\"fr-FR\"}]}<\/script>\n<!-- \/ Yoast SEO plugin. -->","yoast_head_json":{"title":"PMA & Osteo - crOme | Ost\u00e9o b\u00e9b\u00e9 | PMA | Montpellier | 34 |","description":"Groupe de Pilates femme enceinte - rose pilates","robots":{"index":"index","follow":"follow","max-snippet":"max-snippet:-1","max-image-preview":"max-image-preview:large","max-video-preview":"max-video-preview:-1"},"canonical":"https:\/\/www.crome.fr\/osteo-bebe-montpellier\/pilates-cours-collectifs-et-reformer\/","og_locale":"fr_FR","og_type":"article","og_title":"PMA & Osteo - crOme | Ost\u00e9o b\u00e9b\u00e9 | PMA | Montpellier | 34 |","og_description":"Groupe de Pilates femme enceinte - rose pilates","og_url":"https:\/\/www.crome.fr\/osteo-bebe-montpellier\/pilates-cours-collectifs-et-reformer\/","og_site_name":"crOme | Ost\u00e9o b\u00e9b\u00e9 | PMA | Montpellier | 34 |","article_publisher":"https:\/\/www.facebook.com\/crome.fr","article_modified_time":"2026-04-02T06:05:45+00:00","twitter_card":"summary_large_image","twitter_misc":{"Dur\u00e9e de lecture estim\u00e9e":"3 minutes"},"schema":{"@context":"https:\/\/schema.org","@graph":[{"@type":"WebPage","@id":"https:\/\/www.crome.fr\/osteo-bebe-montpellier\/pilates-cours-collectifs-et-reformer\/","url":"https:\/\/www.crome.fr\/osteo-bebe-montpellier\/pilates-cours-collectifs-et-reformer\/","name":"PMA & Osteo - crOme | Ost\u00e9o b\u00e9b\u00e9 | PMA | Montpellier | 34 |","isPartOf":{"@id":"https:\/\/www.crome.fr\/osteo-bebe-montpellier\/#website"},"datePublished":"2016-07-19T16:05:01+00:00","dateModified":"2026-04-02T06:05:45+00:00","description":"Groupe de Pilates femme enceinte - rose pilates","breadcrumb":{"@id":"https:\/\/www.crome.fr\/osteo-bebe-montpellier\/pilates-cours-collectifs-et-reformer\/#breadcrumb"},"inLanguage":"fr-FR","potentialAction":[{"@type":"ReadAction","target":["https:\/\/www.crome.fr\/osteo-bebe-montpellier\/pilates-cours-collectifs-et-reformer\/"]}]},{"@type":"BreadcrumbList","@id":"https:\/\/www.crome.fr\/osteo-bebe-montpellier\/pilates-cours-collectifs-et-reformer\/#breadcrumb","itemListElement":[{"@type":"ListItem","position":1,"name":"Accueil","item":"https:\/\/www.crome.fr\/osteo-bebe-montpellier\/"},{"@type":"ListItem","position":2,"name":"PMA &#038; Osteo"}]},{"@type":"WebSite","@id":"https:\/\/www.crome.fr\/osteo-bebe-montpellier\/#website","url":"https:\/\/www.crome.fr\/osteo-bebe-montpellier\/","name":"crOme | Ost\u00e9o b\u00e9b\u00e9 | PMA | Montpellier | 34 |","description":"OSTEO B\u00e9b\u00e9, Enfant, Adolescent situ\u00e9e \u00e0 Montpellier (Assas 34820), Nathalie Gaso, Ost\u00e9opathe sp\u00e9cialis\u00e9e en P\u00e9diatrie et PMA.","potentialAction":[{"@type":"SearchAction","target":{"@type":"EntryPoint","urlTemplate":"https:\/\/www.crome.fr\/osteo-bebe-montpellier\/?s={search_term_string}"},"query-input":{"@type":"PropertyValueSpecification","valueRequired":true,"valueName":"search_term_string"}}],"inLanguage":"fr-FR"}]}},"_links":{"self":[{"href":"https:\/\/www.crome.fr\/osteo-bebe-montpellier\/wp-json\/wp\/v2\/pages\/3643","targetHints":{"allow":["GET"]}}],"collection":[{"href":"https:\/\/www.crome.fr\/osteo-bebe-montpellier\/wp-json\/wp\/v2\/pages"}],"about":[{"href":"https:\/\/www.crome.fr\/osteo-bebe-montpellier\/wp-json\/wp\/v2\/types\/page"}],"author":[{"embeddable":true,"href":"https:\/\/www.crome.fr\/osteo-bebe-montpellier\/wp-json\/wp\/v2\/users\/1"}],"replies":[{"embeddable":true,"href":"https:\/\/www.crome.fr\/osteo-bebe-montpellier\/wp-json\/wp\/v2\/comments?post=3643"}],"version-history":[{"count":41,"href":"https:\/\/www.crome.fr\/osteo-bebe-montpellier\/wp-json\/wp\/v2\/pages\/3643\/revisions"}],"predecessor-version":[{"id":4867,"href":"https:\/\/www.crome.fr\/osteo-bebe-montpellier\/wp-json\/wp\/v2\/pages\/3643\/revisions\/4867"}],"wp:attachment":[{"href":"https:\/\/www.crome.fr\/osteo-bebe-montpellier\/wp-json\/wp\/v2\/media?parent=3643"}],"curies":[{"name":"wp","href":"https:\/\/api.w.org\/{rel}","templated":true}]}}