{"id":3632,"date":"2016-07-12T19:48:39","date_gmt":"2016-07-12T19:48:39","guid":{"rendered":"http:\/\/cromebeta.a2hosted.com\/?page_id=3632"},"modified":"2019-10-03T12:16:37","modified_gmt":"2019-10-03T12:16:37","slug":"pathologie-post-accouchement","status":"publish","type":"page","link":"https:\/\/www.crome.fr\/osteo-bebe-montpellier\/pathologie-post-accouchement\/","title":{"rendered":"Pathologie post-accouchement"},"content":{"rendered":"<p>[vc_row content_width=\u00a0\u00bbgrid\u00a0\u00bb css=\u00a0\u00bb.vc_custom_1468351311333{margin-top: 30px !important;}\u00a0\u00bb][vc_column offset=\u00a0\u00bbvc_col-lg-12 vc_col-md-12&Prime;][vc_column_text]Suite \u00e0 l&rsquo;accouchement, diverses pathologies peuvent appara\u00eetre quelques jours \u00e0 quelques semaines apr\u00e8s l&rsquo;accouchement. Ces derni\u00e8res peuvent \u00eatre trait\u00e9es\u00a0 en ost\u00e9opathie.<\/p>\n<ul>\n<li><strong>douleur de coccyx<\/strong> : lors de l&rsquo;expulsion, si la t\u00eate du b\u00e9b\u00e9 appuie intens\u00e9ment sur le coccyx, ce dernier se \u00a0 \u00ab\u00a0d\u00e9place\u00a0\u00bb l\u00e9g\u00e8rement en arri\u00e8re ou est d\u00e9vi\u00e9 sur un c\u00f4t\u00e9 entrainant des douleurs sur le coccyx (coccygodynies). A traiter en ost\u00e9opathie.<\/li>\n<li><strong>Lombalgie, dorsolombalgies*<\/strong>: suite de la p\u00e9ridurale ou \u00e0 un d\u00e9s\u00e9quilibre du bassin pendant la grossesse, modifications posturales, augmentation de la lordose durant la grossesse&#8230; peuvent \u00eatre trait\u00e9es en ost\u00e9opathie.<\/li>\n<li><strong>douleurs cicatricielles de l\u2019\u00e9pisiotomie et de la c\u00e9sarienne\u00a0<\/strong>: la cicatrisation entra\u00eene une fibrose des tissus, moins souple, elle peut former une \u00abbride cicatricielle\u00bb. Un travail en d\u00e9roul\u00e9 tissulaire de la cicatrice est <strong>essentiel<\/strong> en cas de douleurs cicatricielles.<\/li>\n<li><strong>douleurs ano-rectales<\/strong>, directement li\u00e9es \u00e0 l\u2019accouchement, r\u00e9veill\u00e9 par la d\u00e9f\u00e9cation laborieuse.<\/li>\n<li><strong>douleurs sus-pubiennes des c\u00e9sariennes<\/strong>, les <strong>douleurs abdomino-pelviennes\u00a0<\/strong>: les interventions chirurgicales cr\u00e9ent certaines limitations de mouvement au sein des tissus. Lib\u00e9rer ces structures est primordial au retour \u00e0 une mobilit\u00e9 naturelle et physiologique des facsias, de l&rsquo;ut\u00e9rus et de la vessie.<\/li>\n<\/ul>\n<p>[\/vc_column_text][\/vc_column][\/vc_row][vc_row content_width=\u00a0\u00bbgrid\u00a0\u00bb css=\u00a0\u00bb.vc_custom_1468351305249{margin-top: 30px !important;margin-bottom: 30px !important;}\u00a0\u00bb][vc_column offset=\u00a0\u00bbvc_col-lg-12 vc_col-md-12&Prime;]<div class=\"mkdf-section-title-holder\">\n\t<h2 class=\"mkdf-section-title mkdf-section-title-medium\" style=\"text-align: left\">\n\tLes douleurs dorsolombaires , suite \u00e0 l&#039;accouchement peuvent avoir plusieurs causes<\/h2>\n<\/div>[vc_column_text]Quand prendre RDV en Ost\u00e9o ?<\/p>\n<ul>\n<li>p\u00e9ridurale.<\/li>\n<li>le manque de sommeil, mauvaise r\u00e9cup\u00e9ration.<\/li>\n<li>si allaitement, l&rsquo;accroissement du volume des seins entra\u00eene un d\u00e9s\u00e9quilibre postural.<\/li>\n<li>manutention du nouveau n\u00e9.<\/li>\n<\/ul>\n<p>[\/vc_column_text][\/vc_column][\/vc_row][vc_row content_width=\u00a0\u00bbgrid\u00a0\u00bb css=\u00a0\u00bb.vc_custom_1468351305249{margin-top: 30px !important;margin-bottom: 30px !important;}\u00a0\u00bb][vc_column offset=\u00a0\u00bbvc_col-lg-12 vc_col-md-12&Prime;]<div class=\"mkdf-section-title-holder\">\n\t<h2 class=\"mkdf-section-title mkdf-section-title-medium\" style=\"text-align: left\">\n\tTraitement<\/h2>\n<\/div>[vc_column_text]Apr\u00e8s un bilan pr\u00e9cis du masseur-kin\u00e9sith\u00e9rapeute, la r\u00e9\u00e9ducation du patient se fait selon un programme de soins d\u00e9finis, et parfois en compl\u00e9mentarit\u00e9 avec d&rsquo;autres pratiques telles que : l&rsquo;ost\u00e9opathe, le coach sportif&#8230;.<\/p>\n<p>Le masseur-kin\u00e9sith\u00e9rapeute conseille la patiente en fonction de ses besoins vers le ou les th\u00e9rapeutes le plus appropri\u00e9s.[\/vc_column_text][\/vc_column][\/vc_row]<\/p>\n","protected":false},"excerpt":{"rendered":"<p>[vc_row content_width=\u00a0\u00bbgrid\u00a0\u00bb css=\u00a0\u00bb.vc_custom_1468351311333{margin-top: 30px !important;}\u00a0\u00bb][vc_column offset=\u00a0\u00bbvc_col-lg-12 vc_col-md-12&Prime;][vc_column_text]Suite \u00e0 l&rsquo;accouchement, diverses pathologies peuvent appara\u00eetre quelques jours \u00e0 quelques semaines apr\u00e8s l&rsquo;accouchement. Ces derni\u00e8res peuvent \u00eatre trait\u00e9es\u00a0 en ost\u00e9opathie. douleur de coccyx : lors&#8230;<\/p>\n","protected":false},"author":1,"featured_media":0,"parent":0,"menu_order":0,"comment_status":"closed","ping_status":"closed","template":"full-width.php","meta":{"_bbp_topic_count":0,"_bbp_reply_count":0,"_bbp_total_topic_count":0,"_bbp_total_reply_count":0,"_bbp_voice_count":0,"_bbp_anonymous_reply_count":0,"_bbp_topic_count_hidden":0,"_bbp_reply_count_hidden":0,"_bbp_forum_subforum_count":0,"om_disable_all_campaigns":false,"_mi_skip_tracking":false,"_monsterinsights_sitenote_active":false,"_monsterinsights_sitenote_note":"","_monsterinsights_sitenote_category":0,"footnotes":""},"class_list":["post-3632","page","type-page","status-publish","hentry"],"yoast_head":"<!-- This site is optimized with the Yoast SEO plugin v26.9 - https:\/\/yoast.com\/product\/yoast-seo-wordpress\/ -->\n<title>Pathologie post-accouchement - crOme | Ost\u00e9o b\u00e9b\u00e9 | PMA | Montpellier | 34 |<\/title>\n<meta name=\"description\" content=\"CROME-sant\u00e9, situ\u00e9 \u00e0 Maisons-Alfort (94), est une centre de r\u00e9\u00e9ducation en kin\u00e9sith\u00e9rapie sp\u00e9cialis\u00e9 dans le prise en charge des pathologies et douleurs de suite de couche - post accouchement\" \/>\n<meta name=\"robots\" content=\"index, follow, max-snippet:-1, max-image-preview:large, max-video-preview:-1\" \/>\n<link rel=\"canonical\" href=\"https:\/\/www.crome.fr\/osteo-bebe-montpellier\/pathologie-post-accouchement\/\" \/>\n<meta property=\"og:locale\" content=\"fr_FR\" \/>\n<meta property=\"og:type\" content=\"article\" \/>\n<meta property=\"og:title\" content=\"Pathologie post-accouchement - crOme | Ost\u00e9o b\u00e9b\u00e9 | PMA | Montpellier | 34 |\" \/>\n<meta property=\"og:description\" content=\"CROME-sant\u00e9, situ\u00e9 \u00e0 Maisons-Alfort (94), est une centre de r\u00e9\u00e9ducation en kin\u00e9sith\u00e9rapie sp\u00e9cialis\u00e9 dans le prise en charge des pathologies et douleurs de suite de couche - post accouchement\" \/>\n<meta property=\"og:url\" content=\"https:\/\/www.crome.fr\/osteo-bebe-montpellier\/pathologie-post-accouchement\/\" \/>\n<meta property=\"og:site_name\" content=\"crOme | Ost\u00e9o b\u00e9b\u00e9 | PMA | Montpellier | 34 |\" \/>\n<meta property=\"article:publisher\" content=\"https:\/\/www.facebook.com\/crome.fr\" \/>\n<meta property=\"article:modified_time\" content=\"2019-10-03T12:16:37+00:00\" \/>\n<meta name=\"twitter:card\" content=\"summary_large_image\" \/>\n<meta name=\"twitter:label1\" content=\"Dur\u00e9e de lecture estim\u00e9e\" \/>\n\t<meta name=\"twitter:data1\" content=\"2 minutes\" \/>\n<script type=\"application\/ld+json\" class=\"yoast-schema-graph\">{\"@context\":\"https:\/\/schema.org\",\"@graph\":[{\"@type\":\"WebPage\",\"@id\":\"https:\/\/www.crome.fr\/osteo-bebe-montpellier\/pathologie-post-accouchement\/\",\"url\":\"https:\/\/www.crome.fr\/osteo-bebe-montpellier\/pathologie-post-accouchement\/\",\"name\":\"Pathologie post-accouchement - crOme | Ost\u00e9o b\u00e9b\u00e9 | PMA | Montpellier | 34 |\",\"isPartOf\":{\"@id\":\"https:\/\/www.crome.fr\/osteo-bebe-montpellier\/#website\"},\"datePublished\":\"2016-07-12T19:48:39+00:00\",\"dateModified\":\"2019-10-03T12:16:37+00:00\",\"description\":\"CROME-sant\u00e9, situ\u00e9 \u00e0 Maisons-Alfort (94), est une centre de r\u00e9\u00e9ducation en kin\u00e9sith\u00e9rapie sp\u00e9cialis\u00e9 dans le prise en charge des pathologies et douleurs de suite de couche - post accouchement\",\"breadcrumb\":{\"@id\":\"https:\/\/www.crome.fr\/osteo-bebe-montpellier\/pathologie-post-accouchement\/#breadcrumb\"},\"inLanguage\":\"fr-FR\",\"potentialAction\":[{\"@type\":\"ReadAction\",\"target\":[\"https:\/\/www.crome.fr\/osteo-bebe-montpellier\/pathologie-post-accouchement\/\"]}]},{\"@type\":\"BreadcrumbList\",\"@id\":\"https:\/\/www.crome.fr\/osteo-bebe-montpellier\/pathologie-post-accouchement\/#breadcrumb\",\"itemListElement\":[{\"@type\":\"ListItem\",\"position\":1,\"name\":\"Accueil\",\"item\":\"https:\/\/www.crome.fr\/osteo-bebe-montpellier\/\"},{\"@type\":\"ListItem\",\"position\":2,\"name\":\"Pathologie post-accouchement\"}]},{\"@type\":\"WebSite\",\"@id\":\"https:\/\/www.crome.fr\/osteo-bebe-montpellier\/#website\",\"url\":\"https:\/\/www.crome.fr\/osteo-bebe-montpellier\/\",\"name\":\"crOme | Ost\u00e9o b\u00e9b\u00e9 | PMA | Montpellier | 34 |\",\"description\":\"OSTEO B\u00e9b\u00e9, Enfant, Adolescent situ\u00e9e \u00e0 Montpellier (Assas 34820), Nathalie Gaso, Ost\u00e9opathe sp\u00e9cialis\u00e9e en P\u00e9diatrie et PMA.\",\"potentialAction\":[{\"@type\":\"SearchAction\",\"target\":{\"@type\":\"EntryPoint\",\"urlTemplate\":\"https:\/\/www.crome.fr\/osteo-bebe-montpellier\/?s={search_term_string}\"},\"query-input\":{\"@type\":\"PropertyValueSpecification\",\"valueRequired\":true,\"valueName\":\"search_term_string\"}}],\"inLanguage\":\"fr-FR\"}]}<\/script>\n<!-- \/ Yoast SEO plugin. -->","yoast_head_json":{"title":"Pathologie post-accouchement - crOme | Ost\u00e9o b\u00e9b\u00e9 | PMA | Montpellier | 34 |","description":"CROME-sant\u00e9, situ\u00e9 \u00e0 Maisons-Alfort (94), est une centre de r\u00e9\u00e9ducation en kin\u00e9sith\u00e9rapie sp\u00e9cialis\u00e9 dans le prise en charge des pathologies et douleurs de suite de couche - post accouchement","robots":{"index":"index","follow":"follow","max-snippet":"max-snippet:-1","max-image-preview":"max-image-preview:large","max-video-preview":"max-video-preview:-1"},"canonical":"https:\/\/www.crome.fr\/osteo-bebe-montpellier\/pathologie-post-accouchement\/","og_locale":"fr_FR","og_type":"article","og_title":"Pathologie post-accouchement - crOme | Ost\u00e9o b\u00e9b\u00e9 | PMA | Montpellier | 34 |","og_description":"CROME-sant\u00e9, situ\u00e9 \u00e0 Maisons-Alfort (94), est une centre de r\u00e9\u00e9ducation en kin\u00e9sith\u00e9rapie sp\u00e9cialis\u00e9 dans le prise en charge des pathologies et douleurs de suite de couche - post accouchement","og_url":"https:\/\/www.crome.fr\/osteo-bebe-montpellier\/pathologie-post-accouchement\/","og_site_name":"crOme | Ost\u00e9o b\u00e9b\u00e9 | PMA | Montpellier | 34 |","article_publisher":"https:\/\/www.facebook.com\/crome.fr","article_modified_time":"2019-10-03T12:16:37+00:00","twitter_card":"summary_large_image","twitter_misc":{"Dur\u00e9e de lecture estim\u00e9e":"2 minutes"},"schema":{"@context":"https:\/\/schema.org","@graph":[{"@type":"WebPage","@id":"https:\/\/www.crome.fr\/osteo-bebe-montpellier\/pathologie-post-accouchement\/","url":"https:\/\/www.crome.fr\/osteo-bebe-montpellier\/pathologie-post-accouchement\/","name":"Pathologie post-accouchement - crOme | Ost\u00e9o b\u00e9b\u00e9 | PMA | Montpellier | 34 |","isPartOf":{"@id":"https:\/\/www.crome.fr\/osteo-bebe-montpellier\/#website"},"datePublished":"2016-07-12T19:48:39+00:00","dateModified":"2019-10-03T12:16:37+00:00","description":"CROME-sant\u00e9, situ\u00e9 \u00e0 Maisons-Alfort (94), est une centre de r\u00e9\u00e9ducation en kin\u00e9sith\u00e9rapie sp\u00e9cialis\u00e9 dans le prise en charge des pathologies et douleurs de suite de couche - post accouchement","breadcrumb":{"@id":"https:\/\/www.crome.fr\/osteo-bebe-montpellier\/pathologie-post-accouchement\/#breadcrumb"},"inLanguage":"fr-FR","potentialAction":[{"@type":"ReadAction","target":["https:\/\/www.crome.fr\/osteo-bebe-montpellier\/pathologie-post-accouchement\/"]}]},{"@type":"BreadcrumbList","@id":"https:\/\/www.crome.fr\/osteo-bebe-montpellier\/pathologie-post-accouchement\/#breadcrumb","itemListElement":[{"@type":"ListItem","position":1,"name":"Accueil","item":"https:\/\/www.crome.fr\/osteo-bebe-montpellier\/"},{"@type":"ListItem","position":2,"name":"Pathologie post-accouchement"}]},{"@type":"WebSite","@id":"https:\/\/www.crome.fr\/osteo-bebe-montpellier\/#website","url":"https:\/\/www.crome.fr\/osteo-bebe-montpellier\/","name":"crOme | Ost\u00e9o b\u00e9b\u00e9 | PMA | Montpellier | 34 |","description":"OSTEO B\u00e9b\u00e9, Enfant, Adolescent situ\u00e9e \u00e0 Montpellier (Assas 34820), Nathalie Gaso, Ost\u00e9opathe sp\u00e9cialis\u00e9e en P\u00e9diatrie et PMA.","potentialAction":[{"@type":"SearchAction","target":{"@type":"EntryPoint","urlTemplate":"https:\/\/www.crome.fr\/osteo-bebe-montpellier\/?s={search_term_string}"},"query-input":{"@type":"PropertyValueSpecification","valueRequired":true,"valueName":"search_term_string"}}],"inLanguage":"fr-FR"}]}},"_links":{"self":[{"href":"https:\/\/www.crome.fr\/osteo-bebe-montpellier\/wp-json\/wp\/v2\/pages\/3632","targetHints":{"allow":["GET"]}}],"collection":[{"href":"https:\/\/www.crome.fr\/osteo-bebe-montpellier\/wp-json\/wp\/v2\/pages"}],"about":[{"href":"https:\/\/www.crome.fr\/osteo-bebe-montpellier\/wp-json\/wp\/v2\/types\/page"}],"author":[{"embeddable":true,"href":"https:\/\/www.crome.fr\/osteo-bebe-montpellier\/wp-json\/wp\/v2\/users\/1"}],"replies":[{"embeddable":true,"href":"https:\/\/www.crome.fr\/osteo-bebe-montpellier\/wp-json\/wp\/v2\/comments?post=3632"}],"version-history":[{"count":4,"href":"https:\/\/www.crome.fr\/osteo-bebe-montpellier\/wp-json\/wp\/v2\/pages\/3632\/revisions"}],"predecessor-version":[{"id":4662,"href":"https:\/\/www.crome.fr\/osteo-bebe-montpellier\/wp-json\/wp\/v2\/pages\/3632\/revisions\/4662"}],"wp:attachment":[{"href":"https:\/\/www.crome.fr\/osteo-bebe-montpellier\/wp-json\/wp\/v2\/media?parent=3632"}],"curies":[{"name":"wp","href":"https:\/\/api.w.org\/{rel}","templated":true}]}}