{"id":3629,"date":"2016-07-12T19:45:11","date_gmt":"2016-07-12T19:45:11","guid":{"rendered":"http:\/\/cromebeta.a2hosted.com\/?page_id=3629"},"modified":"2019-10-01T17:22:22","modified_gmt":"2019-10-01T17:22:22","slug":"abdos-de-gasquet","status":"publish","type":"page","link":"https:\/\/www.crome.fr\/osteo-bebe-montpellier\/abdos-de-gasquet\/","title":{"rendered":"L&rsquo;Enfant sportif &#038; Ost\u00e9o"},"content":{"rendered":"<p>[vc_row content_width=\u00a0\u00bbgrid\u00a0\u00bb css=\u00a0\u00bb.vc_custom_1468351311333{margin-top: 30px !important;}\u00a0\u00bb][vc_column offset=\u00a0\u00bbvc_col-lg-12 vc_col-md-12&Prime;][vc_column_text]<\/p>\n<h2><strong>L\u2019ost\u00e9opathie chez l\u2019enfant sporti<\/strong>f<\/h2>\n<p>Elle est particuli\u00e8rement indiqu\u00e9e pour corriger les cons\u00e9quences des chutes et traumatismes.<\/p>\n<p>De mani\u00e8re pr\u00e9ventive, des bilans r\u00e9guliers sont \u00e9galement recommand\u00e9s pour suivre l\u2019enfant sportif dans son d\u00e9veloppement. Il est int\u00e9ressant de contr\u00f4ler les candidats qui se destinent \u00e0 une activit\u00e9 sportive intense. La conservation de l\u2019\u00e9quilibre de leur corps permettra de pratiquer ce sport durablement.<\/p>\n<h3>Quand consulter ?<\/h3>\n<p><span class=\"hilight\">\u00c0 titre pr\u00e9ventif<\/span>\u00a0:<\/p>\n<ul>\n<li class=\"last\">pour \u00e9tablir un \u201ccheck up\u201d, pour pr\u00e9parer une \u00e9preuve.<\/li>\n<\/ul>\n<p><span class=\"hilight\">\u00c0 titre curatif<\/span>\u00a0:<\/p>\n<ul>\n<li>pour r\u00e9\u00e9quilibrer de fa\u00e7on tr\u00e8s pr\u00e9cise les axes articulaires qui ont \u00e9t\u00e9 perturb\u00e9s par un choc;<\/li>\n<li>apr\u00e8s fractures, entorses, op\u00e9rations chirurgicales pour aider \u00e0 une bonne cicatrisation;<\/li>\n<li class=\"last\">pour effacer les traumatismes m\u00eame anciens.<\/li>\n<\/ul>\n<p><span class=\"hilight\">Mais aussi en cas de<\/span>\u00a0:<\/p>\n<ul>\n<li>chutes sans traumatismes osseux ni l\u00e9sions visibles sur une radiodouleurs articulaires diverses;<\/li>\n<li>tennis elbow, talalgies, pubalgies, p\u00e9riarthrites, \u00e9picondylites\u2026;<\/li>\n<li>essoufflement \u00e0 l\u2019effort, \u201cpoint de c\u00f4t\u00e9\u201d\u2026;<\/li>\n<li>sciatiques, cruralgies, cervicalgies, dorsalgies, lombalgies;<\/li>\n<li>maux de t\u00eate, troubles de l\u2019\u00e9quilibre, vertiges;<\/li>\n<li>mauvaise r\u00e9cup\u00e9ration entre les \u00e9preuves;<\/li>\n<li class=\"last\">stress, manque de concentration, troubles du sommeil.<\/li>\n<\/ul>\n<p>[\/vc_column_text][\/vc_column][\/vc_row][vc_row content_width=\u00a0\u00bbgrid\u00a0\u00bb css=\u00a0\u00bb.vc_custom_1468351305249{margin-top: 30px !important;margin-bottom: 30px !important;}\u00a0\u00bb][vc_column offset=\u00a0\u00bbvc_col-lg-12 vc_col-md-12&Prime;][\/vc_column][\/vc_row]<\/p>\n","protected":false},"excerpt":{"rendered":"<p>[vc_row content_width=\u00a0\u00bbgrid\u00a0\u00bb css=\u00a0\u00bb.vc_custom_1468351311333{margin-top: 30px !important;}\u00a0\u00bb][vc_column offset=\u00a0\u00bbvc_col-lg-12 vc_col-md-12&Prime;][vc_column_text] L\u2019ost\u00e9opathie chez l\u2019enfant sportif Elle est particuli\u00e8rement indiqu\u00e9e pour corriger les cons\u00e9quences des chutes et traumatismes. De mani\u00e8re pr\u00e9ventive, des bilans r\u00e9guliers sont \u00e9galement recommand\u00e9s&#8230;<\/p>\n","protected":false},"author":1,"featured_media":0,"parent":0,"menu_order":0,"comment_status":"closed","ping_status":"closed","template":"full-width.php","meta":{"_bbp_topic_count":0,"_bbp_reply_count":0,"_bbp_total_topic_count":0,"_bbp_total_reply_count":0,"_bbp_voice_count":0,"_bbp_anonymous_reply_count":0,"_bbp_topic_count_hidden":0,"_bbp_reply_count_hidden":0,"_bbp_forum_subforum_count":0,"om_disable_all_campaigns":false,"_mi_skip_tracking":false,"_monsterinsights_sitenote_active":false,"_monsterinsights_sitenote_note":"","_monsterinsights_sitenote_category":0,"footnotes":""},"class_list":["post-3629","page","type-page","status-publish","hentry"],"yoast_head":"<!-- This site is optimized with the Yoast SEO plugin v26.9 - https:\/\/yoast.com\/product\/yoast-seo-wordpress\/ -->\n<title>L&#039;Enfant sportif &amp; Ost\u00e9o - crOme | Ost\u00e9o b\u00e9b\u00e9 | PMA | Montpellier | 34 |<\/title>\n<meta name=\"description\" content=\"CROME-sant\u00e9 est un centre de kin\u00e9sith\u00e9rapeutes sp\u00e9cialis\u00e9s en gymnastique hypopressive post partum. Le renforcement abdominal en hypopressif est r\u00e9alis\u00e9 selon la m\u00e9thode De Gasquet.\" \/>\n<meta name=\"robots\" content=\"index, follow, max-snippet:-1, max-image-preview:large, max-video-preview:-1\" \/>\n<link rel=\"canonical\" href=\"https:\/\/www.crome.fr\/osteo-bebe-montpellier\/abdos-de-gasquet\/\" \/>\n<meta property=\"og:locale\" content=\"fr_FR\" \/>\n<meta property=\"og:type\" content=\"article\" \/>\n<meta property=\"og:title\" content=\"L&#039;Enfant sportif &amp; Ost\u00e9o - crOme | Ost\u00e9o b\u00e9b\u00e9 | PMA | Montpellier | 34 |\" \/>\n<meta property=\"og:description\" content=\"CROME-sant\u00e9 est un centre de kin\u00e9sith\u00e9rapeutes sp\u00e9cialis\u00e9s en gymnastique hypopressive post partum. Le renforcement abdominal en hypopressif est r\u00e9alis\u00e9 selon la m\u00e9thode De Gasquet.\" \/>\n<meta property=\"og:url\" content=\"https:\/\/www.crome.fr\/osteo-bebe-montpellier\/abdos-de-gasquet\/\" \/>\n<meta property=\"og:site_name\" content=\"crOme | Ost\u00e9o b\u00e9b\u00e9 | PMA | Montpellier | 34 |\" \/>\n<meta property=\"article:publisher\" content=\"https:\/\/www.facebook.com\/crome.fr\" \/>\n<meta property=\"article:modified_time\" content=\"2019-10-01T17:22:22+00:00\" \/>\n<meta name=\"twitter:card\" content=\"summary_large_image\" \/>\n<meta name=\"twitter:label1\" content=\"Dur\u00e9e de lecture estim\u00e9e\" \/>\n\t<meta name=\"twitter:data1\" content=\"1 minute\" \/>\n<script type=\"application\/ld+json\" class=\"yoast-schema-graph\">{\"@context\":\"https:\/\/schema.org\",\"@graph\":[{\"@type\":\"WebPage\",\"@id\":\"https:\/\/www.crome.fr\/osteo-bebe-montpellier\/abdos-de-gasquet\/\",\"url\":\"https:\/\/www.crome.fr\/osteo-bebe-montpellier\/abdos-de-gasquet\/\",\"name\":\"L'Enfant sportif & Ost\u00e9o - crOme | Ost\u00e9o b\u00e9b\u00e9 | PMA | Montpellier | 34 |\",\"isPartOf\":{\"@id\":\"https:\/\/www.crome.fr\/osteo-bebe-montpellier\/#website\"},\"datePublished\":\"2016-07-12T19:45:11+00:00\",\"dateModified\":\"2019-10-01T17:22:22+00:00\",\"description\":\"CROME-sant\u00e9 est un centre de kin\u00e9sith\u00e9rapeutes sp\u00e9cialis\u00e9s en gymnastique hypopressive post partum. Le renforcement abdominal en hypopressif est r\u00e9alis\u00e9 selon la m\u00e9thode De Gasquet.\",\"breadcrumb\":{\"@id\":\"https:\/\/www.crome.fr\/osteo-bebe-montpellier\/abdos-de-gasquet\/#breadcrumb\"},\"inLanguage\":\"fr-FR\",\"potentialAction\":[{\"@type\":\"ReadAction\",\"target\":[\"https:\/\/www.crome.fr\/osteo-bebe-montpellier\/abdos-de-gasquet\/\"]}]},{\"@type\":\"BreadcrumbList\",\"@id\":\"https:\/\/www.crome.fr\/osteo-bebe-montpellier\/abdos-de-gasquet\/#breadcrumb\",\"itemListElement\":[{\"@type\":\"ListItem\",\"position\":1,\"name\":\"Accueil\",\"item\":\"https:\/\/www.crome.fr\/osteo-bebe-montpellier\/\"},{\"@type\":\"ListItem\",\"position\":2,\"name\":\"L&rsquo;Enfant sportif &#038; Ost\u00e9o\"}]},{\"@type\":\"WebSite\",\"@id\":\"https:\/\/www.crome.fr\/osteo-bebe-montpellier\/#website\",\"url\":\"https:\/\/www.crome.fr\/osteo-bebe-montpellier\/\",\"name\":\"crOme | Ost\u00e9o b\u00e9b\u00e9 | PMA | Montpellier | 34 |\",\"description\":\"OSTEO B\u00e9b\u00e9, Enfant, Adolescent situ\u00e9e \u00e0 Montpellier (Assas 34820), Nathalie Gaso, Ost\u00e9opathe sp\u00e9cialis\u00e9e en P\u00e9diatrie et PMA.\",\"potentialAction\":[{\"@type\":\"SearchAction\",\"target\":{\"@type\":\"EntryPoint\",\"urlTemplate\":\"https:\/\/www.crome.fr\/osteo-bebe-montpellier\/?s={search_term_string}\"},\"query-input\":{\"@type\":\"PropertyValueSpecification\",\"valueRequired\":true,\"valueName\":\"search_term_string\"}}],\"inLanguage\":\"fr-FR\"}]}<\/script>\n<!-- \/ Yoast SEO plugin. -->","yoast_head_json":{"title":"L'Enfant sportif & Ost\u00e9o - crOme | Ost\u00e9o b\u00e9b\u00e9 | PMA | Montpellier | 34 |","description":"CROME-sant\u00e9 est un centre de kin\u00e9sith\u00e9rapeutes sp\u00e9cialis\u00e9s en gymnastique hypopressive post partum. Le renforcement abdominal en hypopressif est r\u00e9alis\u00e9 selon la m\u00e9thode De Gasquet.","robots":{"index":"index","follow":"follow","max-snippet":"max-snippet:-1","max-image-preview":"max-image-preview:large","max-video-preview":"max-video-preview:-1"},"canonical":"https:\/\/www.crome.fr\/osteo-bebe-montpellier\/abdos-de-gasquet\/","og_locale":"fr_FR","og_type":"article","og_title":"L'Enfant sportif & Ost\u00e9o - crOme | Ost\u00e9o b\u00e9b\u00e9 | PMA | Montpellier | 34 |","og_description":"CROME-sant\u00e9 est un centre de kin\u00e9sith\u00e9rapeutes sp\u00e9cialis\u00e9s en gymnastique hypopressive post partum. Le renforcement abdominal en hypopressif est r\u00e9alis\u00e9 selon la m\u00e9thode De Gasquet.","og_url":"https:\/\/www.crome.fr\/osteo-bebe-montpellier\/abdos-de-gasquet\/","og_site_name":"crOme | Ost\u00e9o b\u00e9b\u00e9 | PMA | Montpellier | 34 |","article_publisher":"https:\/\/www.facebook.com\/crome.fr","article_modified_time":"2019-10-01T17:22:22+00:00","twitter_card":"summary_large_image","twitter_misc":{"Dur\u00e9e de lecture estim\u00e9e":"1 minute"},"schema":{"@context":"https:\/\/schema.org","@graph":[{"@type":"WebPage","@id":"https:\/\/www.crome.fr\/osteo-bebe-montpellier\/abdos-de-gasquet\/","url":"https:\/\/www.crome.fr\/osteo-bebe-montpellier\/abdos-de-gasquet\/","name":"L'Enfant sportif & Ost\u00e9o - crOme | Ost\u00e9o b\u00e9b\u00e9 | PMA | Montpellier | 34 |","isPartOf":{"@id":"https:\/\/www.crome.fr\/osteo-bebe-montpellier\/#website"},"datePublished":"2016-07-12T19:45:11+00:00","dateModified":"2019-10-01T17:22:22+00:00","description":"CROME-sant\u00e9 est un centre de kin\u00e9sith\u00e9rapeutes sp\u00e9cialis\u00e9s en gymnastique hypopressive post partum. Le renforcement abdominal en hypopressif est r\u00e9alis\u00e9 selon la m\u00e9thode De Gasquet.","breadcrumb":{"@id":"https:\/\/www.crome.fr\/osteo-bebe-montpellier\/abdos-de-gasquet\/#breadcrumb"},"inLanguage":"fr-FR","potentialAction":[{"@type":"ReadAction","target":["https:\/\/www.crome.fr\/osteo-bebe-montpellier\/abdos-de-gasquet\/"]}]},{"@type":"BreadcrumbList","@id":"https:\/\/www.crome.fr\/osteo-bebe-montpellier\/abdos-de-gasquet\/#breadcrumb","itemListElement":[{"@type":"ListItem","position":1,"name":"Accueil","item":"https:\/\/www.crome.fr\/osteo-bebe-montpellier\/"},{"@type":"ListItem","position":2,"name":"L&rsquo;Enfant sportif &#038; Ost\u00e9o"}]},{"@type":"WebSite","@id":"https:\/\/www.crome.fr\/osteo-bebe-montpellier\/#website","url":"https:\/\/www.crome.fr\/osteo-bebe-montpellier\/","name":"crOme | Ost\u00e9o b\u00e9b\u00e9 | PMA | Montpellier | 34 |","description":"OSTEO B\u00e9b\u00e9, Enfant, Adolescent situ\u00e9e \u00e0 Montpellier (Assas 34820), Nathalie Gaso, Ost\u00e9opathe sp\u00e9cialis\u00e9e en P\u00e9diatrie et PMA.","potentialAction":[{"@type":"SearchAction","target":{"@type":"EntryPoint","urlTemplate":"https:\/\/www.crome.fr\/osteo-bebe-montpellier\/?s={search_term_string}"},"query-input":{"@type":"PropertyValueSpecification","valueRequired":true,"valueName":"search_term_string"}}],"inLanguage":"fr-FR"}]}},"_links":{"self":[{"href":"https:\/\/www.crome.fr\/osteo-bebe-montpellier\/wp-json\/wp\/v2\/pages\/3629","targetHints":{"allow":["GET"]}}],"collection":[{"href":"https:\/\/www.crome.fr\/osteo-bebe-montpellier\/wp-json\/wp\/v2\/pages"}],"about":[{"href":"https:\/\/www.crome.fr\/osteo-bebe-montpellier\/wp-json\/wp\/v2\/types\/page"}],"author":[{"embeddable":true,"href":"https:\/\/www.crome.fr\/osteo-bebe-montpellier\/wp-json\/wp\/v2\/users\/1"}],"replies":[{"embeddable":true,"href":"https:\/\/www.crome.fr\/osteo-bebe-montpellier\/wp-json\/wp\/v2\/comments?post=3629"}],"version-history":[{"count":8,"href":"https:\/\/www.crome.fr\/osteo-bebe-montpellier\/wp-json\/wp\/v2\/pages\/3629\/revisions"}],"predecessor-version":[{"id":4591,"href":"https:\/\/www.crome.fr\/osteo-bebe-montpellier\/wp-json\/wp\/v2\/pages\/3629\/revisions\/4591"}],"wp:attachment":[{"href":"https:\/\/www.crome.fr\/osteo-bebe-montpellier\/wp-json\/wp\/v2\/media?parent=3629"}],"curies":[{"name":"wp","href":"https:\/\/api.w.org\/{rel}","templated":true}]}}