{"id":3608,"date":"2016-07-12T19:23:58","date_gmt":"2016-07-12T19:23:58","guid":{"rendered":"http:\/\/cromebeta.a2hosted.com\/?page_id=3608"},"modified":"2017-07-04T19:23:00","modified_gmt":"2017-07-04T19:23:00","slug":"tarifs-remboursements-mutuelles","status":"publish","type":"page","link":"https:\/\/www.crome.fr\/osteo-bebe-montpellier\/tarifs-remboursements-mutuelles\/","title":{"rendered":"Tarifs &#038; remboursements mutuelles"},"content":{"rendered":"<p>[vc_row content_width=\u00a0\u00bbgrid\u00a0\u00bb css=\u00a0\u00bb.vc_custom_1468351311333{margin-top: 30px !important;}\u00a0\u00bb][vc_column width=\u00a0\u00bb1\/2&Prime; offset=\u00a0\u00bbvc_col-lg-6 vc_col-md-12&Prime; css=\u00a0\u00bb.vc_custom_1468351988105{padding-right: 7% !important;}\u00a0\u00bb]<div class=\"mkdf-section-title-holder\">\n\t<h2 class=\"mkdf-section-title mkdf-section-title-medium\" style=\"text-align: left\">\n\tTarifs<\/h2>\n<\/div>[vc_column_text]Chaque ann\u00e9e, de plus en plus de mutuelles et d&rsquo;assurances soutiennent l&rsquo;ost\u00e9opathie et participent au<br \/>\nremboursement partiel ou total des consultations d&rsquo;ost\u00e9opathie.<\/p>\n<p>Vous trouverez la liste de ces prestataires en cliquant sur le lien suivant :<\/p>\n<ul>\n<li><a href=\"http:\/\/www.osteopathe-syndicat.fr\/patient-visiteur-osteopathe\/mutuelles-osteopathie.html\" target=\"_blank\" rel=\"noopener noreferrer\">www.osteopathe-syndicat.fr<\/a><\/li>\n<li><a href=\"http:\/\/www.osteopathie.org\/\" target=\"_blank\" rel=\"noopener noreferrer\">www.osteopathie.org<\/a><\/li>\n<li><a href=\"http:\/\/www.osteofrance.com\/osteopathie\/definition\/\" target=\"_blank\" rel=\"noopener noreferrer\">www.osteofrance.com\/osteopathie\/definition\/<\/a><\/li>\n<\/ul>\n<p>[\/vc_column_text][\/vc_column][vc_column width=\u00a0\u00bb1\/2&Prime; offset=\u00a0\u00bbvc_col-lg-offset-2 vc_col-lg-4&Prime; el_class=\u00a0\u00bbpricing-table\u00a0\u00bb]<div class=\"mkdf-pricing-tables clearfix mkdf-two-columns\"><div class=\"mkdf-price-table mkdf-pt-active\">\n\t<div class=\"mkdf-price-table-inner\">\n\t\t\t\t\t<div class=\"mkdf-pt-label-holder\">\n\t\t\t<\/div>\n\t\t\t\t<ul>\n\t\t\t<li class=\"mkdf-table-title\">\n\t\t\t\t<h2  class=\"mkdf-title-content\">S\u00e9ance<\/h2>\n\t\t\t<\/li>\n\t\t\t<li class=\"mkdf-table-prices\">\n\t\t\t\t<div class=\"mkdf-price-in-table\">\n\t\t\t\t\t\t<h2 class=\"mkdf-price\">\n\t\t\t\t\t\t\t\u20ac65\t\t\t\t\t\t<\/h2>\n\t\t\t\t<\/div>\n\t\t\t\t<div class=\"mkdf-pt-price-period\">\n\t\t\t\t\t<span class=\"mkdf-pt-price-period-content\">s\u00e9ance de 3\/4 d&#039;heure<\/span>\n\t\t\t\t<\/div>\n\t\t\t<\/li>\n\t\t\t<li class=\"mkdf-table-content\">\n\t\t\t\t\t\t\t\t\t\t\t<\/li>\n\t\t\t\t\t<\/ul>\n\t<\/div>\n<\/div>\n<\/div>[\/vc_column][\/vc_row][vc_row content_width=\u00a0\u00bbgrid\u00a0\u00bb css=\u00a0\u00bb.vc_custom_1468351305249{margin-top: 30px !important;margin-bottom: 30px !important;}\u00a0\u00bb][vc_column offset=\u00a0\u00bbvc_col-lg-12 vc_col-md-12&Prime;]<div class=\"mkdf-section-title-holder\">\n\t<h2 class=\"mkdf-section-title mkdf-section-title-medium\" style=\"text-align: left\">\n\tAvertissement : Pas de remboursement par la S\u00e9curit\u00e9 Sociale des actes d&#039;ost\u00e9opathie.<\/h2>\n<\/div>[vc_column_text]La loi de mai 2002 et les D\u00e9crets d&rsquo;Application de 2007 sur la reconnaissance du titre d&rsquo;OSTEOPATHE, interdisent aux masseurs-kin\u00e9sith\u00e9rapeutes-ost\u00e9opathes ou aux sages-femmes-ost\u00e9opathes de signer des feuilles de maladie pour des actes d&rsquo;ost\u00e9opathie.<br \/>\nTous contrevenants (professionnels, patients) \u00e0 ces dispositions l\u00e9gislatives s&rsquo;exposent \u00e0 des poursuites de la part de leur CPAM.[\/vc_column_text][\/vc_column][\/vc_row]<\/p>\n","protected":false},"excerpt":{"rendered":"<p>[vc_row content_width=\u00a0\u00bbgrid\u00a0\u00bb css=\u00a0\u00bb.vc_custom_1468351311333{margin-top: 30px !important;}\u00a0\u00bb][vc_column width=\u00a0\u00bb1\/2&Prime; offset=\u00a0\u00bbvc_col-lg-6 vc_col-md-12&Prime; css=\u00a0\u00bb.vc_custom_1468351988105{padding-right: 7% !important;}\u00a0\u00bb][vc_column_text]Chaque ann\u00e9e, de plus en plus de mutuelles et d&rsquo;assurances soutiennent l&rsquo;ost\u00e9opathie et participent au remboursement partiel ou total des consultations d&rsquo;ost\u00e9opathie&#8230;.<\/p>\n","protected":false},"author":1,"featured_media":0,"parent":0,"menu_order":0,"comment_status":"closed","ping_status":"closed","template":"full-width.php","meta":{"_bbp_topic_count":0,"_bbp_reply_count":0,"_bbp_total_topic_count":0,"_bbp_total_reply_count":0,"_bbp_voice_count":0,"_bbp_anonymous_reply_count":0,"_bbp_topic_count_hidden":0,"_bbp_reply_count_hidden":0,"_bbp_forum_subforum_count":0,"om_disable_all_campaigns":false,"_mi_skip_tracking":false,"_monsterinsights_sitenote_active":false,"_monsterinsights_sitenote_note":"","_monsterinsights_sitenote_category":0,"footnotes":""},"class_list":["post-3608","page","type-page","status-publish","hentry"],"yoast_head":"<!-- This site is optimized with the Yoast SEO plugin v26.9 - https:\/\/yoast.com\/product\/yoast-seo-wordpress\/ -->\n<title>Tarifs &amp; remboursements mutuelles - crOme | Ost\u00e9o b\u00e9b\u00e9 | PMA | Montpellier | 34 |<\/title>\n<meta name=\"description\" content=\"Centre d&#039;ost\u00e9opathie \u00e0 maisons alfort, tarifs et liste des mutuelles remboursant l&#039;ost\u00e9opathie.\" \/>\n<meta name=\"robots\" content=\"index, follow, max-snippet:-1, max-image-preview:large, max-video-preview:-1\" \/>\n<link rel=\"canonical\" href=\"https:\/\/www.crome.fr\/osteo-bebe-montpellier\/tarifs-remboursements-mutuelles\/\" \/>\n<meta property=\"og:locale\" content=\"fr_FR\" \/>\n<meta property=\"og:type\" content=\"article\" \/>\n<meta property=\"og:title\" content=\"Tarifs &amp; remboursements mutuelles - crOme | Ost\u00e9o b\u00e9b\u00e9 | PMA | Montpellier | 34 |\" \/>\n<meta property=\"og:description\" content=\"Centre d&#039;ost\u00e9opathie \u00e0 maisons alfort, tarifs et liste des mutuelles remboursant l&#039;ost\u00e9opathie.\" \/>\n<meta property=\"og:url\" content=\"https:\/\/www.crome.fr\/osteo-bebe-montpellier\/tarifs-remboursements-mutuelles\/\" \/>\n<meta property=\"og:site_name\" content=\"crOme | Ost\u00e9o b\u00e9b\u00e9 | PMA | Montpellier | 34 |\" \/>\n<meta property=\"article:publisher\" content=\"https:\/\/www.facebook.com\/crome.fr\" \/>\n<meta property=\"article:modified_time\" content=\"2017-07-04T19:23:00+00:00\" \/>\n<meta name=\"twitter:card\" content=\"summary_large_image\" \/>\n<meta name=\"twitter:label1\" content=\"Dur\u00e9e de lecture estim\u00e9e\" \/>\n\t<meta name=\"twitter:data1\" content=\"1 minute\" \/>\n<script type=\"application\/ld+json\" class=\"yoast-schema-graph\">{\"@context\":\"https:\/\/schema.org\",\"@graph\":[{\"@type\":\"WebPage\",\"@id\":\"https:\/\/www.crome.fr\/osteo-bebe-montpellier\/tarifs-remboursements-mutuelles\/\",\"url\":\"https:\/\/www.crome.fr\/osteo-bebe-montpellier\/tarifs-remboursements-mutuelles\/\",\"name\":\"Tarifs & remboursements mutuelles - crOme | Ost\u00e9o b\u00e9b\u00e9 | PMA | Montpellier | 34 |\",\"isPartOf\":{\"@id\":\"https:\/\/www.crome.fr\/osteo-bebe-montpellier\/#website\"},\"datePublished\":\"2016-07-12T19:23:58+00:00\",\"dateModified\":\"2017-07-04T19:23:00+00:00\",\"description\":\"Centre d\\\\'ost\u00e9opathie \u00e0 maisons alfort, tarifs et liste des mutuelles remboursant l'ost\u00e9opathie.\",\"breadcrumb\":{\"@id\":\"https:\/\/www.crome.fr\/osteo-bebe-montpellier\/tarifs-remboursements-mutuelles\/#breadcrumb\"},\"inLanguage\":\"fr-FR\",\"potentialAction\":[{\"@type\":\"ReadAction\",\"target\":[\"https:\/\/www.crome.fr\/osteo-bebe-montpellier\/tarifs-remboursements-mutuelles\/\"]}]},{\"@type\":\"BreadcrumbList\",\"@id\":\"https:\/\/www.crome.fr\/osteo-bebe-montpellier\/tarifs-remboursements-mutuelles\/#breadcrumb\",\"itemListElement\":[{\"@type\":\"ListItem\",\"position\":1,\"name\":\"Accueil\",\"item\":\"https:\/\/www.crome.fr\/osteo-bebe-montpellier\/\"},{\"@type\":\"ListItem\",\"position\":2,\"name\":\"Tarifs &#038; remboursements mutuelles\"}]},{\"@type\":\"WebSite\",\"@id\":\"https:\/\/www.crome.fr\/osteo-bebe-montpellier\/#website\",\"url\":\"https:\/\/www.crome.fr\/osteo-bebe-montpellier\/\",\"name\":\"crOme | Ost\u00e9o b\u00e9b\u00e9 | PMA | Montpellier | 34 |\",\"description\":\"OSTEO B\u00e9b\u00e9, Enfant, Adolescent situ\u00e9e \u00e0 Montpellier (Assas 34820), Nathalie Gaso, Ost\u00e9opathe sp\u00e9cialis\u00e9e en P\u00e9diatrie et PMA.\",\"potentialAction\":[{\"@type\":\"SearchAction\",\"target\":{\"@type\":\"EntryPoint\",\"urlTemplate\":\"https:\/\/www.crome.fr\/osteo-bebe-montpellier\/?s={search_term_string}\"},\"query-input\":{\"@type\":\"PropertyValueSpecification\",\"valueRequired\":true,\"valueName\":\"search_term_string\"}}],\"inLanguage\":\"fr-FR\"}]}<\/script>\n<!-- \/ Yoast SEO plugin. -->","yoast_head_json":{"title":"Tarifs & remboursements mutuelles - crOme | Ost\u00e9o b\u00e9b\u00e9 | PMA | Montpellier | 34 |","description":"Centre d'ost\u00e9opathie \u00e0 maisons alfort, tarifs et liste des mutuelles remboursant l'ost\u00e9opathie.","robots":{"index":"index","follow":"follow","max-snippet":"max-snippet:-1","max-image-preview":"max-image-preview:large","max-video-preview":"max-video-preview:-1"},"canonical":"https:\/\/www.crome.fr\/osteo-bebe-montpellier\/tarifs-remboursements-mutuelles\/","og_locale":"fr_FR","og_type":"article","og_title":"Tarifs & remboursements mutuelles - crOme | Ost\u00e9o b\u00e9b\u00e9 | PMA | Montpellier | 34 |","og_description":"Centre d'ost\u00e9opathie \u00e0 maisons alfort, tarifs et liste des mutuelles remboursant l'ost\u00e9opathie.","og_url":"https:\/\/www.crome.fr\/osteo-bebe-montpellier\/tarifs-remboursements-mutuelles\/","og_site_name":"crOme | Ost\u00e9o b\u00e9b\u00e9 | PMA | Montpellier | 34 |","article_publisher":"https:\/\/www.facebook.com\/crome.fr","article_modified_time":"2017-07-04T19:23:00+00:00","twitter_card":"summary_large_image","twitter_misc":{"Dur\u00e9e de lecture estim\u00e9e":"1 minute"},"schema":{"@context":"https:\/\/schema.org","@graph":[{"@type":"WebPage","@id":"https:\/\/www.crome.fr\/osteo-bebe-montpellier\/tarifs-remboursements-mutuelles\/","url":"https:\/\/www.crome.fr\/osteo-bebe-montpellier\/tarifs-remboursements-mutuelles\/","name":"Tarifs & remboursements mutuelles - crOme | Ost\u00e9o b\u00e9b\u00e9 | PMA | Montpellier | 34 |","isPartOf":{"@id":"https:\/\/www.crome.fr\/osteo-bebe-montpellier\/#website"},"datePublished":"2016-07-12T19:23:58+00:00","dateModified":"2017-07-04T19:23:00+00:00","description":"Centre d\\'ost\u00e9opathie \u00e0 maisons alfort, tarifs et liste des mutuelles remboursant l'ost\u00e9opathie.","breadcrumb":{"@id":"https:\/\/www.crome.fr\/osteo-bebe-montpellier\/tarifs-remboursements-mutuelles\/#breadcrumb"},"inLanguage":"fr-FR","potentialAction":[{"@type":"ReadAction","target":["https:\/\/www.crome.fr\/osteo-bebe-montpellier\/tarifs-remboursements-mutuelles\/"]}]},{"@type":"BreadcrumbList","@id":"https:\/\/www.crome.fr\/osteo-bebe-montpellier\/tarifs-remboursements-mutuelles\/#breadcrumb","itemListElement":[{"@type":"ListItem","position":1,"name":"Accueil","item":"https:\/\/www.crome.fr\/osteo-bebe-montpellier\/"},{"@type":"ListItem","position":2,"name":"Tarifs &#038; remboursements mutuelles"}]},{"@type":"WebSite","@id":"https:\/\/www.crome.fr\/osteo-bebe-montpellier\/#website","url":"https:\/\/www.crome.fr\/osteo-bebe-montpellier\/","name":"crOme | Ost\u00e9o b\u00e9b\u00e9 | PMA | Montpellier | 34 |","description":"OSTEO B\u00e9b\u00e9, Enfant, Adolescent situ\u00e9e \u00e0 Montpellier (Assas 34820), Nathalie Gaso, Ost\u00e9opathe sp\u00e9cialis\u00e9e en P\u00e9diatrie et PMA.","potentialAction":[{"@type":"SearchAction","target":{"@type":"EntryPoint","urlTemplate":"https:\/\/www.crome.fr\/osteo-bebe-montpellier\/?s={search_term_string}"},"query-input":{"@type":"PropertyValueSpecification","valueRequired":true,"valueName":"search_term_string"}}],"inLanguage":"fr-FR"}]}},"_links":{"self":[{"href":"https:\/\/www.crome.fr\/osteo-bebe-montpellier\/wp-json\/wp\/v2\/pages\/3608","targetHints":{"allow":["GET"]}}],"collection":[{"href":"https:\/\/www.crome.fr\/osteo-bebe-montpellier\/wp-json\/wp\/v2\/pages"}],"about":[{"href":"https:\/\/www.crome.fr\/osteo-bebe-montpellier\/wp-json\/wp\/v2\/types\/page"}],"author":[{"embeddable":true,"href":"https:\/\/www.crome.fr\/osteo-bebe-montpellier\/wp-json\/wp\/v2\/users\/1"}],"replies":[{"embeddable":true,"href":"https:\/\/www.crome.fr\/osteo-bebe-montpellier\/wp-json\/wp\/v2\/comments?post=3608"}],"version-history":[{"count":14,"href":"https:\/\/www.crome.fr\/osteo-bebe-montpellier\/wp-json\/wp\/v2\/pages\/3608\/revisions"}],"predecessor-version":[{"id":4504,"href":"https:\/\/www.crome.fr\/osteo-bebe-montpellier\/wp-json\/wp\/v2\/pages\/3608\/revisions\/4504"}],"wp:attachment":[{"href":"https:\/\/www.crome.fr\/osteo-bebe-montpellier\/wp-json\/wp\/v2\/media?parent=3608"}],"curies":[{"name":"wp","href":"https:\/\/api.w.org\/{rel}","templated":true}]}}