{"id":3593,"date":"2016-07-12T19:02:26","date_gmt":"2016-07-12T19:02:26","guid":{"rendered":"http:\/\/cromebeta.a2hosted.com\/?page_id=3593"},"modified":"2017-07-04T19:22:01","modified_gmt":"2017-07-04T19:22:01","slug":"femme-enceinte","status":"publish","type":"page","link":"https:\/\/www.crome.fr\/osteo-bebe-montpellier\/femme-enceinte\/","title":{"rendered":"Femme Enceinte"},"content":{"rendered":"<p>[vc_row content_width=\u00a0\u00bbgrid\u00a0\u00bb css=\u00a0\u00bb.vc_custom_1468349376846{margin-top: 30px !important;}\u00a0\u00bb][vc_column offset=\u00a0\u00bbvc_col-lg-4 vc_col-md-12&Prime;]<div class=\"mkdf-animations-holder mkdf-element-from-right\" data-animation=\"mkdf-element-from-right\">\n\t<div style=\"transition-delay: 200ms;-webkit-animation-delay: 200ms;animation-delay: 200ms;animation-duration: 700ms;-webkit-animation-duration: 700ms;-moz-animation-duration: 700ms\">\n\t\t[vc_single_image image=\u00a0\u00bb3595&Prime; img_size=\u00a0\u00bbfull\u00a0\u00bb alignment=\u00a0\u00bbcenter\u00a0\u00bb]\t<\/div>\n\n<\/div>[\/vc_column][vc_column offset=\u00a0\u00bbvc_col-lg-offset-2 vc_col-lg-6 vc_col-md-12&Prime; css=\u00a0\u00bb.vc_custom_1468350762123{padding-right: 7% !important;}\u00a0\u00bb]<div class=\"mkdf-section-title-holder\">\n\t<h2 class=\"mkdf-section-title mkdf-section-title-medium\" style=\"text-align: left\">\n\t Pour une grossesse \u00e9quilibr\u00e9e<\/h2>\n<\/div><div class=\"mkdf-unordered-list \" >\n<ul>\n<li>\n<h3>Motifs de consultation<\/h3>\n<ul>\n<li>Equilibration posturale<\/li>\n<li>Pr\u00e9paration du bassin avant l&rsquo;accouchement<\/li>\n<li>B\u00e9b\u00e9 trop bas ou en si\u00e8ge<\/li>\n<li>Contractions<\/li>\n<li>Sciatiques\u2028, lombalgies, costalgies&#8230;<\/li>\n<li>Fuites urinaires<\/li>\n<li>Grossesse g\u00e9mellaire<\/li>\n<li>&#8230;.<\/li>\n<\/ul>\n<\/li>\n<\/ul>\n<\/div>[\/vc_column][\/vc_row][vc_row content_width=\u00a0\u00bbgrid\u00a0\u00bb css=\u00a0\u00bb.vc_custom_1468349409319{margin-top: 30px !important;margin-bottom: 30px !important;}\u00a0\u00bb][vc_column offset=\u00a0\u00bbvc_col-lg-12 vc_col-md-12&Prime;]<div class=\"mkdf-section-title-holder\">\n\t<h2 class=\"mkdf-section-title mkdf-section-title-medium\" style=\"text-align: left\">\n\tPour un accouchement physiologique<\/h2>\n<\/div>[vc_column_text]En prenant en charge les troubles de la statique pelvienne et ceux des r\u00e9gions sus et sous-jacentes, l&rsquo;ost\u00e9opathe sp\u00e9cialis\u00e9 en p\u00e9rinatalit\u00e9 va permettre de redonner un \u00e9quilibre corporel confortable pour la femme enceinte.\u2028\u2028 L&rsquo;ost\u00e9opathe travaille sur une d\u00e9tente des fascias, des muscles, des ligaments. Il permet d&rsquo;augmenter la mobilit\u00e9 des diff\u00e9rentes articulations du bassin afin de pr\u00e9parer le futur accouchement de la patiente par voie basse et de la soulager de ses douleurs li\u00e9es \u00e0 la grossesse.<\/p>\n<p>Deux \u00e0 trois consultations au cours de votre grossesse: vers le 5e mois et en fin de grossesse, suffisent dans la majorit\u00e9 des cas.<\/p>\n<p>Afin que le b\u00e9b\u00e9 puisse s&rsquo;engager au mieux dans votre bassin et que le sacrum et le coccyx soient mobiles pour l&rsquo;expulsion, l&rsquo;ost\u00e9opathie durant la grossesse permet de lib\u00e9rer les troubles de mobilit\u00e9 articulaire du bassin.[\/vc_column_text][\/vc_column][\/vc_row][vc_row content_width=\u00a0\u00bbgrid\u00a0\u00bb css=\u00a0\u00bb.vc_custom_1468350947316{margin-top: 30px !important;margin-bottom: 30px !important;}\u00a0\u00bb][vc_column offset=\u00a0\u00bbvc_col-lg-8 vc_col-md-12&Prime; css=\u00a0\u00bb.vc_custom_1468350881510{padding-right: 7% !important;}\u00a0\u00bb]<div class=\"mkdf-section-title-holder\">\n\t<h2 class=\"mkdf-section-title mkdf-section-title-medium\" style=\"text-align: left\">\n\tD\u00e9roulement de la consultation<\/h2>\n<\/div><div class=\"mkdf-unordered-list \" >\n<ul>\n<li>Durant les \u00be d&rsquo;heure de s\u00e9ance, votre ost\u00e9opathe va tester les bonnes mobilit\u00e9s ut\u00e9rines, visc\u00e9rales, ligamentaires mais \u00e9galement de l&rsquo;ensemble de la colonne et surout la <strong><strong>bonne mobilit\u00e9 du bassin pour un accouchement physiologique.<\/strong><\/strong><\/li>\n<li>Une tenue l\u00e9g\u00e8re ne pose pas de probl\u00e8me \u00e0 la manipulation.<\/li>\n<li>L&rsquo;interrogatoire est important, n&rsquo;oubliez pas d&rsquo;apporter la derni\u00e8re \u00e9chographie et autre examen compl\u00e9mentaire.<\/li>\n<li><strong>Les manipulations chez la femme enceinte sont douces, non-douloureuses, adapt\u00e9es et sans risque pour votre b\u00e9b\u00e9.<\/strong><\/li>\n<li>Nous travaillons en \u00e9troite collaboration avec les sages femmes, vous pr\u00e9parant \u00e0 l&rsquo;accouchement.<\/li>\n<\/ul>\n<\/div>[\/vc_column][vc_column offset=\u00a0\u00bbvc_col-lg-4 vc_col-md-12&Prime;]<div class=\"mkdf-animations-holder mkdf-element-from-right\" data-animation=\"mkdf-element-from-right\">\n\t<div style=\"transition-delay: 200ms;-webkit-animation-delay: 200ms;animation-delay: 200ms;animation-duration: 700ms;-webkit-animation-duration: 700ms;-moz-animation-duration: 700ms\">\n\t\t[vc_single_image image=\u00a0\u00bb3663&Prime; img_size=\u00a0\u00bbfull\u00a0\u00bb alignment=\u00a0\u00bbcenter\u00a0\u00bb]\t<\/div>\n\n<\/div>[\/vc_column][\/vc_row]<\/p>\n","protected":false},"excerpt":{"rendered":"<p>[vc_row content_width=\u00a0\u00bbgrid\u00a0\u00bb css=\u00a0\u00bb.vc_custom_1468349376846{margin-top: 30px !important;}\u00a0\u00bb][vc_column offset=\u00a0\u00bbvc_col-lg-4 vc_col-md-12&Prime;][\/vc_column][vc_column offset=\u00a0\u00bbvc_col-lg-offset-2 vc_col-lg-6 vc_col-md-12&Prime; css=\u00a0\u00bb.vc_custom_1468350762123{padding-right: 7% !important;}\u00a0\u00bb][\/vc_column][\/vc_row][vc_row content_width=\u00a0\u00bbgrid\u00a0\u00bb css=\u00a0\u00bb.vc_custom_1468349409319{margin-top: 30px !important;margin-bottom: 30px !important;}\u00a0\u00bb][vc_column offset=\u00a0\u00bbvc_col-lg-12 vc_col-md-12&Prime;][vc_column_text]En prenant en charge les troubles de la statique pelvienne et ceux&#8230;<\/p>\n","protected":false},"author":1,"featured_media":0,"parent":0,"menu_order":0,"comment_status":"closed","ping_status":"closed","template":"full-width.php","meta":{"_bbp_topic_count":0,"_bbp_reply_count":0,"_bbp_total_topic_count":0,"_bbp_total_reply_count":0,"_bbp_voice_count":0,"_bbp_anonymous_reply_count":0,"_bbp_topic_count_hidden":0,"_bbp_reply_count_hidden":0,"_bbp_forum_subforum_count":0,"om_disable_all_campaigns":false,"_mi_skip_tracking":false,"_monsterinsights_sitenote_active":false,"_monsterinsights_sitenote_note":"","_monsterinsights_sitenote_category":0,"footnotes":""},"class_list":["post-3593","page","type-page","status-publish","hentry"],"yoast_head":"<!-- This site is optimized with the Yoast SEO plugin v26.9 - https:\/\/yoast.com\/product\/yoast-seo-wordpress\/ -->\n<title>Femme Enceinte - crOme | Ost\u00e9o b\u00e9b\u00e9 | PMA | Montpellier | 34 |<\/title>\n<meta name=\"description\" content=\"Le CROME, situ\u00e9 \u00e0 Maisons-Alfort (94), est une centre d&#039;ost\u00e9opathie d\u00e9di\u00e9 \u00e0 la prise en charge de la femme enceinte, des pathologies de la grossesse et \u00e0 la pr\u00e9paration \u00e0 l&#039;accouchement\" \/>\n<meta name=\"robots\" content=\"index, follow, max-snippet:-1, max-image-preview:large, max-video-preview:-1\" \/>\n<link rel=\"canonical\" href=\"https:\/\/www.crome.fr\/osteo-bebe-montpellier\/femme-enceinte\/\" \/>\n<meta property=\"og:locale\" content=\"fr_FR\" \/>\n<meta property=\"og:type\" content=\"article\" \/>\n<meta property=\"og:title\" content=\"Femme Enceinte - crOme | Ost\u00e9o b\u00e9b\u00e9 | PMA | Montpellier | 34 |\" \/>\n<meta property=\"og:description\" content=\"Le CROME, situ\u00e9 \u00e0 Maisons-Alfort (94), est une centre d&#039;ost\u00e9opathie d\u00e9di\u00e9 \u00e0 la prise en charge de la femme enceinte, des pathologies de la grossesse et \u00e0 la pr\u00e9paration \u00e0 l&#039;accouchement\" \/>\n<meta property=\"og:url\" content=\"https:\/\/www.crome.fr\/osteo-bebe-montpellier\/femme-enceinte\/\" \/>\n<meta property=\"og:site_name\" content=\"crOme | Ost\u00e9o b\u00e9b\u00e9 | PMA | Montpellier | 34 |\" \/>\n<meta property=\"article:publisher\" content=\"https:\/\/www.facebook.com\/crome.fr\" \/>\n<meta property=\"article:modified_time\" content=\"2017-07-04T19:22:01+00:00\" \/>\n<meta name=\"twitter:card\" content=\"summary_large_image\" \/>\n<meta name=\"twitter:label1\" content=\"Dur\u00e9e de lecture estim\u00e9e\" \/>\n\t<meta name=\"twitter:data1\" content=\"3 minutes\" \/>\n<script type=\"application\/ld+json\" class=\"yoast-schema-graph\">{\"@context\":\"https:\/\/schema.org\",\"@graph\":[{\"@type\":\"WebPage\",\"@id\":\"https:\/\/www.crome.fr\/osteo-bebe-montpellier\/femme-enceinte\/\",\"url\":\"https:\/\/www.crome.fr\/osteo-bebe-montpellier\/femme-enceinte\/\",\"name\":\"Femme Enceinte - crOme | Ost\u00e9o b\u00e9b\u00e9 | PMA | Montpellier | 34 |\",\"isPartOf\":{\"@id\":\"https:\/\/www.crome.fr\/osteo-bebe-montpellier\/#website\"},\"datePublished\":\"2016-07-12T19:02:26+00:00\",\"dateModified\":\"2017-07-04T19:22:01+00:00\",\"description\":\"Le CROME, situ\u00e9 \u00e0 Maisons-Alfort (94), est une centre d'ost\u00e9opathie d\u00e9di\u00e9 \u00e0 la prise en charge de la femme enceinte, des pathologies de la grossesse et \u00e0 la pr\u00e9paration \u00e0 l'accouchement\",\"breadcrumb\":{\"@id\":\"https:\/\/www.crome.fr\/osteo-bebe-montpellier\/femme-enceinte\/#breadcrumb\"},\"inLanguage\":\"fr-FR\",\"potentialAction\":[{\"@type\":\"ReadAction\",\"target\":[\"https:\/\/www.crome.fr\/osteo-bebe-montpellier\/femme-enceinte\/\"]}]},{\"@type\":\"BreadcrumbList\",\"@id\":\"https:\/\/www.crome.fr\/osteo-bebe-montpellier\/femme-enceinte\/#breadcrumb\",\"itemListElement\":[{\"@type\":\"ListItem\",\"position\":1,\"name\":\"Accueil\",\"item\":\"https:\/\/www.crome.fr\/osteo-bebe-montpellier\/\"},{\"@type\":\"ListItem\",\"position\":2,\"name\":\"Femme Enceinte\"}]},{\"@type\":\"WebSite\",\"@id\":\"https:\/\/www.crome.fr\/osteo-bebe-montpellier\/#website\",\"url\":\"https:\/\/www.crome.fr\/osteo-bebe-montpellier\/\",\"name\":\"crOme | Ost\u00e9o b\u00e9b\u00e9 | PMA | Montpellier | 34 |\",\"description\":\"OSTEO B\u00e9b\u00e9, Enfant, Adolescent situ\u00e9e \u00e0 Montpellier (Assas 34820), Nathalie Gaso, Ost\u00e9opathe sp\u00e9cialis\u00e9e en P\u00e9diatrie et PMA.\",\"potentialAction\":[{\"@type\":\"SearchAction\",\"target\":{\"@type\":\"EntryPoint\",\"urlTemplate\":\"https:\/\/www.crome.fr\/osteo-bebe-montpellier\/?s={search_term_string}\"},\"query-input\":{\"@type\":\"PropertyValueSpecification\",\"valueRequired\":true,\"valueName\":\"search_term_string\"}}],\"inLanguage\":\"fr-FR\"}]}<\/script>\n<!-- \/ Yoast SEO plugin. -->","yoast_head_json":{"title":"Femme Enceinte - crOme | Ost\u00e9o b\u00e9b\u00e9 | PMA | Montpellier | 34 |","description":"Le CROME, situ\u00e9 \u00e0 Maisons-Alfort (94), est une centre d'ost\u00e9opathie d\u00e9di\u00e9 \u00e0 la prise en charge de la femme enceinte, des pathologies de la grossesse et \u00e0 la pr\u00e9paration \u00e0 l'accouchement","robots":{"index":"index","follow":"follow","max-snippet":"max-snippet:-1","max-image-preview":"max-image-preview:large","max-video-preview":"max-video-preview:-1"},"canonical":"https:\/\/www.crome.fr\/osteo-bebe-montpellier\/femme-enceinte\/","og_locale":"fr_FR","og_type":"article","og_title":"Femme Enceinte - crOme | Ost\u00e9o b\u00e9b\u00e9 | PMA | Montpellier | 34 |","og_description":"Le CROME, situ\u00e9 \u00e0 Maisons-Alfort (94), est une centre d'ost\u00e9opathie d\u00e9di\u00e9 \u00e0 la prise en charge de la femme enceinte, des pathologies de la grossesse et \u00e0 la pr\u00e9paration \u00e0 l'accouchement","og_url":"https:\/\/www.crome.fr\/osteo-bebe-montpellier\/femme-enceinte\/","og_site_name":"crOme | Ost\u00e9o b\u00e9b\u00e9 | PMA | Montpellier | 34 |","article_publisher":"https:\/\/www.facebook.com\/crome.fr","article_modified_time":"2017-07-04T19:22:01+00:00","twitter_card":"summary_large_image","twitter_misc":{"Dur\u00e9e de lecture estim\u00e9e":"3 minutes"},"schema":{"@context":"https:\/\/schema.org","@graph":[{"@type":"WebPage","@id":"https:\/\/www.crome.fr\/osteo-bebe-montpellier\/femme-enceinte\/","url":"https:\/\/www.crome.fr\/osteo-bebe-montpellier\/femme-enceinte\/","name":"Femme Enceinte - crOme | Ost\u00e9o b\u00e9b\u00e9 | PMA | Montpellier | 34 |","isPartOf":{"@id":"https:\/\/www.crome.fr\/osteo-bebe-montpellier\/#website"},"datePublished":"2016-07-12T19:02:26+00:00","dateModified":"2017-07-04T19:22:01+00:00","description":"Le CROME, situ\u00e9 \u00e0 Maisons-Alfort (94), est une centre d'ost\u00e9opathie d\u00e9di\u00e9 \u00e0 la prise en charge de la femme enceinte, des pathologies de la grossesse et \u00e0 la pr\u00e9paration \u00e0 l'accouchement","breadcrumb":{"@id":"https:\/\/www.crome.fr\/osteo-bebe-montpellier\/femme-enceinte\/#breadcrumb"},"inLanguage":"fr-FR","potentialAction":[{"@type":"ReadAction","target":["https:\/\/www.crome.fr\/osteo-bebe-montpellier\/femme-enceinte\/"]}]},{"@type":"BreadcrumbList","@id":"https:\/\/www.crome.fr\/osteo-bebe-montpellier\/femme-enceinte\/#breadcrumb","itemListElement":[{"@type":"ListItem","position":1,"name":"Accueil","item":"https:\/\/www.crome.fr\/osteo-bebe-montpellier\/"},{"@type":"ListItem","position":2,"name":"Femme Enceinte"}]},{"@type":"WebSite","@id":"https:\/\/www.crome.fr\/osteo-bebe-montpellier\/#website","url":"https:\/\/www.crome.fr\/osteo-bebe-montpellier\/","name":"crOme | Ost\u00e9o b\u00e9b\u00e9 | PMA | Montpellier | 34 |","description":"OSTEO B\u00e9b\u00e9, Enfant, Adolescent situ\u00e9e \u00e0 Montpellier (Assas 34820), Nathalie Gaso, Ost\u00e9opathe sp\u00e9cialis\u00e9e en P\u00e9diatrie et PMA.","potentialAction":[{"@type":"SearchAction","target":{"@type":"EntryPoint","urlTemplate":"https:\/\/www.crome.fr\/osteo-bebe-montpellier\/?s={search_term_string}"},"query-input":{"@type":"PropertyValueSpecification","valueRequired":true,"valueName":"search_term_string"}}],"inLanguage":"fr-FR"}]}},"_links":{"self":[{"href":"https:\/\/www.crome.fr\/osteo-bebe-montpellier\/wp-json\/wp\/v2\/pages\/3593","targetHints":{"allow":["GET"]}}],"collection":[{"href":"https:\/\/www.crome.fr\/osteo-bebe-montpellier\/wp-json\/wp\/v2\/pages"}],"about":[{"href":"https:\/\/www.crome.fr\/osteo-bebe-montpellier\/wp-json\/wp\/v2\/types\/page"}],"author":[{"embeddable":true,"href":"https:\/\/www.crome.fr\/osteo-bebe-montpellier\/wp-json\/wp\/v2\/users\/1"}],"replies":[{"embeddable":true,"href":"https:\/\/www.crome.fr\/osteo-bebe-montpellier\/wp-json\/wp\/v2\/comments?post=3593"}],"version-history":[{"count":11,"href":"https:\/\/www.crome.fr\/osteo-bebe-montpellier\/wp-json\/wp\/v2\/pages\/3593\/revisions"}],"predecessor-version":[{"id":3822,"href":"https:\/\/www.crome.fr\/osteo-bebe-montpellier\/wp-json\/wp\/v2\/pages\/3593\/revisions\/3822"}],"wp:attachment":[{"href":"https:\/\/www.crome.fr\/osteo-bebe-montpellier\/wp-json\/wp\/v2\/media?parent=3593"}],"curies":[{"name":"wp","href":"https:\/\/api.w.org\/{rel}","templated":true}]}}