{"id":3585,"date":"2016-07-12T18:55:52","date_gmt":"2016-07-12T18:55:52","guid":{"rendered":"http:\/\/cromebeta.a2hosted.com\/?page_id=3585"},"modified":"2019-10-08T12:42:23","modified_gmt":"2019-10-08T12:42:23","slug":"enfant-adolescent","status":"publish","type":"page","link":"https:\/\/www.crome.fr\/osteo-bebe-montpellier\/enfant-adolescent\/","title":{"rendered":"Enfant &#038; Adolescent"},"content":{"rendered":"<p>[vc_row content_width=\u00a0\u00bbgrid\u00a0\u00bb css=\u00a0\u00bb.vc_custom_1470568010669{margin-top: 30px !important;margin-bottom: 30px !important;}\u00a0\u00bb][vc_column offset=\u00a0\u00bbvc_col-lg-12 vc_col-md-12&Prime;]<div class=\"mkdf-section-title-holder\">\n\t<h2 class=\"mkdf-section-title mkdf-section-title-medium\" style=\"text-align: left\">\n\tOst\u00e9opathie: Enfance et Adolescence<\/h2>\n<\/div>[vc_column_text]La croissance de fa\u00e7on g\u00e9n\u00e9rale ( avec la mise en place de la posture ) et l\u2019apprentissage de la marche avec des chutes, m\u00eame anodines, peuvent provoquer diff\u00e9rents troubles :[\/vc_column_text][\/vc_column][vc_column width=\u00a0\u00bb1\/2&Prime; offset=\u00a0\u00bbvc_col-lg-10&Prime;][vc_column_text]- Sommeil perturb\u00e9.<\/p>\n<p>&#8211; Affections O.R.L. \u00e0 r\u00e9p\u00e9tition.<\/p>\n<p>&#8211; Excitation, col\u00e8re, \u00e9nervement.<\/p>\n<p>&#8211; Digestion perturb\u00e9e, constipation.<\/p>\n<p>&#8211; D\u00e9viation de la colonne vert\u00e9brale.<\/p>\n<p>&#8211; Pieds ou genoux mal positionn\u00e9s.<\/p>\n<p>etc&#8230;[\/vc_column_text][\/vc_column][vc_column offset=\u00a0\u00bbvc_col-lg-2&Prime;][vc_single_image image=\u00a0\u00bb4123&Prime; img_size=\u00a0\u00bb500&#215;500&Prime; alignment=\u00a0\u00bbcenter\u00a0\u00bb][\/vc_column][vc_column][vc_column_text]<\/p>\n<h2><strong>Ost\u00e9opathie et scolarit\u00e9 :<\/strong><\/h2>\n<p>L\u2019enfant souvent d\u00e9cel\u00e9 \u00e0 l\u2019\u00e9cole comme \u201cne tenant pas en place, r\u00eaveur, manquant de concentration&#8230;\u00a0\u00bb peut \u00eatre aid\u00e9 par un traitement ost\u00e9opathique.<\/p>\n<h3 class=\"extra\"><strong><span style=\"color: #333399;\"><em>Apprenez \u00e0 observer votre enfant et \u00e0 l\u2019\u00e9couter. Une plainte r\u00e9p\u00e9t\u00e9e doit vous alerter.<\/em><\/span><\/strong><\/h3>\n<p>Ce suivi lui permettra de se d\u00e9tendre,de mieux se concentrer et d\u2019\u00eatre ainsi plus attentif. Les enfants sont particuli\u00e8rement r\u00e9ceptifs et sensibles au confort apport\u00e9 par le traitement. Les difficult\u00e9s scolaires seront d\u2019autant plus am\u00e9lior\u00e9es que le traitement sera pr\u00e9coce.[\/vc_column_text][vc_column_text]L\u2019<i>ost\u00e9opathie <\/i>est une th\u00e9rapie de choix pour corriger les s\u00e9quelles des traumatismes ainsi que leur cons\u00e9quences.<\/p>\n<p>La croissance est une p\u00e9riode tr\u00e8s d\u00e9licate pour le corps de nos enfants et adolescents.<br \/>\nNous traitons les restrictions de mobilit\u00e9 ost\u00e9o-articulaires du rachis et des membres que l&rsquo;on retrouve tr\u00e8s fr\u00e9quemment chez un adolescent ou pr\u00e9-adolescent, lui permettant de terminer sa croissance de la meilleure des mani\u00e8res.<\/p>\n<h2><strong>Ost\u00e9opathie et colonne vert\u00e9brale :<\/strong><\/h2>\n<p>Les troubles de la statique chez l\u2019enfant (scoliose, lordose, cyphose) sont le signe d\u2019une mauvaise adaptation du corps.<br \/>\nes causes, qui peuvent \u00eatre visc\u00e9rales, traumatiques, cr\u00e2niennes, seront d\u00e9termin\u00e9es par un diagnostic ost\u00e9opathique sp\u00e9cifique. Des techniques de correction adapt\u00e9es am\u00e9lioreront ces troubles vert\u00e9braux. La collaboration avec d\u2019autres professions de sant\u00e9 est parfois n\u00e9cessaire.[\/vc_column_text][vc_column_text]<\/p>\n<h2><b>Ost\u00e9opathie et orthodontie :<\/b><\/h2>\n<p>A l\u2019heure actuelle, on pose de plus en plus d\u2019appareils dentaires, \u00a0nous travaillons en collaboration avec les orthodontistes pour la r\u00e9ussite du traitement et confort de l\u2019enfant et l&rsquo;optimisation du r\u00e9sultat.<\/p>\n<p>Voici les 3 types d&rsquo;occlusion que votre enfant peut pr\u00e9senter:[\/vc_column_text][vc_single_image image=\u00a0\u00bb4127&Prime; img_size=\u00a0\u00bbfull\u00a0\u00bb alignment=\u00a0\u00bbcenter\u00a0\u00bb][vc_column_text]Seule la Classe 1 assure un developpement postural harmonieux. La classe 2 (retrognathe : B) et la classe 3 (prognathe: C ) entrainent des d\u00e9s\u00e9quilibres postauraux importants: sch\u00e9mas soit ant\u00e8rieur soit post\u00e8rieur.[\/vc_column_text][vc_single_image image=\u00a0\u00bb4128&Prime; img_size=\u00a0\u00bbfull\u00a0\u00bb alignment=\u00a0\u00bbcenter\u00a0\u00bb][vc_column_text]L\u2019appareil orthodontique prend appui sur les structures du cr\u00e2ne et\/ou les os du palais ainsis que sur la m\u00e2choire et les dents.[\/vc_column_text][\/vc_column][vc_column offset=\u00a0\u00bbvc_col-lg-10&Prime;][vc_column_text]Les contraintes peuvent provoquer :<\/p>\n<p>&#8211; Maux de t\u00eate, maux de dos.<\/p>\n<p>&#8211; Vertiges.<\/p>\n<p>&#8211; Troubles visuels.<\/p>\n<p>&#8211; Difficult\u00e9s de concentration.<\/p>\n<p>&#8211; Modification de l\u2019humeur.[\/vc_column_text][\/vc_column][vc_column offset=\u00a0\u00bbvc_col-lg-2&Prime; css=\u00a0\u00bb.vc_custom_1470568547940{padding-top: 30px !important;}\u00a0\u00bb][vc_single_image image=\u00a0\u00bb4129&Prime; img_size=\u00a0\u00bbfull\u00a0\u00bb alignment=\u00a0\u00bbcenter\u00a0\u00bb][\/vc_column][vc_column][vc_column_text]Nous travaillons en ost\u00e9opathie pour stimuler la croissance harmonieuse du palais, de la m\u00e2choire et de la face afin d&rsquo;optimiser le travail orthodontique, nous r\u00e9\u00e9quilibrons aussi la posture de l&rsquo;enfant.<\/p>\n<p>Un suivi ost\u00e9opathique r\u00e9gulier au cours des soins dentaires est n\u00e9cessaire pour pallier \u00e0 ces maux, contr\u00f4ler et guider les r\u00e9actions du cr\u00e2ne et du corps.<br \/>\nApprenez \u00e0 observer votre enfant et \u00e0 l\u2019\u00e9couter. Une plainte r\u00e9p\u00e9t\u00e9e doit vous alerter.[\/vc_column_text][\/vc_column][vc_column offset=\u00a0\u00bbvc_col-lg-4&Prime;][vc_single_image image=\u00a0\u00bb4132&Prime; img_size=\u00a0\u00bbfull\u00a0\u00bb add_caption=\u00a0\u00bbyes\u00a0\u00bb alignment=\u00a0\u00bbcenter\u00a0\u00bb title=\u00a0\u00bbArticul\u00e9 crois\u00e9 et Ost\u00e9opathie\u00a0\u00bb][\/vc_column][vc_column offset=\u00a0\u00bbvc_col-lg-4&Prime;][vc_single_image image=\u00a0\u00bb4133&Prime; img_size=\u00a0\u00bbfull\u00a0\u00bb alignment=\u00a0\u00bbcenter\u00a0\u00bb title=\u00a0\u00bbDivergence\u00a0\u00bb][\/vc_column][vc_column offset=\u00a0\u00bbvc_col-lg-4&Prime;][vc_single_image image=\u00a0\u00bb4131&Prime; img_size=\u00a0\u00bbfull\u00a0\u00bb alignment=\u00a0\u00bbcenter\u00a0\u00bb title=\u00a0\u00bbD\u00e9gats de la t\u00e9tine\u00a0\u00bb][\/vc_column][\/vc_row]<\/p>\n","protected":false},"excerpt":{"rendered":"<p>[vc_row content_width=\u00a0\u00bbgrid\u00a0\u00bb css=\u00a0\u00bb.vc_custom_1470568010669{margin-top: 30px !important;margin-bottom: 30px !important;}\u00a0\u00bb][vc_column offset=\u00a0\u00bbvc_col-lg-12 vc_col-md-12&Prime;][vc_column_text]La croissance de fa\u00e7on g\u00e9n\u00e9rale ( avec la mise en place de la posture ) et l\u2019apprentissage de la marche avec des chutes, m\u00eame&#8230;<\/p>\n","protected":false},"author":1,"featured_media":0,"parent":0,"menu_order":0,"comment_status":"closed","ping_status":"closed","template":"full-width.php","meta":{"_bbp_topic_count":0,"_bbp_reply_count":0,"_bbp_total_topic_count":0,"_bbp_total_reply_count":0,"_bbp_voice_count":0,"_bbp_anonymous_reply_count":0,"_bbp_topic_count_hidden":0,"_bbp_reply_count_hidden":0,"_bbp_forum_subforum_count":0,"om_disable_all_campaigns":false,"_mi_skip_tracking":false,"_monsterinsights_sitenote_active":false,"_monsterinsights_sitenote_note":"","_monsterinsights_sitenote_category":0,"footnotes":""},"class_list":["post-3585","page","type-page","status-publish","hentry"],"yoast_head":"<!-- This site is optimized with the Yoast SEO plugin v26.9 - https:\/\/yoast.com\/product\/yoast-seo-wordpress\/ -->\n<title>Enfant &amp; Adolescent - crOme | Ost\u00e9o b\u00e9b\u00e9 | PMA | Montpellier | 34 |<\/title>\n<meta name=\"description\" content=\"Suivi de croissance, attitude scoliotique et scoliose. Suivi complementaire des traitements en orthodontie - Migraines - Troubles de l&#039;attention au crOme 94 - Maisons Alfort - et crOme 95 - Montmorency\" \/>\n<meta name=\"robots\" content=\"index, follow, max-snippet:-1, max-image-preview:large, max-video-preview:-1\" \/>\n<link rel=\"canonical\" href=\"https:\/\/www.crome.fr\/osteo-bebe-montpellier\/enfant-adolescent\/\" \/>\n<meta property=\"og:locale\" content=\"fr_FR\" \/>\n<meta property=\"og:type\" content=\"article\" \/>\n<meta property=\"og:title\" content=\"Enfant &amp; Adolescent - crOme | Ost\u00e9o b\u00e9b\u00e9 | PMA | Montpellier | 34 |\" \/>\n<meta property=\"og:description\" content=\"Suivi de croissance, attitude scoliotique et scoliose. Suivi complementaire des traitements en orthodontie - Migraines - Troubles de l&#039;attention au crOme 94 - Maisons Alfort - et crOme 95 - Montmorency\" \/>\n<meta property=\"og:url\" content=\"https:\/\/www.crome.fr\/osteo-bebe-montpellier\/enfant-adolescent\/\" \/>\n<meta property=\"og:site_name\" content=\"crOme | Ost\u00e9o b\u00e9b\u00e9 | PMA | Montpellier | 34 |\" \/>\n<meta property=\"article:publisher\" content=\"https:\/\/www.facebook.com\/crome.fr\" \/>\n<meta property=\"article:modified_time\" content=\"2019-10-08T12:42:23+00:00\" \/>\n<meta name=\"twitter:card\" content=\"summary_large_image\" \/>\n<meta name=\"twitter:label1\" content=\"Dur\u00e9e de lecture estim\u00e9e\" \/>\n\t<meta name=\"twitter:data1\" content=\"4 minutes\" \/>\n<script type=\"application\/ld+json\" class=\"yoast-schema-graph\">{\"@context\":\"https:\/\/schema.org\",\"@graph\":[{\"@type\":\"WebPage\",\"@id\":\"https:\/\/www.crome.fr\/osteo-bebe-montpellier\/enfant-adolescent\/\",\"url\":\"https:\/\/www.crome.fr\/osteo-bebe-montpellier\/enfant-adolescent\/\",\"name\":\"Enfant & Adolescent - crOme | Ost\u00e9o b\u00e9b\u00e9 | PMA | Montpellier | 34 |\",\"isPartOf\":{\"@id\":\"https:\/\/www.crome.fr\/osteo-bebe-montpellier\/#website\"},\"datePublished\":\"2016-07-12T18:55:52+00:00\",\"dateModified\":\"2019-10-08T12:42:23+00:00\",\"description\":\"Suivi de croissance, attitude scoliotique et scoliose. Suivi complementaire des traitements en orthodontie - Migraines - Troubles de l'attention au crOme 94 - Maisons Alfort - et crOme 95 - Montmorency\",\"breadcrumb\":{\"@id\":\"https:\/\/www.crome.fr\/osteo-bebe-montpellier\/enfant-adolescent\/#breadcrumb\"},\"inLanguage\":\"fr-FR\",\"potentialAction\":[{\"@type\":\"ReadAction\",\"target\":[\"https:\/\/www.crome.fr\/osteo-bebe-montpellier\/enfant-adolescent\/\"]}]},{\"@type\":\"BreadcrumbList\",\"@id\":\"https:\/\/www.crome.fr\/osteo-bebe-montpellier\/enfant-adolescent\/#breadcrumb\",\"itemListElement\":[{\"@type\":\"ListItem\",\"position\":1,\"name\":\"Accueil\",\"item\":\"https:\/\/www.crome.fr\/osteo-bebe-montpellier\/\"},{\"@type\":\"ListItem\",\"position\":2,\"name\":\"Enfant &#038; Adolescent\"}]},{\"@type\":\"WebSite\",\"@id\":\"https:\/\/www.crome.fr\/osteo-bebe-montpellier\/#website\",\"url\":\"https:\/\/www.crome.fr\/osteo-bebe-montpellier\/\",\"name\":\"crOme | Ost\u00e9o b\u00e9b\u00e9 | PMA | Montpellier | 34 |\",\"description\":\"OSTEO B\u00e9b\u00e9, Enfant, Adolescent situ\u00e9e \u00e0 Montpellier (Assas 34820), Nathalie Gaso, Ost\u00e9opathe sp\u00e9cialis\u00e9e en P\u00e9diatrie et PMA.\",\"potentialAction\":[{\"@type\":\"SearchAction\",\"target\":{\"@type\":\"EntryPoint\",\"urlTemplate\":\"https:\/\/www.crome.fr\/osteo-bebe-montpellier\/?s={search_term_string}\"},\"query-input\":{\"@type\":\"PropertyValueSpecification\",\"valueRequired\":true,\"valueName\":\"search_term_string\"}}],\"inLanguage\":\"fr-FR\"}]}<\/script>\n<!-- \/ Yoast SEO plugin. -->","yoast_head_json":{"title":"Enfant & Adolescent - crOme | Ost\u00e9o b\u00e9b\u00e9 | PMA | Montpellier | 34 |","description":"Suivi de croissance, attitude scoliotique et scoliose. Suivi complementaire des traitements en orthodontie - Migraines - Troubles de l'attention au crOme 94 - Maisons Alfort - et crOme 95 - Montmorency","robots":{"index":"index","follow":"follow","max-snippet":"max-snippet:-1","max-image-preview":"max-image-preview:large","max-video-preview":"max-video-preview:-1"},"canonical":"https:\/\/www.crome.fr\/osteo-bebe-montpellier\/enfant-adolescent\/","og_locale":"fr_FR","og_type":"article","og_title":"Enfant & Adolescent - crOme | Ost\u00e9o b\u00e9b\u00e9 | PMA | Montpellier | 34 |","og_description":"Suivi de croissance, attitude scoliotique et scoliose. Suivi complementaire des traitements en orthodontie - Migraines - Troubles de l'attention au crOme 94 - Maisons Alfort - et crOme 95 - Montmorency","og_url":"https:\/\/www.crome.fr\/osteo-bebe-montpellier\/enfant-adolescent\/","og_site_name":"crOme | Ost\u00e9o b\u00e9b\u00e9 | PMA | Montpellier | 34 |","article_publisher":"https:\/\/www.facebook.com\/crome.fr","article_modified_time":"2019-10-08T12:42:23+00:00","twitter_card":"summary_large_image","twitter_misc":{"Dur\u00e9e de lecture estim\u00e9e":"4 minutes"},"schema":{"@context":"https:\/\/schema.org","@graph":[{"@type":"WebPage","@id":"https:\/\/www.crome.fr\/osteo-bebe-montpellier\/enfant-adolescent\/","url":"https:\/\/www.crome.fr\/osteo-bebe-montpellier\/enfant-adolescent\/","name":"Enfant & Adolescent - crOme | Ost\u00e9o b\u00e9b\u00e9 | PMA | Montpellier | 34 |","isPartOf":{"@id":"https:\/\/www.crome.fr\/osteo-bebe-montpellier\/#website"},"datePublished":"2016-07-12T18:55:52+00:00","dateModified":"2019-10-08T12:42:23+00:00","description":"Suivi de croissance, attitude scoliotique et scoliose. Suivi complementaire des traitements en orthodontie - Migraines - Troubles de l'attention au crOme 94 - Maisons Alfort - et crOme 95 - Montmorency","breadcrumb":{"@id":"https:\/\/www.crome.fr\/osteo-bebe-montpellier\/enfant-adolescent\/#breadcrumb"},"inLanguage":"fr-FR","potentialAction":[{"@type":"ReadAction","target":["https:\/\/www.crome.fr\/osteo-bebe-montpellier\/enfant-adolescent\/"]}]},{"@type":"BreadcrumbList","@id":"https:\/\/www.crome.fr\/osteo-bebe-montpellier\/enfant-adolescent\/#breadcrumb","itemListElement":[{"@type":"ListItem","position":1,"name":"Accueil","item":"https:\/\/www.crome.fr\/osteo-bebe-montpellier\/"},{"@type":"ListItem","position":2,"name":"Enfant &#038; Adolescent"}]},{"@type":"WebSite","@id":"https:\/\/www.crome.fr\/osteo-bebe-montpellier\/#website","url":"https:\/\/www.crome.fr\/osteo-bebe-montpellier\/","name":"crOme | Ost\u00e9o b\u00e9b\u00e9 | PMA | Montpellier | 34 |","description":"OSTEO B\u00e9b\u00e9, Enfant, Adolescent situ\u00e9e \u00e0 Montpellier (Assas 34820), Nathalie Gaso, Ost\u00e9opathe sp\u00e9cialis\u00e9e en P\u00e9diatrie et PMA.","potentialAction":[{"@type":"SearchAction","target":{"@type":"EntryPoint","urlTemplate":"https:\/\/www.crome.fr\/osteo-bebe-montpellier\/?s={search_term_string}"},"query-input":{"@type":"PropertyValueSpecification","valueRequired":true,"valueName":"search_term_string"}}],"inLanguage":"fr-FR"}]}},"_links":{"self":[{"href":"https:\/\/www.crome.fr\/osteo-bebe-montpellier\/wp-json\/wp\/v2\/pages\/3585","targetHints":{"allow":["GET"]}}],"collection":[{"href":"https:\/\/www.crome.fr\/osteo-bebe-montpellier\/wp-json\/wp\/v2\/pages"}],"about":[{"href":"https:\/\/www.crome.fr\/osteo-bebe-montpellier\/wp-json\/wp\/v2\/types\/page"}],"author":[{"embeddable":true,"href":"https:\/\/www.crome.fr\/osteo-bebe-montpellier\/wp-json\/wp\/v2\/users\/1"}],"replies":[{"embeddable":true,"href":"https:\/\/www.crome.fr\/osteo-bebe-montpellier\/wp-json\/wp\/v2\/comments?post=3585"}],"version-history":[{"count":14,"href":"https:\/\/www.crome.fr\/osteo-bebe-montpellier\/wp-json\/wp\/v2\/pages\/3585\/revisions"}],"predecessor-version":[{"id":4583,"href":"https:\/\/www.crome.fr\/osteo-bebe-montpellier\/wp-json\/wp\/v2\/pages\/3585\/revisions\/4583"}],"wp:attachment":[{"href":"https:\/\/www.crome.fr\/osteo-bebe-montpellier\/wp-json\/wp\/v2\/media?parent=3585"}],"curies":[{"name":"wp","href":"https:\/\/api.w.org\/{rel}","templated":true}]}}