{"id":3561,"date":"2016-07-12T18:05:24","date_gmt":"2016-07-12T18:05:24","guid":{"rendered":"http:\/\/cromebeta.a2hosted.com\/?page_id=3561"},"modified":"2026-04-02T08:13:40","modified_gmt":"2026-04-02T06:13:40","slug":"bebe-nourrisson","status":"publish","type":"page","link":"https:\/\/www.crome.fr\/osteo-bebe-montpellier\/bebe-nourrisson\/","title":{"rendered":"B\u00e9b\u00e9 &#038; Nourrisson"},"content":{"rendered":"<p>[vc_row content_width=\u00a0\u00bbgrid\u00a0\u00bb css=\u00a0\u00bb.vc_custom_1468349376846{margin-top: 30px !important;}\u00a0\u00bb][vc_column offset=\u00a0\u00bbvc_col-lg-8 vc_col-md-12&Prime; css=\u00a0\u00bb.vc_custom_1468348551241{padding-right: 7% !important;}\u00a0\u00bb]<div class=\"mkdf-section-title-holder\">\n\t<h2 class=\"mkdf-section-title mkdf-section-title-medium\" style=\"text-align: left\">\n\tMotifs de consultation ost\u00e9o b\u00e9b\u00e9<\/h2>\n<\/div><div class=\"mkdf-unordered-list \" >\n<ul>\n<li><strong>Allaitement<\/strong> : difficult\u00e9 pour t\u00e9ter, <strong>difficult\u00e9s de succion.<\/strong><\/li>\n<li><strong>Articul\u00e9 dentaire<\/strong> (prognathisme, d\u00e9viation mandibulaire, etc.)<\/li>\n<li><strong>Asym\u00e9trie faciale<\/strong> (\u0153il plus petit, bouche ou nez d\u00e9vi\u00e9, oreille plus ant\u00e9rieure ou plus d\u00e9coll\u00e9e, etc.)<\/li>\n<li><strong>Bilan de naissance<\/strong> <strong>et pr\u00e9vention<\/strong> des troubles de croissance.<\/li>\n<li><strong>Cr\u00e2ne plat<\/strong>\u00a0&#8211;\u00a0<strong>Plagioc\u00e9phalie\u00a0<\/strong><br \/>\n<strong>Pour un bon modelage de la t\u00eate plate : une prise en charge la plus PRECOSE possible est indispensable (apr\u00e8s 6 mois, la vitesse de croissance chute et le cr\u00e2ne se densifie) compliquant le travail en ost\u00e9o<\/strong><strong>.<\/strong><\/li>\n<li><strong>Coliques,<\/strong>\u00a0<strong>C<\/strong><strong>onstipation et Gaz<\/strong><\/li>\n<li><strong>Hyperexcitabilit\u00e9<\/strong> du nouveau-n\u00e9,\u00a0 dos et\/ou jambes raides, poings ferm\u00e9s pouce \u00e0 l&rsquo;int\u00e9rieur<\/li>\n<li><strong>Luxation cong\u00e9nitale de hanche<\/strong>. En compl\u00e9ment du port d&rsquo;une culotte d&rsquo;abduction, l&rsquo;ost\u00e9opathie aide \u00e0 r\u00e9duire le temps de traitement orthop\u00e9dique et permet une meilleure r\u00e9cup\u00e9ration.<\/li>\n<li><strong>Orthodontie<\/strong>\u00a0: \u00e9quilibration des changements posturaux et cr\u00e2niens provenant des changements d&rsquo;occlusion.<\/li>\n<li><strong>Otites\u00a0\u00e0 r\u00e9p\u00e9tition &amp; probl\u00e8mes ORL<\/strong><\/li>\n<li><strong>Paralysie faciale ou du plexus brachial obst\u00e9trical \u00a0<\/strong>(non compl\u00e8te). En collaboration avec l&rsquo;orthop\u00e9diste<\/li>\n<li><strong>Pieds varus, pieds bots, talus s\u00e9v\u00e8re<\/strong>, avec le suivi kin\u00e9.<\/li>\n<li><strong>Pr\u00e9matur\u00e9<\/strong> suivi des d\u00e9formations cranio-faciales post n\u00e9onatalogie<\/li>\n<li><strong>R\u00e9gurgitations\/ RGO<\/strong> (reflux gastro-\u0153sophagien) non li\u00e9s \u00e0 une allergie ou \u00e0 une intol\u00e9rance aux prot\u00e9ines de lait de vache<\/li>\n<li>&#8230;.<\/li>\n<\/ul>\n<\/div>[\/vc_column][vc_column offset=\u00a0\u00bbvc_col-lg-4 vc_col-md-12&Prime;]<div class=\"mkdf-animations-holder mkdf-element-from-right\" data-animation=\"mkdf-element-from-right\">\n\t<div style=\"transition-delay: 200ms;-webkit-animation-delay: 200ms;animation-delay: 200ms;animation-duration: 700ms;-webkit-animation-duration: 700ms;-moz-animation-duration: 700ms\">\n\t\t[vc_single_image image=\u00a0\u00bb4093&Prime; img_size=\u00a0\u00bbfull\u00a0\u00bb alignment=\u00a0\u00bbcenter\u00a0\u00bb css=\u00a0\u00bb.vc_custom_1470567102458{margin-top: 30px !important;margin-bottom: 30px !important;}\u00a0\u00bb]\t<\/div>\n\n<\/div><div class=\"mkdf-animations-holder mkdf-element-from-right\" data-animation=\"mkdf-element-from-right\">\n\t<div style=\"transition-delay: 200ms;-webkit-animation-delay: 200ms;animation-delay: 200ms;animation-duration: 700ms;-webkit-animation-duration: 700ms;-moz-animation-duration: 700ms\">\n\t\t[vc_single_image image=\u00a0\u00bb4094&Prime; img_size=\u00a0\u00bbfull\u00a0\u00bb alignment=\u00a0\u00bbcenter\u00a0\u00bb css=\u00a0\u00bb.vc_custom_1470567128806{margin-top: 30px !important;margin-bottom: 30px !important;}\u00a0\u00bb]\t<\/div>\n\n<\/div>[\/vc_column][\/vc_row][vc_row content_width=\u00a0\u00bbgrid\u00a0\u00bb css=\u00a0\u00bb.vc_custom_1468349409319{margin-top: 30px !important;margin-bottom: 30px !important;}\u00a0\u00bb][vc_column offset=\u00a0\u00bbvc_col-lg-12 vc_col-md-12&Prime;]<div class=\"mkdf-section-title-holder\">\n\t<h2 class=\"mkdf-section-title mkdf-section-title-medium\" style=\"text-align: left\">\n\tOst\u00e9opathie et Plagioc\u00e9phalie<\/h2>\n<\/div>[vc_gallery type=\u00a0\u00bbimage_grid\u00a0\u00bb images=\u00a0\u00bb4101,4102,4103,4105,4104&Prime;][\/vc_column][\/vc_row][vc_row content_width=\u00a0\u00bbgrid\u00a0\u00bb css=\u00a0\u00bb.vc_custom_1468349409319{margin-top: 30px !important;margin-bottom: 30px !important;}\u00a0\u00bb][vc_column offset=\u00a0\u00bbvc_col-lg-12 vc_col-md-12&Prime;]<div class=\"mkdf-section-title-holder\">\n\t<h2 class=\"mkdf-section-title mkdf-section-title-medium\" style=\"text-align: left\">\n\tD\u00e9roulement de la consultation<\/h2>\n<\/div>[vc_column_text]L&rsquo;interrogatoire est tr\u00e8s important, ayez avec vous le carnet de sant\u00e9 de l&rsquo;enfant, et les examens pass\u00e9s.<\/p>\n<p>Par la <strong>mobilisation douce et non douloureuse<\/strong>, l&rsquo;ost\u00e9opathe assure la s\u00e9curit\u00e9 des soins. Nous allons examiner le b\u00e9b\u00e9 ou l&rsquo;enfant, son cr\u00e2ne, l&rsquo;ensemble de son corps. Nous allons aussi appr\u00e9cier sa posture, son tonus et sa mobilit\u00e9. Nous allons nous\u00a0efforcer de corriger les \u00e9ventuels d\u00e9s\u00e9quilibres et blocages articulaires et rendre aux diff\u00e9rentes r\u00e9gions du corps leur mobilit\u00e9 optimale.<br \/>\nNous seront \u00e9galement tr\u00e8s attentif au bon d\u00e9veloppement neurologique de l&rsquo;enfant.[\/vc_column_text][vc_single_image image=\u00a0\u00bb3577&Prime; img_size=\u00a0\u00bbfull\u00a0\u00bb alignment=\u00a0\u00bbcenter\u00a0\u00bb css=\u00a0\u00bb.vc_custom_1470567008571{margin-top: 15px !important;margin-bottom: 15px !important;}\u00a0\u00bb][vc_column_text]<strong>Nombre de consultations :<br \/>\n<\/strong><br \/>\nL&rsquo;ost\u00e9opathe sp\u00e9cialis\u00e9 en p\u00e9diatrie va avoir des r\u00e9sultats en 1 \u00e0 3 s\u00e9ances dans la majorit\u00e9 des cas, espac\u00e9 de 3 \u00e0 5 semaines en g\u00e9n\u00e9ral.\u00a0Cependant pour les cas les plus s\u00e9v\u00e8res, il peut avoir recours \u00e0 5, voire 6 s\u00e9ances.<\/p>\n<p>Les ann\u00e9es qui suivent, nous vous conseillons de conserver au moins 1 s\u00e9ance\/an de suivi.[\/vc_column_text][\/vc_column][\/vc_row]<\/p>\n","protected":false},"excerpt":{"rendered":"<p>[vc_row content_width=\u00a0\u00bbgrid\u00a0\u00bb css=\u00a0\u00bb.vc_custom_1468349376846{margin-top: 30px !important;}\u00a0\u00bb][vc_column offset=\u00a0\u00bbvc_col-lg-8 vc_col-md-12&Prime; css=\u00a0\u00bb.vc_custom_1468348551241{padding-right: 7% !important;}\u00a0\u00bb][\/vc_column][vc_column offset=\u00a0\u00bbvc_col-lg-4 vc_col-md-12&Prime;][\/vc_column][\/vc_row][vc_row content_width=\u00a0\u00bbgrid\u00a0\u00bb css=\u00a0\u00bb.vc_custom_1468349409319{margin-top: 30px !important;margin-bottom: 30px !important;}\u00a0\u00bb][vc_column offset=\u00a0\u00bbvc_col-lg-12 vc_col-md-12&Prime;][vc_gallery type=\u00a0\u00bbimage_grid\u00a0\u00bb images=\u00a0\u00bb4101,4102,4103,4105,4104&Prime;][\/vc_column][\/vc_row][vc_row content_width=\u00a0\u00bbgrid\u00a0\u00bb css=\u00a0\u00bb.vc_custom_1468349409319{margin-top: 30px !important;margin-bottom: 30px !important;}\u00a0\u00bb][vc_column offset=\u00a0\u00bbvc_col-lg-12 vc_col-md-12&Prime;][vc_column_text]L&rsquo;interrogatoire est tr\u00e8s&#8230;<\/p>\n","protected":false},"author":1,"featured_media":0,"parent":0,"menu_order":0,"comment_status":"closed","ping_status":"closed","template":"full-width.php","meta":{"_bbp_topic_count":0,"_bbp_reply_count":0,"_bbp_total_topic_count":0,"_bbp_total_reply_count":0,"_bbp_voice_count":0,"_bbp_anonymous_reply_count":0,"_bbp_topic_count_hidden":0,"_bbp_reply_count_hidden":0,"_bbp_forum_subforum_count":0,"om_disable_all_campaigns":false,"_mi_skip_tracking":false,"_monsterinsights_sitenote_active":false,"_monsterinsights_sitenote_note":"","_monsterinsights_sitenote_category":0,"footnotes":""},"class_list":["post-3561","page","type-page","status-publish","hentry"],"yoast_head":"<!-- This site is optimized with the Yoast SEO plugin v26.9 - https:\/\/yoast.com\/product\/yoast-seo-wordpress\/ -->\n<title>B\u00e9b\u00e9 &amp; Nourrisson - crOme | Ost\u00e9o b\u00e9b\u00e9 | PMA | Montpellier | 34 |<\/title>\n<meta name=\"description\" content=\"Le CROME, ost\u00e9opathe b\u00e9b\u00e9; enfant; traitement en ost\u00e9opathie des: cr\u00e2nes plat; torticolis b\u00e9b\u00e9; pr\u00e9matur\u00e9s; troubles du sommeil; nervosit\u00e9; reflux (RGO); coliques; otites \u00e0 r\u00e9p\u00e9tition; suivi orthodontie et suivi de croissance\" \/>\n<meta name=\"robots\" content=\"index, follow, max-snippet:-1, max-image-preview:large, max-video-preview:-1\" \/>\n<link rel=\"canonical\" href=\"https:\/\/www.crome.fr\/osteo-bebe-montpellier\/bebe-nourrisson\/\" \/>\n<meta property=\"og:locale\" content=\"fr_FR\" \/>\n<meta property=\"og:type\" content=\"article\" \/>\n<meta property=\"og:title\" content=\"B\u00e9b\u00e9 &amp; Nourrisson - crOme | Ost\u00e9o b\u00e9b\u00e9 | PMA | Montpellier | 34 |\" \/>\n<meta property=\"og:description\" content=\"Le CROME, ost\u00e9opathe b\u00e9b\u00e9; enfant; traitement en ost\u00e9opathie des: cr\u00e2nes plat; torticolis b\u00e9b\u00e9; pr\u00e9matur\u00e9s; troubles du sommeil; nervosit\u00e9; reflux (RGO); coliques; otites \u00e0 r\u00e9p\u00e9tition; suivi orthodontie et suivi de croissance\" \/>\n<meta property=\"og:url\" content=\"https:\/\/www.crome.fr\/osteo-bebe-montpellier\/bebe-nourrisson\/\" \/>\n<meta property=\"og:site_name\" content=\"crOme | Ost\u00e9o b\u00e9b\u00e9 | PMA | Montpellier | 34 |\" \/>\n<meta property=\"article:publisher\" content=\"https:\/\/www.facebook.com\/crome.fr\" \/>\n<meta property=\"article:modified_time\" content=\"2026-04-02T06:13:40+00:00\" \/>\n<meta name=\"twitter:card\" content=\"summary_large_image\" \/>\n<meta name=\"twitter:label1\" content=\"Dur\u00e9e de lecture estim\u00e9e\" \/>\n\t<meta name=\"twitter:data1\" content=\"4 minutes\" \/>\n<script type=\"application\/ld+json\" class=\"yoast-schema-graph\">{\"@context\":\"https:\/\/schema.org\",\"@graph\":[{\"@type\":\"WebPage\",\"@id\":\"https:\/\/www.crome.fr\/osteo-bebe-montpellier\/bebe-nourrisson\/\",\"url\":\"https:\/\/www.crome.fr\/osteo-bebe-montpellier\/bebe-nourrisson\/\",\"name\":\"B\u00e9b\u00e9 & Nourrisson - crOme | Ost\u00e9o b\u00e9b\u00e9 | PMA | Montpellier | 34 |\",\"isPartOf\":{\"@id\":\"https:\/\/www.crome.fr\/osteo-bebe-montpellier\/#website\"},\"datePublished\":\"2016-07-12T18:05:24+00:00\",\"dateModified\":\"2026-04-02T06:13:40+00:00\",\"description\":\"Le CROME, ost\u00e9opathe b\u00e9b\u00e9; enfant; traitement en ost\u00e9opathie des: cr\u00e2nes plat; torticolis b\u00e9b\u00e9; pr\u00e9matur\u00e9s; troubles du sommeil; nervosit\u00e9; reflux (RGO); coliques; otites \u00e0 r\u00e9p\u00e9tition; suivi orthodontie et suivi de croissance\",\"breadcrumb\":{\"@id\":\"https:\/\/www.crome.fr\/osteo-bebe-montpellier\/bebe-nourrisson\/#breadcrumb\"},\"inLanguage\":\"fr-FR\",\"potentialAction\":[{\"@type\":\"ReadAction\",\"target\":[\"https:\/\/www.crome.fr\/osteo-bebe-montpellier\/bebe-nourrisson\/\"]}]},{\"@type\":\"BreadcrumbList\",\"@id\":\"https:\/\/www.crome.fr\/osteo-bebe-montpellier\/bebe-nourrisson\/#breadcrumb\",\"itemListElement\":[{\"@type\":\"ListItem\",\"position\":1,\"name\":\"Accueil\",\"item\":\"https:\/\/www.crome.fr\/osteo-bebe-montpellier\/\"},{\"@type\":\"ListItem\",\"position\":2,\"name\":\"B\u00e9b\u00e9 &#038; Nourrisson\"}]},{\"@type\":\"WebSite\",\"@id\":\"https:\/\/www.crome.fr\/osteo-bebe-montpellier\/#website\",\"url\":\"https:\/\/www.crome.fr\/osteo-bebe-montpellier\/\",\"name\":\"crOme | Ost\u00e9o b\u00e9b\u00e9 | PMA | Montpellier | 34 |\",\"description\":\"OSTEO B\u00e9b\u00e9, Enfant, Adolescent situ\u00e9e \u00e0 Montpellier (Assas 34820), Nathalie Gaso, Ost\u00e9opathe sp\u00e9cialis\u00e9e en P\u00e9diatrie et PMA.\",\"potentialAction\":[{\"@type\":\"SearchAction\",\"target\":{\"@type\":\"EntryPoint\",\"urlTemplate\":\"https:\/\/www.crome.fr\/osteo-bebe-montpellier\/?s={search_term_string}\"},\"query-input\":{\"@type\":\"PropertyValueSpecification\",\"valueRequired\":true,\"valueName\":\"search_term_string\"}}],\"inLanguage\":\"fr-FR\"}]}<\/script>\n<!-- \/ Yoast SEO plugin. -->","yoast_head_json":{"title":"B\u00e9b\u00e9 & Nourrisson - crOme | Ost\u00e9o b\u00e9b\u00e9 | PMA | Montpellier | 34 |","description":"Le CROME, ost\u00e9opathe b\u00e9b\u00e9; enfant; traitement en ost\u00e9opathie des: cr\u00e2nes plat; torticolis b\u00e9b\u00e9; pr\u00e9matur\u00e9s; troubles du sommeil; nervosit\u00e9; reflux (RGO); coliques; otites \u00e0 r\u00e9p\u00e9tition; suivi orthodontie et suivi de croissance","robots":{"index":"index","follow":"follow","max-snippet":"max-snippet:-1","max-image-preview":"max-image-preview:large","max-video-preview":"max-video-preview:-1"},"canonical":"https:\/\/www.crome.fr\/osteo-bebe-montpellier\/bebe-nourrisson\/","og_locale":"fr_FR","og_type":"article","og_title":"B\u00e9b\u00e9 & Nourrisson - crOme | Ost\u00e9o b\u00e9b\u00e9 | PMA | Montpellier | 34 |","og_description":"Le CROME, ost\u00e9opathe b\u00e9b\u00e9; enfant; traitement en ost\u00e9opathie des: cr\u00e2nes plat; torticolis b\u00e9b\u00e9; pr\u00e9matur\u00e9s; troubles du sommeil; nervosit\u00e9; reflux (RGO); coliques; otites \u00e0 r\u00e9p\u00e9tition; suivi orthodontie et suivi de croissance","og_url":"https:\/\/www.crome.fr\/osteo-bebe-montpellier\/bebe-nourrisson\/","og_site_name":"crOme | Ost\u00e9o b\u00e9b\u00e9 | PMA | Montpellier | 34 |","article_publisher":"https:\/\/www.facebook.com\/crome.fr","article_modified_time":"2026-04-02T06:13:40+00:00","twitter_card":"summary_large_image","twitter_misc":{"Dur\u00e9e de lecture estim\u00e9e":"4 minutes"},"schema":{"@context":"https:\/\/schema.org","@graph":[{"@type":"WebPage","@id":"https:\/\/www.crome.fr\/osteo-bebe-montpellier\/bebe-nourrisson\/","url":"https:\/\/www.crome.fr\/osteo-bebe-montpellier\/bebe-nourrisson\/","name":"B\u00e9b\u00e9 & Nourrisson - crOme | Ost\u00e9o b\u00e9b\u00e9 | PMA | Montpellier | 34 |","isPartOf":{"@id":"https:\/\/www.crome.fr\/osteo-bebe-montpellier\/#website"},"datePublished":"2016-07-12T18:05:24+00:00","dateModified":"2026-04-02T06:13:40+00:00","description":"Le CROME, ost\u00e9opathe b\u00e9b\u00e9; enfant; traitement en ost\u00e9opathie des: cr\u00e2nes plat; torticolis b\u00e9b\u00e9; pr\u00e9matur\u00e9s; troubles du sommeil; nervosit\u00e9; reflux (RGO); coliques; otites \u00e0 r\u00e9p\u00e9tition; suivi orthodontie et suivi de croissance","breadcrumb":{"@id":"https:\/\/www.crome.fr\/osteo-bebe-montpellier\/bebe-nourrisson\/#breadcrumb"},"inLanguage":"fr-FR","potentialAction":[{"@type":"ReadAction","target":["https:\/\/www.crome.fr\/osteo-bebe-montpellier\/bebe-nourrisson\/"]}]},{"@type":"BreadcrumbList","@id":"https:\/\/www.crome.fr\/osteo-bebe-montpellier\/bebe-nourrisson\/#breadcrumb","itemListElement":[{"@type":"ListItem","position":1,"name":"Accueil","item":"https:\/\/www.crome.fr\/osteo-bebe-montpellier\/"},{"@type":"ListItem","position":2,"name":"B\u00e9b\u00e9 &#038; Nourrisson"}]},{"@type":"WebSite","@id":"https:\/\/www.crome.fr\/osteo-bebe-montpellier\/#website","url":"https:\/\/www.crome.fr\/osteo-bebe-montpellier\/","name":"crOme | Ost\u00e9o b\u00e9b\u00e9 | PMA | Montpellier | 34 |","description":"OSTEO B\u00e9b\u00e9, Enfant, Adolescent situ\u00e9e \u00e0 Montpellier (Assas 34820), Nathalie Gaso, Ost\u00e9opathe sp\u00e9cialis\u00e9e en P\u00e9diatrie et PMA.","potentialAction":[{"@type":"SearchAction","target":{"@type":"EntryPoint","urlTemplate":"https:\/\/www.crome.fr\/osteo-bebe-montpellier\/?s={search_term_string}"},"query-input":{"@type":"PropertyValueSpecification","valueRequired":true,"valueName":"search_term_string"}}],"inLanguage":"fr-FR"}]}},"_links":{"self":[{"href":"https:\/\/www.crome.fr\/osteo-bebe-montpellier\/wp-json\/wp\/v2\/pages\/3561","targetHints":{"allow":["GET"]}}],"collection":[{"href":"https:\/\/www.crome.fr\/osteo-bebe-montpellier\/wp-json\/wp\/v2\/pages"}],"about":[{"href":"https:\/\/www.crome.fr\/osteo-bebe-montpellier\/wp-json\/wp\/v2\/types\/page"}],"author":[{"embeddable":true,"href":"https:\/\/www.crome.fr\/osteo-bebe-montpellier\/wp-json\/wp\/v2\/users\/1"}],"replies":[{"embeddable":true,"href":"https:\/\/www.crome.fr\/osteo-bebe-montpellier\/wp-json\/wp\/v2\/comments?post=3561"}],"version-history":[{"count":45,"href":"https:\/\/www.crome.fr\/osteo-bebe-montpellier\/wp-json\/wp\/v2\/pages\/3561\/revisions"}],"predecessor-version":[{"id":4868,"href":"https:\/\/www.crome.fr\/osteo-bebe-montpellier\/wp-json\/wp\/v2\/pages\/3561\/revisions\/4868"}],"wp:attachment":[{"href":"https:\/\/www.crome.fr\/osteo-bebe-montpellier\/wp-json\/wp\/v2\/media?parent=3561"}],"curies":[{"name":"wp","href":"https:\/\/api.w.org\/{rel}","templated":true}]}}